{"id":29272,"date":"2025-05-11T01:27:13","date_gmt":"2025-05-10T23:27:13","guid":{"rendered":"https:\/\/suittoeyewear.com\/modelo\/tur\/"},"modified":"2025-05-25T09:43:33","modified_gmt":"2025-05-25T07:43:33","slug":"tur","status":"publish","type":"product","link":"https:\/\/suittoeyewear.com\/ca\/model\/tur\/","title":{"rendered":"TUR"},"content":{"rendered":"<p>Alan Mathison Turing, (Londres, 1912\u2013Wilmslow, 1954), matem\u00e0tic, cript\u00f2graf, fil\u00f2sof i maratoni\u00e0. Considerat un dels pares de la ci\u00e8ncia de la computaci\u00f3 i precursor de la inform\u00e0tica moderna. Durant la segona guerra mundial, va treballar a desxifrar els codis nazis. Va ser processat per homosexualitat i dos anys despr\u00e9s de la seva condemna va morir, segons la versi\u00f3 oficial per su\u00efcidi, encara que se sospita que va ser assassinat.   <\/p>\n","protected":false},"excerpt":{"rendered":"<p>Alan Mathison Turing, (Londres, 1912\u2013Wilmslow, 1954), matem\u00e0tic, cript\u00f2graf, fil\u00f2sof i maratoni\u00e0. Considerat un dels pares de la ci\u00e8ncia de la computaci\u00f3 i precursor de la inform\u00e0tica moderna. Durant la segona guerra mundial, va treballar a desxifrar els codis nazis. Va ser processat per homosexualitat i dos anys despr\u00e9s de la seva condemna va morir, segons [&hellip;]<\/p>\n","protected":false},"featured_media":24074,"template":"","meta":{"_acf_changed":false},"product_brand":[],"product_cat":[339,336],"product_tag":[341],"class_list":{"0":"post-29272","1":"product","2":"type-product","3":"status-publish","4":"has-post-thumbnail","6":"product_cat-tested-on-faces-ca","7":"product_cat-tested-on-faces-home","8":"product_tag-vista-ca-2","9":"pa_tonalidad-de-color-01-ca","10":"pa_tonalidad-de-color-11r-ca","11":"pa_tonalidad-de-color-2333-ca","12":"pa_tonalidad-de-color-2847-ca","14":"first","15":"instock","16":"purchasable","17":"product-type-variable"},"acf":[],"_links":{"self":[{"href":"https:\/\/suittoeyewear.com\/ca\/wp-json\/wp\/v2\/product\/29272","targetHints":{"allow":["GET"]}}],"collection":[{"href":"https:\/\/suittoeyewear.com\/ca\/wp-json\/wp\/v2\/product"}],"about":[{"href":"https:\/\/suittoeyewear.com\/ca\/wp-json\/wp\/v2\/types\/product"}],"wp:featuredmedia":[{"embeddable":true,"href":"https:\/\/suittoeyewear.com\/ca\/wp-json\/wp\/v2\/media\/24074"}],"wp:attachment":[{"href":"https:\/\/suittoeyewear.com\/ca\/wp-json\/wp\/v2\/media?parent=29272"}],"wp:term":[{"taxonomy":"product_brand","embeddable":true,"href":"https:\/\/suittoeyewear.com\/ca\/wp-json\/wp\/v2\/product_brand?post=29272"},{"taxonomy":"product_cat","embeddable":true,"href":"https:\/\/suittoeyewear.com\/ca\/wp-json\/wp\/v2\/product_cat?post=29272"},{"taxonomy":"product_tag","embeddable":true,"href":"https:\/\/suittoeyewear.com\/ca\/wp-json\/wp\/v2\/product_tag?post=29272"}],"curies":[{"name":"wp","href":"https:\/\/api.w.org\/{rel}","templated":true}]}}