{"id":29291,"date":"2025-05-11T01:26:43","date_gmt":"2025-05-10T23:26:43","guid":{"rendered":"https:\/\/suittoeyewear.com\/modelo\/tompouce\/"},"modified":"2025-05-25T09:43:34","modified_gmt":"2025-05-25T07:43:34","slug":"tompouce","status":"publish","type":"product","link":"https:\/\/suittoeyewear.com\/ca\/model\/tompouce\/","title":{"rendered":"TOMPOUCE"},"content":{"rendered":"<p>Aquest past\u00eds neerland\u00e8s, el Tompouce, es compon de capes de pasta de full cruixent i una crema pastissera densa, coronat per un glacejat rosa brillant. La seva estructura ferma i la textura suau el converteixen en un past\u00eds de car\u00e0cter, amb un disseny que \u00e9s tan prec\u00eds com el seu sabor. Una pe\u00e7a que ressalta la perfecci\u00f3 a cada capa, elegantment festiva i sorprenentment lleugera.  <\/p>\n","protected":false},"excerpt":{"rendered":"<p>Aquest past\u00eds neerland\u00e8s, el Tompouce, es compon de capes de pasta de full cruixent i una crema pastissera densa, coronat per un glacejat rosa brillant. La seva estructura ferma i la textura suau el converteixen en un past\u00eds de car\u00e0cter, amb un disseny que \u00e9s tan prec\u00eds com el seu sabor. Una pe\u00e7a que ressalta [&hellip;]<\/p>\n","protected":false},"featured_media":22490,"template":"","meta":{"_acf_changed":false},"product_brand":[],"product_cat":[388,393],"product_tag":[341],"class_list":{"0":"post-29291","1":"product","2":"type-product","3":"status-publish","4":"has-post-thumbnail","6":"product_cat-sybarite-ca","7":"product_cat-sybarite-home","8":"product_tag-vista-ca-2","9":"pa_tonalidad-de-color-01-ca","10":"pa_tonalidad-de-color-60r-ca","11":"pa_tonalidad-de-color-85-ca","12":"pa_tonalidad-de-color-92-ca","14":"first","15":"instock","16":"purchasable","17":"product-type-variable"},"acf":[],"_links":{"self":[{"href":"https:\/\/suittoeyewear.com\/ca\/wp-json\/wp\/v2\/product\/29291","targetHints":{"allow":["GET"]}}],"collection":[{"href":"https:\/\/suittoeyewear.com\/ca\/wp-json\/wp\/v2\/product"}],"about":[{"href":"https:\/\/suittoeyewear.com\/ca\/wp-json\/wp\/v2\/types\/product"}],"wp:featuredmedia":[{"embeddable":true,"href":"https:\/\/suittoeyewear.com\/ca\/wp-json\/wp\/v2\/media\/22490"}],"wp:attachment":[{"href":"https:\/\/suittoeyewear.com\/ca\/wp-json\/wp\/v2\/media?parent=29291"}],"wp:term":[{"taxonomy":"product_brand","embeddable":true,"href":"https:\/\/suittoeyewear.com\/ca\/wp-json\/wp\/v2\/product_brand?post=29291"},{"taxonomy":"product_cat","embeddable":true,"href":"https:\/\/suittoeyewear.com\/ca\/wp-json\/wp\/v2\/product_cat?post=29291"},{"taxonomy":"product_tag","embeddable":true,"href":"https:\/\/suittoeyewear.com\/ca\/wp-json\/wp\/v2\/product_tag?post=29291"}],"curies":[{"name":"wp","href":"https:\/\/api.w.org\/{rel}","templated":true}]}}