{"id":29318,"date":"2025-05-11T01:18:38","date_gmt":"2025-05-10T23:18:38","guid":{"rendered":"https:\/\/suittoeyewear.com\/modelo\/paris-brest\/"},"modified":"2025-05-25T09:44:46","modified_gmt":"2025-05-25T07:44:46","slug":"paris-brest","status":"publish","type":"product","link":"https:\/\/suittoeyewear.com\/ca\/model\/paris-brest\/","title":{"rendered":"PARIS-BREST"},"content":{"rendered":"<p>Creat en 1910 com a homenatge a una carrera ciclista, el Paris-Brest r\u00e0pidament es va convertir en s\u00edmbol de sofisticaci\u00f3 i aud\u00e0cia. i modernitat en una experi\u00e8ncia que es gaudeix amb cada mos.  <\/p>\n","protected":false},"excerpt":{"rendered":"<p>Creat en 1910 com a homenatge a una carrera ciclista, el Paris-Brest r\u00e0pidament es va convertir en s\u00edmbol de sofisticaci\u00f3 i aud\u00e0cia. i modernitat en una experi\u00e8ncia que es gaudeix amb cada mos.<\/p>\n","protected":false},"featured_media":22370,"template":"","meta":{"_acf_changed":false},"product_brand":[],"product_cat":[388,389],"product_tag":[340,341],"class_list":{"0":"post-29318","1":"product","2":"type-product","3":"status-publish","4":"has-post-thumbnail","6":"product_cat-sybarite-ca","7":"product_cat-sybarite-dona","8":"product_tag-novetat","9":"product_tag-vista-ca-2","10":"pa_tonalidad-de-color-77-ca","11":"pa_tonalidad-de-color-82-ca","12":"pa_tonalidad-de-color-92-ca","13":"pa_tonalidad-de-color-01-ca","15":"first","16":"instock","17":"purchasable","18":"product-type-variable"},"acf":[],"_links":{"self":[{"href":"https:\/\/suittoeyewear.com\/ca\/wp-json\/wp\/v2\/product\/29318","targetHints":{"allow":["GET"]}}],"collection":[{"href":"https:\/\/suittoeyewear.com\/ca\/wp-json\/wp\/v2\/product"}],"about":[{"href":"https:\/\/suittoeyewear.com\/ca\/wp-json\/wp\/v2\/types\/product"}],"wp:featuredmedia":[{"embeddable":true,"href":"https:\/\/suittoeyewear.com\/ca\/wp-json\/wp\/v2\/media\/22370"}],"wp:attachment":[{"href":"https:\/\/suittoeyewear.com\/ca\/wp-json\/wp\/v2\/media?parent=29318"}],"wp:term":[{"taxonomy":"product_brand","embeddable":true,"href":"https:\/\/suittoeyewear.com\/ca\/wp-json\/wp\/v2\/product_brand?post=29318"},{"taxonomy":"product_cat","embeddable":true,"href":"https:\/\/suittoeyewear.com\/ca\/wp-json\/wp\/v2\/product_cat?post=29318"},{"taxonomy":"product_tag","embeddable":true,"href":"https:\/\/suittoeyewear.com\/ca\/wp-json\/wp\/v2\/product_tag?post=29318"}],"curies":[{"name":"wp","href":"https:\/\/api.w.org\/{rel}","templated":true}]}}