{"id":17370,"date":"2020-06-25T11:22:44","date_gmt":"2020-06-25T09:22:44","guid":{"rendered":"https:\/\/suittoeyewear.com\/politique-de-confidentialite\/"},"modified":"2025-05-26T18:14:46","modified_gmt":"2025-05-26T16:14:46","slug":"politique-de-confidentialite","status":"publish","type":"page","link":"https:\/\/suittoeyewear.com\/fr\/politique-de-confidentialite\/","title":{"rendered":"Politique de confidentialit\u00e9"},"content":{"rendered":"\t\t<div data-elementor-type=\"wp-page\" data-elementor-id=\"17370\" class=\"elementor elementor-17370 elementor-4283\" data-elementor-post-type=\"page\">\n\t\t\t\t<div class=\"elementor-element elementor-element-3c65f81f e-flex e-con-boxed e-con e-parent\" data-id=\"3c65f81f\" data-element_type=\"container\" data-e-type=\"container\">\n\t\t\t\t\t<div class=\"e-con-inner\">\n\t\t\t\t<div class=\"elementor-element elementor-element-69de389e elementor-widget elementor-widget-text-editor\" data-id=\"69de389e\" data-element_type=\"widget\" data-e-type=\"widget\" data-widget_type=\"text-editor.default\">\n\t\t\t\t<div class=\"elementor-widget-container\">\n\t\t\t\t\t\t\t\t\t\n<h2><strong>Qui est responsable du traitement des donn\u00e9es personnelles collect\u00e9es sur le site web ?<\/strong><\/h2>\n\n<p>Cette politique de confidentialit\u00e9 s&rsquo;applique \u00e0 toutes les donn\u00e9es personnelles fournies par l&rsquo;utilisateur \u00e0 Gamma Extra, S.L., l&rsquo;entit\u00e9 l\u00e9gale responsable de la collecte et du traitement des donn\u00e9es personnelles. Gamma Extra, S.L. est la soci\u00e9t\u00e9 responsable du traitement des donn\u00e9es personnelles que l&rsquo;utilisateur fournit par le biais de ce site Web, assumant la responsabilit\u00e9 de celles-ci conform\u00e9ment aux dispositions de la l\u00e9gislation en vigueur sur la protection des donn\u00e9es personnelles : R\u00e8glement (UE) 2016\/679 du Parlement europ\u00e9en et du Conseil du 27 avril 2016 relatif \u00e0 la protection des personnes physiques \u00e0 l&rsquo;\u00e9gard du traitement des donn\u00e9es \u00e0 caract\u00e8re personnel et \u00e0 la libre circulation de ces donn\u00e9es.<\/p>\n\n<p>Aux fins de la pr\u00e9sente politique de confidentialit\u00e9, on entend par \u00ab\u00a0utilisateur\u00a0\u00bb toute personne physique int\u00e9ress\u00e9e par les produits et services que Gamma Extra, S.L. propose sur son site web. Gamma Extra, S.L., en tant que responsable du traitement, demandera, avant de fournir des donn\u00e9es \u00e0 caract\u00e8re personnel, le consentement expr\u00e8s de l&rsquo;utilisateur \u00e0 la pr\u00e9sente politique de confidentialit\u00e9, lorsque cela est n\u00e9cessaire et pour tout autre aspect n\u00e9cessitant l&rsquo;autorisation pr\u00e9alable de l&rsquo;utilisateur. L&rsquo;objectif de la politique de confidentialit\u00e9 de Gamma Extra, S.L. est de rendre transparente l&rsquo;information sur la mani\u00e8re dont nous traitons vos donn\u00e9es et de prot\u00e9ger l&rsquo;information sur Internet et les donn\u00e9es que l&rsquo;utilisateur peut introduire sur le site Web.<\/p>\n\n<p>L&rsquo;utilisateur peut contacter Gamma Extra, S.L. \u00e0 l&rsquo;adresse dataprivacy@suittoeyewear.com pour toute question ou besoin concernant la protection des donn\u00e9es.<\/p>\n\n<h2><strong>Donn\u00e9es personnelles trait\u00e9es et finalit\u00e9 du traitement<\/strong><\/h2>\n\n<p>Les cat\u00e9gories de donn\u00e9es et la finalit\u00e9 de leur traitement par Gamma Extra, S.L. sont indiqu\u00e9es ci-dessous :<\/p>\n\n<p>des objectifs :<\/p>\n\n<p>&#8211; Pour g\u00e9rer et administrer les demandes faites par les utilisateurs en relation avec la gestion des requ\u00eates, des demandes de propositions et des suggestions concernant nos produits et services.<\/p>\n\n<p><strong>Cat\u00e9gorie de donn\u00e9es<\/strong><\/p>\n\n<p>Coordonn\u00e9es : nom et pr\u00e9nom, num\u00e9ro de t\u00e9l\u00e9phone et adresse \u00e9lectronique<\/p>\n\n<h2><strong>Conservation des donn\u00e9es<\/strong><\/h2>\n\n<p>Nous conservons les donn\u00e9es fournies par le biais de nos formulaires de contact pendant une p\u00e9riode de 24 mois et\/ou jusqu&rsquo;au d\u00e9lai de prescription pour toute action l\u00e9gale qui pourrait survenir.<\/p>\n\n<h2><strong>L\u00e9gitimation du traitement<\/strong><\/h2>\n\n<p>La base juridique du traitement d\u00e9crit dans le paragraphe pr\u00e9c\u00e9dent est :<\/p>\n\n<p>&#8211; Le consentement demand\u00e9 \u00e0 l&rsquo;utilisateur<\/p>\n\n<p>L&rsquo;utilisateur peut, \u00e0 tout moment, contacter notre d\u00e9l\u00e9gu\u00e9 \u00e0 la protection des donn\u00e9es (DPD) ou le responsable du traitement, r\u00e9voquer le consentement et\/ou exercer ses droits d&rsquo;acc\u00e8s, de rectification, d&rsquo;effacement, de portabilit\u00e9 des donn\u00e9es, d&rsquo;opposition et de limitation du traitement, en \u00e9crivant au DPD \u00e0 l&rsquo;adresse \u00e9lectronique suivante : <a href=\"mailto:dataprivacy@suittoeyewear.com\">dataprivacy@suittoeyewear.com<\/a>.<\/p>\n\n<p>Si l&rsquo;utilisateur estime que ses droits ont \u00e9t\u00e9 viol\u00e9s, il a \u00e9galement le droit de d\u00e9poser une plainte aupr\u00e8s de l&rsquo;autorit\u00e9 de contr\u00f4le comp\u00e9tente.<\/p>\n\n<p>Outre les droits susmentionn\u00e9s, l&rsquo;utilisateur a le droit de retirer le consentement donn\u00e9 \u00e0 tout moment au moyen de la proc\u00e9dure d\u00e9crite ci-dessus, sans que ce retrait de consentement n&rsquo;affecte la l\u00e9galit\u00e9 du traitement effectu\u00e9 avant le retrait du consentement. Gamma Extra S.L. peut continuer \u00e0 traiter les donn\u00e9es de l&rsquo;utilisateur dans la mesure o\u00f9 la loi applicable le permet.<\/p>\n\t\t\t\t\t\t\t\t<\/div>\n\t\t\t\t<\/div>\n\t\t\t\t\t<\/div>\n\t\t\t\t<\/div>\n\t\t\t\t<\/div>\n\t\t","protected":false},"excerpt":{"rendered":"<p>Qui est responsable du traitement des donn\u00e9es personnelles collect\u00e9es sur le site web ? Cette politique de confidentialit\u00e9 s&rsquo;applique \u00e0 toutes les donn\u00e9es personnelles fournies par l&rsquo;utilisateur \u00e0 Gamma Extra, S.L., l&rsquo;entit\u00e9 l\u00e9gale responsable de la collecte et du traitement des donn\u00e9es personnelles. Gamma Extra, S.L. est la soci\u00e9t\u00e9 responsable du traitement des donn\u00e9es personnelles [&hellip;]<\/p>\n","protected":false},"author":6,"featured_media":0,"parent":0,"menu_order":0,"comment_status":"closed","ping_status":"closed","template":"","meta":{"_acf_changed":false,"footnotes":""},"class_list":["post-17370","page","type-page","status-publish","hentry"],"acf":[],"_links":{"self":[{"href":"https:\/\/suittoeyewear.com\/fr\/wp-json\/wp\/v2\/pages\/17370","targetHints":{"allow":["GET"]}}],"collection":[{"href":"https:\/\/suittoeyewear.com\/fr\/wp-json\/wp\/v2\/pages"}],"about":[{"href":"https:\/\/suittoeyewear.com\/fr\/wp-json\/wp\/v2\/types\/page"}],"author":[{"embeddable":true,"href":"https:\/\/suittoeyewear.com\/fr\/wp-json\/wp\/v2\/users\/6"}],"replies":[{"embeddable":true,"href":"https:\/\/suittoeyewear.com\/fr\/wp-json\/wp\/v2\/comments?post=17370"}],"version-history":[{"count":0,"href":"https:\/\/suittoeyewear.com\/fr\/wp-json\/wp\/v2\/pages\/17370\/revisions"}],"wp:attachment":[{"href":"https:\/\/suittoeyewear.com\/fr\/wp-json\/wp\/v2\/media?parent=17370"}],"curies":[{"name":"wp","href":"https:\/\/api.w.org\/{rel}","templated":true}]}}