{"id":18735,"date":"2020-06-25T11:40:05","date_gmt":"2020-06-25T09:40:05","guid":{"rendered":"https:\/\/suittoeyewear.com\/politique-en-matiere-de-cookies\/"},"modified":"2025-05-25T20:35:37","modified_gmt":"2025-05-25T18:35:37","slug":"politique-en-matiere-de-cookies","status":"publish","type":"page","link":"https:\/\/suittoeyewear.com\/fr\/politique-en-matiere-de-cookies\/","title":{"rendered":"Politique en mati\u00e8re de cookies"},"content":{"rendered":"\t\t<div data-elementor-type=\"wp-page\" data-elementor-id=\"18735\" class=\"elementor elementor-18735 elementor-4286\" data-elementor-post-type=\"page\">\n\t\t\t\t<div class=\"elementor-element elementor-element-5be85277 e-flex e-con-boxed e-con e-parent\" data-id=\"5be85277\" data-element_type=\"container\" data-e-type=\"container\">\n\t\t\t\t\t<div class=\"e-con-inner\">\n\t\t\t\t<div class=\"elementor-element elementor-element-3f3ca12 elementor-widget elementor-widget-text-editor\" data-id=\"3f3ca12\" data-element_type=\"widget\" data-e-type=\"widget\" data-widget_type=\"text-editor.default\">\n\t\t\t\t<div class=\"elementor-widget-container\">\n\t\t\t\t\t\t\t\t\t\n<p>Ce site web utilise des cookies tiers et propres pour vous offrir une meilleure exp\u00e9rience de navigation, pour partager des contenus sur les r\u00e9seaux sociaux et pour nous permettre d&rsquo;obtenir des statistiques d&rsquo;utilisation.<br \/><br \/>Vous pouvez emp\u00eacher le t\u00e9l\u00e9chargement de cookies par le biais des param\u00e8tres de votre navigateur, ce qui emp\u00eache les cookies d&rsquo;\u00eatre stock\u00e9s sur votre appareil.<br \/><br \/>En tant que propri\u00e9taire de ce site web, je tiens \u00e0 vous informer que nous n&rsquo;utilisons aucune information personnelle provenant des cookies, nous ne faisons que des statistiques g\u00e9n\u00e9rales de visites qui n&rsquo;impliquent aucune information personnelle.<br \/><br \/>Il est tr\u00e8s important que vous lisiez cette politique en mati\u00e8re de cookies et que vous compreniez que si vous continuez \u00e0 naviguer, nous consid\u00e9rerons que vous en acceptez l&rsquo;utilisation.<br \/><br \/>Conform\u00e9ment aux dispositions de l&rsquo;article 22.2 de la loi 34\/2002 sur les services de la soci\u00e9t\u00e9 de l&rsquo;information et le commerce \u00e9lectronique, si vous continuez \u00e0 naviguer, vous donnerez votre consentement \u00e0 l&rsquo;utilisation des m\u00e9canismes susmentionn\u00e9s.<\/p>\n\n<h3>Entit\u00e9 responsable<\/h3>\n\n<p>Le responsable de la collecte, du traitement et de l&rsquo;utilisation de vos donn\u00e9es personnelles, au sens de la loi sur la protection des donn\u00e9es personnelles, est le site web https:\/\/new.suittoeyewear.com, propri\u00e9t\u00e9 de Gamma Extra S.L. &#8211; Carrer de l&rsquo;Institut Frenop\u00e0tic, 5 08028 Barcelona Spain.<\/p>\n\n<h3>Qu&rsquo;est-ce qu&rsquo;un biscuit ?<\/h3>\n\n<p>Les cookies sont un ensemble de donn\u00e9es qu&rsquo;un serveur d\u00e9pose dans le navigateur de l&rsquo;utilisateur pour collecter des informations de journal Internet standard et des informations sur le comportement des visiteurs d&rsquo;un site web. En d&rsquo;autres termes, il s&rsquo;agit de petits fichiers texte qui sont stock\u00e9s sur le disque dur de l&rsquo;ordinateur et qui permettent d&rsquo;identifier l&rsquo;utilisateur lorsqu&rsquo;il se connecte \u00e0 nouveau au site web. Ils ont pour but d&rsquo;enregistrer la visite de l&rsquo;utilisateur et de stocker certaines informations. Leur utilisation est courante et fr\u00e9quente sur le web car ils permettent aux pages de fonctionner plus efficacement et d&rsquo;obtenir une plus grande personnalisation et une meilleure analyse du comportement de l&rsquo;utilisateur.<\/p>\n\n<h3>Quels sont les types de cookies ?<\/h3>\n\n<p>Les cookies utilis\u00e9s sur notre site web sont des cookies de session et de tiers, qui nous permettent de stocker et d&rsquo;acc\u00e9der \u00e0 des informations relatives \u00e0 la langue, au type de navigateur utilis\u00e9 et \u00e0 d&rsquo;autres caract\u00e9ristiques g\u00e9n\u00e9rales pr\u00e9d\u00e9finies par l&rsquo;utilisateur, ainsi que de surveiller et d&rsquo;analyser l&rsquo;activit\u00e9 r\u00e9alis\u00e9e, dans le but d&rsquo;apporter des am\u00e9liorations et de fournir nos services de mani\u00e8re plus efficace et personnalis\u00e9e.<\/p>\n\n<p>Les cookies, en fonction de leur permanence, peuvent \u00eatre divis\u00e9s en cookies de session ou permanents. Ceux qui expirent lorsque l&rsquo;utilisateur ferme le navigateur. Ceux qui expirent en fonction de la r\u00e9alisation de l&rsquo;objectif pour lequel ils sont utilis\u00e9s (par exemple, pour que l&rsquo;utilisateur reste identifi\u00e9 dans les services de Gamma Extra S.L.) ou lorsqu&rsquo;ils sont supprim\u00e9s manuellement.<\/p>\n\n<figure class=\"wp-block-table\">\n<table>\n<tbody>\n<tr>\n<td>Nom<\/td>\n<td>Type<\/td>\n<td>Expiration<\/td>\n<td>Objectif<\/td>\n<td>Classe<\/td>\n<\/tr>\n<tr>\n<td>__utma<\/td>\n<td>De tiers (Google Analytics)<\/td>\n<td>2 ans<\/td>\n<td>Utilis\u00e9 pour distinguer les utilisateurs et les sessions.<\/td>\n<td>Non-exempt\u00e9<\/td>\n<\/tr>\n<tr>\n<td>__utmb<\/td>\n<td>De tiers (Google Analytics)<\/td>\n<td>30 minutes<\/td>\n<td>Utilis\u00e9 pour d\u00e9terminer les nouvelles sessions ou visites<\/td>\n<td>Non-exempt\u00e9<\/td>\n<\/tr>\n<tr>\n<td>__utmc<\/td>\n<td>De tiers (Google Analytics)<\/td>\n<td>A la fin de la session<\/td>\n<td>Configur\u00e9 pour \u00eatre utilis\u00e9 avec Urchin<\/td>\n<td>Non-exempt\u00e9<\/td>\n<\/tr>\n<tr>\n<td>__utmz<\/td>\n<td>De tiers (Google Analytics)<\/td>\n<td>6 mois<\/td>\n<td>Stocke l&rsquo;origine ou la campagne qui explique comment l&rsquo;utilisateur est arriv\u00e9 sur le site<\/td>\n<td>Non-exempt\u00e9<\/td>\n<\/tr>\n<\/tbody>\n<\/table>\n<\/figure>\n\n<p>En outre, en fonction de leur finalit\u00e9, les cookies peuvent \u00eatre class\u00e9s comme suit :<\/p>\n\n<h3>Cookies de performance<\/h3>\n\n<p>Ce type de cookie m\u00e9morise vos pr\u00e9f\u00e9rences pour les outils pr\u00e9sents dans les services, de sorte que vous n&rsquo;ayez pas \u00e0 reconfigurer le service \u00e0 chaque fois que vous le visitez. \u00c0 titre d&rsquo;exemple, ce type de cookie comprend : Les param\u00e8tres de volume pour les lecteurs vid\u00e9o ou audio. Les vitesses de streaming vid\u00e9o compatibles avec votre navigateur. Les articles enregistr\u00e9s dans le \u00ab\u00a0panier d&rsquo;achat\u00a0\u00bb dans les services de commerce \u00e9lectronique tels que les boutiques.<\/p>\n\n<h3>Cookies de g\u00e9olocalisation<\/h3>\n\n<p>Ces cookies sont utilis\u00e9s pour savoir dans quel pays vous vous trouvez lorsque vous demandez un service. Ce cookie est totalement anonyme et n&rsquo;est utilis\u00e9 que pour cibler le contenu en fonction de votre localisation.<\/p>\n\n<h3>Cookies d&rsquo;enregistrement<\/h3>\n\n<p>Les cookies d&rsquo;enregistrement sont g\u00e9n\u00e9r\u00e9s une fois que l&rsquo;utilisateur s&rsquo;est enregistr\u00e9 ou connect\u00e9 par la suite, et sont utilis\u00e9s pour vous identifier dans les services aux fins suivantes :<\/p>\n\n<p>Maintenir l&rsquo;identification de l&rsquo;utilisateur de sorte que, si vous fermez un service, le navigateur ou l&rsquo;ordinateur et que vous entrez \u00e0 nouveau dans ce service \u00e0 un autre moment ou un autre jour, vous continuerez \u00e0 \u00eatre identifi\u00e9, ce qui facilitera votre navigation sans que vous ayez \u00e0 vous identifier \u00e0 nouveau. Cette fonctionnalit\u00e9 peut \u00eatre supprim\u00e9e si l&rsquo;utilisateur clique sur [cerrar sesi\u00f3n], de sorte que ce cookie soit supprim\u00e9 et que la prochaine fois que l&rsquo;utilisateur acc\u00e8de au service, il doive se connecter pour \u00eatre identifi\u00e9.<\/p>\n\n<p>V\u00e9rifier si l&rsquo;utilisateur est autoris\u00e9 \u00e0 acc\u00e9der \u00e0 certains services, par exemple \u00e0 participer \u00e0 un concours.<\/p>\n\n<p>En outre, certains services peuvent utiliser des connecteurs avec des r\u00e9seaux sociaux tels que Facebook ou Twitter. Lorsque l&rsquo;utilisateur s&rsquo;inscrit \u00e0 un service avec des informations d&rsquo;identification provenant d&rsquo;un r\u00e9seau social, il autorise le r\u00e9seau social \u00e0 stocker un cookie persistant qui se souvient de son identit\u00e9 et lui permet d&rsquo;acc\u00e9der aux services jusqu&rsquo;\u00e0 ce qu&rsquo;il expire. L&rsquo;utilisateur peut supprimer ce cookie et r\u00e9voquer l&rsquo;acc\u00e8s aux services via les r\u00e9seaux sociaux en mettant \u00e0 jour ses pr\u00e9f\u00e9rences sur le r\u00e9seau social concern\u00e9.<\/p>\n\n<h3>Cookies analytiques<\/h3>\n\n<p>Chaque fois qu&rsquo;un utilisateur visite un service, un outil d&rsquo;un fournisseur externe g\u00e9n\u00e8re un cookie analytique sur l&rsquo;ordinateur de l&rsquo;utilisateur. Ce cookie, qui n&rsquo;est g\u00e9n\u00e9r\u00e9 que pendant la visite, sera utilis\u00e9 lors des visites ult\u00e9rieures des services de Gamma Extra S.L. pour identifier le visiteur de mani\u00e8re anonyme. Les principaux objectifs poursuivis sont les suivants :<\/p>\n\n<p>Permettre l&rsquo;identification anonyme des utilisateurs qui naviguent gr\u00e2ce au cookie (identifie les navigateurs et les appareils, pas les personnes) et donc le comptage approximatif du nombre de visiteurs et leur \u00e9volution dans le temps.<br \/>Identifier anonymement le contenu le plus visit\u00e9 et donc plus attractif pour les utilisateurs Savoir si l&rsquo;utilisateur qui acc\u00e8de est un nouveau visiteur ou un visiteur r\u00e9current.<\/p>\n\n<p>Important : \u00e0 moins que l&rsquo;utilisateur ne d\u00e9cide de s&rsquo;inscrire \u00e0 un service de Gamma Extra S.L., le cookie ne sera jamais associ\u00e9 \u00e0 des donn\u00e9es personnelles permettant d&rsquo;identifier l&rsquo;utilisateur. Ces cookies ne seront utilis\u00e9s qu&rsquo;\u00e0 des fins statistiques pour aider \u00e0 optimiser l&rsquo;exp\u00e9rience de l&rsquo;utilisateur sur le site web.<\/p>\n\n<h3>Cookies publicitaires<\/h3>\n\n<p>Ce type de cookies permet d&rsquo;\u00e9tendre l&rsquo;information des publicit\u00e9s montr\u00e9es \u00e0 chaque utilisateur anonyme des services de Gamma Extra S.L.. Ils stockent, entre autres, la dur\u00e9e ou la fr\u00e9quence d&rsquo;affichage des positions publicitaires, l&rsquo;interaction avec celles-ci ou les sch\u00e9mas de navigation et\/ou le comportement de l&rsquo;utilisateur, car ils contribuent \u00e0 cr\u00e9er un profil d&rsquo;int\u00e9r\u00eat publicitaire. Ils permettent ainsi de proposer des publicit\u00e9s en rapport avec les int\u00e9r\u00eats de l&rsquo;utilisateur.<\/p>\n\n<h3>Cookies publicitaires de tiers<\/h3>\n\n<p>Outre la publicit\u00e9 g\u00e9r\u00e9e par les sites Web de Gamma Extra S.L. dans leurs services, les sites Web de Gamma Extra S.L. offrent \u00e0 leurs annonceurs la possibilit\u00e9 de diffuser des publicit\u00e9s par l&rsquo;interm\u00e9diaire de tiers (\u00a0\u00bb Ad-Servers \u00ab\u00a0). De cette mani\u00e8re, ces tiers peuvent stocker les cookies envoy\u00e9s par les services de Gamma Extra S.L. \u00e0 partir des navigateurs des utilisateurs, ainsi qu&rsquo;acc\u00e9der aux donn\u00e9es qui y sont stock\u00e9es.<\/p>\n\n<p>Les entreprises qui g\u00e9n\u00e8rent ces cookies ont leur propre politique de confidentialit\u00e9. Actuellement, les sites Web de Gamma Extra S.L. utilisent la plateforme Doubleclick (Google) pour g\u00e9rer ces services. Pour plus d&rsquo;informations, consultez le site<\/p>\n\n<p><a href=\"http:\/\/www.google.es\/policies\/privacy\/ads\/#toc-doubleclick\" target=\"_blank\" rel=\"noopener\">http:\/\/www.google.es\/policies\/privacy\/ads\/#toc-doubleclick<\/a> et <a href=\"http:\/\/www.google.es\/policies\/privacy\/ads\/\" target=\"_blank\" rel=\"noopener\">http:\/\/www.google.es\/policies\/privacy\/ads\/.<\/a><\/p>\n\n<h3>Comment puis-je d\u00e9sactiver les cookies dans mon navigateur ?<\/h3>\n\n<p>Les diff\u00e9rents navigateurs peuvent \u00eatre configur\u00e9s pour avertir l&rsquo;utilisateur de la r\u00e9ception de cookies et, si vous le souhaitez, emp\u00eacher leur installation sur l&rsquo;ordinateur. De m\u00eame, l&rsquo;utilisateur peut v\u00e9rifier dans son navigateur quels sont les cookies qu&rsquo;il a install\u00e9s et leur date d&rsquo;expiration, et il peut les supprimer.<\/p>\n\n<p>Pour plus d&rsquo;informations, veuillez consulter les instructions et les manuels de votre navigateur :<\/p>\n\n<p>Pour plus d&rsquo;informations sur la gestion des cookies dans Google Chrome <a href=\"https:\/\/support.google.com\/chrome\/answer\/95647?hl=es\" target=\"_blank\" rel=\"noopener\">: https:\/\/support.google.com\/chrome\/answer\/95647?hl=es<\/a><\/p>\n\n<p>Pour plus d&rsquo;informations sur la gestion des cookies dans Internet Explorer <a href=\"http:\/\/windows.microsoft.com\/es-es\/windows-vista\/cookies-frequently-asked-questions\" target=\"_blank\" rel=\"noopener\">: http:\/\/windows.microsoft.com\/es-es\/windows-vista\/cookies-frequently-asked-questions<\/a><\/p>\n\n<p>Pour plus d&rsquo;informations sur la gestion des cookies dans Mozilla Firefox <a href=\"http:\/\/support.mozilla.org\/es\/kb\/habilitar-y-deshabilitar-cookies-que-los-sitios-we%20\" target=\"_blank\" rel=\"noopener\">: http:\/\/support.mozilla.org\/es\/kb\/habilitar-y-deshabilitar-cookies-que-los-sitios-we<\/a><\/p>\n\n<p>Pour plus d&rsquo;informations sur la gestion des cookies dans Safari <a href=\"http:\/\/www.apple.com\/es\/privacy\/use-of-cookies\/%20\" target=\"_blank\" rel=\"noopener\">: http:\/\/www.apple.com\/es\/privacy\/use-of-cookies\/<\/a><\/p>\n\n<p>Pour plus d&rsquo;informations sur la gestion des cookies dans Opera <a href=\"http:\/\/help.opera.com\/Windows\/11.50\/es-ES\/cookies.html\" target=\"_blank\" rel=\"noopener\">: http:\/\/help.opera.com\/Windows\/11.50\/es-ES\/cookies.html<\/a><\/p>\n\n<p>Si vous souhaitez ne plus \u00eatre suivi par Google Analytics, rendez-vous sur <a href=\"http:\/\/tools.google.com\/dlpage\/gaoptout\" target=\"_blank\" rel=\"noopener\">: http:\/\/tools.google.com\/dlpage\/gaoptout<\/a><\/p>\n\n<h3>Pour en savoir plus sur les cookies<\/h3>\n\n<p>Pour en savoir plus sur la publicit\u00e9 comportementale en ligne et la protection de la vie priv\u00e9e, consultez le lien suivant <a href=\"http:\/\/www.youronlinechoices.com\/es\/\" target=\"_blank\" rel=\"noopener\">: http:\/\/www.youronlinechoices.com\/es\/<\/a><\/p>\n\n<p>Protection des donn\u00e9es de Google Analytics <a href=\"http:\/\/www.google.com\/analytics\/learn\/privacy.html\" target=\"_blank\" rel=\"noopener\">: http:\/\/www.google.com\/analytics\/learn\/privacy.html<\/a><\/p>\n\n<p>Comment Google Analytics utilise les cookies <a href=\"https:\/\/developers.google.com\/analytics\/devguides\/collection\/analyticsjs\/cookie-usage?hl=es#analyticsjs\" target=\"_blank\" rel=\"noopener\">: https:\/\/developers.google.com\/analytics\/devguides\/collection\/analyticsjs\/cookie-usage?hl=es#analyticsjs<\/a><\/p>\n\n<h3>Mises \u00e0 jour et modifications de la politique de confidentialit\u00e9\/cookie<\/h3>\n\n<p>Les sites Web de Gamma Extra S.L. peuvent modifier cette politique de cookies conform\u00e9ment aux exigences l\u00e9gislatives ou r\u00e9glementaires, ou afin d&rsquo;adapter cette politique aux instructions \u00e9mises par l&rsquo;Agence espagnole de protection des donn\u00e9es, raison pour laquelle il est conseill\u00e9 aux utilisateurs de la consulter p\u00e9riodiquement.<\/p>\n\n<p>Lorsque des modifications importantes sont apport\u00e9es \u00e0 la pr\u00e9sente politique en mati\u00e8re de cookies, elles sont communiqu\u00e9es aux utilisateurs soit par le biais du site web, soit par courrier \u00e9lectronique aux utilisateurs enregistr\u00e9s.<\/p>\n\t\t\t\t\t\t\t\t<\/div>\n\t\t\t\t<\/div>\n\t\t\t\t\t<\/div>\n\t\t\t\t<\/div>\n\t\t\t\t<\/div>\n\t\t","protected":false},"excerpt":{"rendered":"<p>Ce site web utilise des cookies tiers et propres pour vous offrir une meilleure exp\u00e9rience de navigation, pour partager des contenus sur les r\u00e9seaux sociaux et pour nous permettre d&rsquo;obtenir des statistiques d&rsquo;utilisation. Vous pouvez emp\u00eacher le t\u00e9l\u00e9chargement de cookies par le biais des param\u00e8tres de votre navigateur, ce qui emp\u00eache les cookies d&rsquo;\u00eatre stock\u00e9s [&hellip;]<\/p>\n","protected":false},"author":6,"featured_media":0,"parent":0,"menu_order":0,"comment_status":"closed","ping_status":"closed","template":"","meta":{"_acf_changed":false,"footnotes":""},"class_list":["post-18735","page","type-page","status-publish","hentry"],"acf":[],"_links":{"self":[{"href":"https:\/\/suittoeyewear.com\/fr\/wp-json\/wp\/v2\/pages\/18735","targetHints":{"allow":["GET"]}}],"collection":[{"href":"https:\/\/suittoeyewear.com\/fr\/wp-json\/wp\/v2\/pages"}],"about":[{"href":"https:\/\/suittoeyewear.com\/fr\/wp-json\/wp\/v2\/types\/page"}],"author":[{"embeddable":true,"href":"https:\/\/suittoeyewear.com\/fr\/wp-json\/wp\/v2\/users\/6"}],"replies":[{"embeddable":true,"href":"https:\/\/suittoeyewear.com\/fr\/wp-json\/wp\/v2\/comments?post=18735"}],"version-history":[{"count":0,"href":"https:\/\/suittoeyewear.com\/fr\/wp-json\/wp\/v2\/pages\/18735\/revisions"}],"wp:attachment":[{"href":"https:\/\/suittoeyewear.com\/fr\/wp-json\/wp\/v2\/media?parent=18735"}],"curies":[{"name":"wp","href":"https:\/\/api.w.org\/{rel}","templated":true}]}}