{"id":28216,"date":"2025-05-11T00:59:00","date_gmt":"2025-05-10T22:59:00","guid":{"rendered":"https:\/\/suittoeyewear.com\/modelo\/vac\/"},"modified":"2025-05-24T12:39:40","modified_gmt":"2025-05-24T10:39:40","slug":"cav","status":"publish","type":"product","link":"https:\/\/suittoeyewear.com\/fr\/modele\/cav\/","title":{"rendered":"CAV"},"content":{"rendered":"<p>Margaret Cavendish (Colcheste 1623 &#8211; Welbeck Abbey 1673) \u00e9tait une aristocrate du XVIIe si\u00e8cle, duchesse de Newcastle, qui a pris part \u00e0 certains des d\u00e9bats scientifiques les plus importants de l&rsquo;\u00e9poque. Bien qu&rsquo;elle n&rsquo;ait pas \u00e9t\u00e9 admise \u00e0 la Royal Society anglaise, elle a \u00e9t\u00e9 autoris\u00e9e une fois \u00e0 assister \u00e0 une r\u00e9union. Elle a \u00e9crit de nombreux articles sur des sujets scientifiques et est l&rsquo;auteur de l&rsquo;un des premiers romans de science-fiction. Elle \u00e9tait particuli\u00e8rement critique \u00e0 l&rsquo;\u00e9gard de la croyance selon laquelle l&rsquo;homme \u00e9tait le ma\u00eetre de la nature.   <\/p>\n","protected":false},"excerpt":{"rendered":"<p>Margaret Cavendish (Colcheste 1623 &#8211; Welbeck Abbey 1673) \u00e9tait une aristocrate du XVIIe si\u00e8cle, duchesse de Newcastle, qui a pris part \u00e0 certains des d\u00e9bats scientifiques les plus importants de l&rsquo;\u00e9poque. Bien qu&rsquo;elle n&rsquo;ait pas \u00e9t\u00e9 admise \u00e0 la Royal Society anglaise, elle a \u00e9t\u00e9 autoris\u00e9e une fois \u00e0 assister \u00e0 une r\u00e9union. Elle a [&hellip;]<\/p>\n","protected":false},"featured_media":23188,"template":"","meta":{"_acf_changed":false},"product_brand":[],"product_cat":[352,349],"product_tag":[355],"class_list":{"0":"post-28216","1":"product","2":"type-product","3":"status-publish","4":"has-post-thumbnail","6":"product_cat-teste-sur-des-visages","7":"product_cat-teste-sur-des-visages-femme","8":"product_tag-voir","9":"pa_tonalidad-de-color-01-fr","10":"pa_tonalidad-de-color-100-fr","11":"pa_tonalidad-de-color-23-fr","12":"pa_tonalidad-de-color-45r-fr","14":"first","15":"instock","16":"purchasable","17":"product-type-variable"},"acf":[],"_links":{"self":[{"href":"https:\/\/suittoeyewear.com\/fr\/wp-json\/wp\/v2\/product\/28216","targetHints":{"allow":["GET"]}}],"collection":[{"href":"https:\/\/suittoeyewear.com\/fr\/wp-json\/wp\/v2\/product"}],"about":[{"href":"https:\/\/suittoeyewear.com\/fr\/wp-json\/wp\/v2\/types\/product"}],"wp:featuredmedia":[{"embeddable":true,"href":"https:\/\/suittoeyewear.com\/fr\/wp-json\/wp\/v2\/media\/23188"}],"wp:attachment":[{"href":"https:\/\/suittoeyewear.com\/fr\/wp-json\/wp\/v2\/media?parent=28216"}],"wp:term":[{"taxonomy":"product_brand","embeddable":true,"href":"https:\/\/suittoeyewear.com\/fr\/wp-json\/wp\/v2\/product_brand?post=28216"},{"taxonomy":"product_cat","embeddable":true,"href":"https:\/\/suittoeyewear.com\/fr\/wp-json\/wp\/v2\/product_cat?post=28216"},{"taxonomy":"product_tag","embeddable":true,"href":"https:\/\/suittoeyewear.com\/fr\/wp-json\/wp\/v2\/product_tag?post=28216"}],"curies":[{"name":"wp","href":"https:\/\/api.w.org\/{rel}","templated":true}]}}