{"id":28231,"date":"2025-05-11T01:22:55","date_gmt":"2025-05-10T23:22:55","guid":{"rendered":"https:\/\/suittoeyewear.com\/modelo\/sib\/"},"modified":"2025-05-25T10:18:41","modified_gmt":"2025-05-25T08:18:41","slug":"sib","status":"publish","type":"product","link":"https:\/\/suittoeyewear.com\/fr\/modele\/sib\/","title":{"rendered":"SIB"},"content":{"rendered":"<p>Maria Sibylla Merian (Francfort 1647 &#8211; Amsterdam 1717) \u00e9tait une naturaliste, exploratrice et peintre allemande de parents suisses. \u00c0 l&rsquo;\u00e9poque, un r\u00e8glement surprenant interdisait aux femmes d&rsquo;acqu\u00e9rir des peintures \u00e0 l&rsquo;huile dans de nombreuses villes allemandes ; elle a donc appris \u00e0 peindre uniquement \u00e0 l&rsquo;aquarelle et \u00e0 la d\u00e9trempe. Elle est aujourd&rsquo;hui consid\u00e9r\u00e9e comme l&rsquo;une des plus importantes initiatrices de l&rsquo;entomologie moderne. Elle a \u00e9t\u00e9 la premi\u00e8re personne \u00e0 prouver empiriquement, en suivant une m\u00e9thode scientifique, que les insectes \u00e9closent \u00e0 partir d&rsquo;\u0153ufs et ne sont pas le r\u00e9sultat d&rsquo;une g\u00e9n\u00e9ration spontan\u00e9e.   <\/p>\n","protected":false},"excerpt":{"rendered":"<p>Maria Sibylla Merian (Francfort 1647 &#8211; Amsterdam 1717) \u00e9tait une naturaliste, exploratrice et peintre allemande de parents suisses. \u00c0 l&rsquo;\u00e9poque, un r\u00e8glement surprenant interdisait aux femmes d&rsquo;acqu\u00e9rir des peintures \u00e0 l&rsquo;huile dans de nombreuses villes allemandes ; elle a donc appris \u00e0 peindre uniquement \u00e0 l&rsquo;aquarelle et \u00e0 la d\u00e9trempe. Elle est aujourd&rsquo;hui consid\u00e9r\u00e9e comme [&hellip;]<\/p>\n","protected":false},"featured_media":23960,"template":"","meta":{"_acf_changed":false},"product_brand":[],"product_cat":[352,349],"product_tag":[355],"class_list":{"0":"post-28231","1":"product","2":"type-product","3":"status-publish","4":"has-post-thumbnail","6":"product_cat-teste-sur-des-visages","7":"product_cat-teste-sur-des-visages-femme","8":"product_tag-voir","9":"pa_tonalidad-de-color-89-fr","10":"pa_tonalidad-de-color-98-fr","11":"pa_tonalidad-de-color-36-fr","12":"pa_tonalidad-de-color-43-fr","14":"first","15":"instock","16":"purchasable","17":"product-type-variable"},"acf":[],"_links":{"self":[{"href":"https:\/\/suittoeyewear.com\/fr\/wp-json\/wp\/v2\/product\/28231","targetHints":{"allow":["GET"]}}],"collection":[{"href":"https:\/\/suittoeyewear.com\/fr\/wp-json\/wp\/v2\/product"}],"about":[{"href":"https:\/\/suittoeyewear.com\/fr\/wp-json\/wp\/v2\/types\/product"}],"wp:featuredmedia":[{"embeddable":true,"href":"https:\/\/suittoeyewear.com\/fr\/wp-json\/wp\/v2\/media\/23960"}],"wp:attachment":[{"href":"https:\/\/suittoeyewear.com\/fr\/wp-json\/wp\/v2\/media?parent=28231"}],"wp:term":[{"taxonomy":"product_brand","embeddable":true,"href":"https:\/\/suittoeyewear.com\/fr\/wp-json\/wp\/v2\/product_brand?post=28231"},{"taxonomy":"product_cat","embeddable":true,"href":"https:\/\/suittoeyewear.com\/fr\/wp-json\/wp\/v2\/product_cat?post=28231"},{"taxonomy":"product_tag","embeddable":true,"href":"https:\/\/suittoeyewear.com\/fr\/wp-json\/wp\/v2\/product_tag?post=28231"}],"curies":[{"name":"wp","href":"https:\/\/api.w.org\/{rel}","templated":true}]}}