{"id":28255,"date":"2025-05-11T01:23:25","date_gmt":"2025-05-10T23:23:25","guid":{"rendered":"https:\/\/suittoeyewear.com\/modelo\/sil\/"},"modified":"2025-05-25T10:18:35","modified_gmt":"2025-05-25T08:18:35","slug":"sil","status":"publish","type":"product","link":"https:\/\/suittoeyewear.com\/fr\/modele\/sil\/","title":{"rendered":"SIL"},"content":{"rendered":"<p>Ram\u00f3n Silvestre Verea Aguiar y Garc\u00eda (Curantes 1833 &#8211; Buenos Aires 1899) journaliste, ing\u00e9nieur, \u00e9crivain et inventeur. Il a invent\u00e9 la premi\u00e8re calculatrice capable de faire des multiplications directes. Il a remport\u00e9 une m\u00e9daille \u00e0 l&rsquo;Exposition mondiale des inventions \u00e0 Cuba en 1878. \u00c0 New York, il fonde la publication El Cronista et la revue El Progreso. Il pr\u00f4ne l&rsquo;\u00e9galit\u00e9 entre les races, entre les hommes et les femmes, l&rsquo;abolition de l&rsquo;esclavage et la libert\u00e9 d&rsquo;expression. En 1895, il s&rsquo;exile au Guatemala en raison de son opposition \u00e0 la politique colonialiste des \u00c9tats-Unis, puis s&rsquo;installe \u00e0 Buenos Aires o\u00f9 il continue \u00e0 travailler comme journaliste jusqu&rsquo;\u00e0 sa mort.     <\/p>\n","protected":false},"excerpt":{"rendered":"<p>Ram\u00f3n Silvestre Verea Aguiar y Garc\u00eda (Curantes 1833 &#8211; Buenos Aires 1899) journaliste, ing\u00e9nieur, \u00e9crivain et inventeur. Il a invent\u00e9 la premi\u00e8re calculatrice capable de faire des multiplications directes. Il a remport\u00e9 une m\u00e9daille \u00e0 l&rsquo;Exposition mondiale des inventions \u00e0 Cuba en 1878. \u00c0 New York, il fonde la publication El Cronista et la revue [&hellip;]<\/p>\n","protected":false},"featured_media":23984,"template":"","meta":{"_acf_changed":false},"product_brand":[],"product_cat":[352,367],"product_tag":[355],"class_list":{"0":"post-28255","1":"product","2":"type-product","3":"status-publish","4":"has-post-thumbnail","6":"product_cat-teste-sur-des-visages","7":"product_cat-teste-sur-des-visages-homme","8":"product_tag-voir","9":"pa_tonalidad-de-color-40-fr","10":"pa_tonalidad-de-color-33-fr","11":"pa_tonalidad-de-color-59r-fr","12":"pa_tonalidad-de-color-67-fr","14":"first","15":"instock","16":"purchasable","17":"product-type-variable"},"acf":[],"_links":{"self":[{"href":"https:\/\/suittoeyewear.com\/fr\/wp-json\/wp\/v2\/product\/28255","targetHints":{"allow":["GET"]}}],"collection":[{"href":"https:\/\/suittoeyewear.com\/fr\/wp-json\/wp\/v2\/product"}],"about":[{"href":"https:\/\/suittoeyewear.com\/fr\/wp-json\/wp\/v2\/types\/product"}],"wp:featuredmedia":[{"embeddable":true,"href":"https:\/\/suittoeyewear.com\/fr\/wp-json\/wp\/v2\/media\/23984"}],"wp:attachment":[{"href":"https:\/\/suittoeyewear.com\/fr\/wp-json\/wp\/v2\/media?parent=28255"}],"wp:term":[{"taxonomy":"product_brand","embeddable":true,"href":"https:\/\/suittoeyewear.com\/fr\/wp-json\/wp\/v2\/product_brand?post=28255"},{"taxonomy":"product_cat","embeddable":true,"href":"https:\/\/suittoeyewear.com\/fr\/wp-json\/wp\/v2\/product_cat?post=28255"},{"taxonomy":"product_tag","embeddable":true,"href":"https:\/\/suittoeyewear.com\/fr\/wp-json\/wp\/v2\/product_tag?post=28255"}],"curies":[{"name":"wp","href":"https:\/\/api.w.org\/{rel}","templated":true}]}}