{"id":28280,"date":"2025-05-11T01:20:19","date_gmt":"2025-05-10T23:20:19","guid":{"rendered":"https:\/\/suittoeyewear.com\/modelo\/ros\/"},"modified":"2025-05-25T10:19:25","modified_gmt":"2025-05-25T08:19:25","slug":"ros","status":"publish","type":"product","link":"https:\/\/suittoeyewear.com\/fr\/modele\/ros\/","title":{"rendered":"ROS"},"content":{"rendered":"<p>Rosalind Elsie Franklin (Londres 1920 &#8211; 1958) \u00e9tait chimiste et cristallographe. Son p\u00e8re s&rsquo;opposait \u00e0 ce qu&rsquo;elle fasse des \u00e9tudes sup\u00e9rieures, mais il a fini par c\u00e9der et elle a obtenu un doctorat en chimie et en physique \u00e0 l&rsquo;universit\u00e9 de Cambridge en 1945. Auteur de contributions majeures \u00e0 la compr\u00e9hension de la structure de l&rsquo;ADN, elle a obtenu la premi\u00e8re image par diffraction des rayons X de la double h\u00e9lice d&rsquo;ADN, ainsi que de l&rsquo;ARN, des virus, du carbone et du graphite. Quatre ans apr\u00e8s sa mort, James Watson, Francis Crick et Maurice Wilkins ont re\u00e7u le prix Nobel pour ce mod\u00e8le de la double h\u00e9lice d&rsquo;ADN.  <\/p>\n","protected":false},"excerpt":{"rendered":"<p>Rosalind Elsie Franklin (Londres 1920 &#8211; 1958) \u00e9tait chimiste et cristallographe. Son p\u00e8re s&rsquo;opposait \u00e0 ce qu&rsquo;elle fasse des \u00e9tudes sup\u00e9rieures, mais il a fini par c\u00e9der et elle a obtenu un doctorat en chimie et en physique \u00e0 l&rsquo;universit\u00e9 de Cambridge en 1945. Auteur de contributions majeures \u00e0 la compr\u00e9hension de la structure de [&hellip;]<\/p>\n","protected":false},"featured_media":23836,"template":"","meta":{"_acf_changed":false},"product_brand":[],"product_cat":[352,349],"product_tag":[355],"class_list":{"0":"post-28280","1":"product","2":"type-product","3":"status-publish","4":"has-post-thumbnail","6":"product_cat-teste-sur-des-visages","7":"product_cat-teste-sur-des-visages-femme","8":"product_tag-voir","9":"pa_tonalidad-de-color-37-fr","10":"pa_tonalidad-de-color-82-fr","11":"pa_tonalidad-de-color-12r-fr","12":"pa_tonalidad-de-color-36-fr","14":"first","15":"instock","16":"purchasable","17":"product-type-variable"},"acf":[],"_links":{"self":[{"href":"https:\/\/suittoeyewear.com\/fr\/wp-json\/wp\/v2\/product\/28280","targetHints":{"allow":["GET"]}}],"collection":[{"href":"https:\/\/suittoeyewear.com\/fr\/wp-json\/wp\/v2\/product"}],"about":[{"href":"https:\/\/suittoeyewear.com\/fr\/wp-json\/wp\/v2\/types\/product"}],"wp:featuredmedia":[{"embeddable":true,"href":"https:\/\/suittoeyewear.com\/fr\/wp-json\/wp\/v2\/media\/23836"}],"wp:attachment":[{"href":"https:\/\/suittoeyewear.com\/fr\/wp-json\/wp\/v2\/media?parent=28280"}],"wp:term":[{"taxonomy":"product_brand","embeddable":true,"href":"https:\/\/suittoeyewear.com\/fr\/wp-json\/wp\/v2\/product_brand?post=28280"},{"taxonomy":"product_cat","embeddable":true,"href":"https:\/\/suittoeyewear.com\/fr\/wp-json\/wp\/v2\/product_cat?post=28280"},{"taxonomy":"product_tag","embeddable":true,"href":"https:\/\/suittoeyewear.com\/fr\/wp-json\/wp\/v2\/product_tag?post=28280"}],"curies":[{"name":"wp","href":"https:\/\/api.w.org\/{rel}","templated":true}]}}