{"id":28289,"date":"2025-05-11T01:21:54","date_gmt":"2025-05-10T23:21:54","guid":{"rendered":"https:\/\/suittoeyewear.com\/modelo\/sem\/"},"modified":"2025-05-25T10:19:07","modified_gmt":"2025-05-25T08:19:07","slug":"sem","status":"publish","type":"product","link":"https:\/\/suittoeyewear.com\/fr\/modele\/sem\/","title":{"rendered":"SEM"},"content":{"rendered":"<p>Ignaz Philipp Semmelweis (Budapest 1818 &#8211; Vienne 1865) \u00e9tait chirurgien et obst\u00e9tricien dans l&rsquo;Empire autrichien. Il est populairement connu comme le sauveur de la m\u00e8re, car il a d\u00e9couvert que l&rsquo;incidence de la septic\u00e9mie puerp\u00e9rale pouvait \u00eatre consid\u00e9rablement r\u00e9duite en d\u00e9sinfectant les mains dans les cliniques d&rsquo;obst\u00e9trique. Il est consid\u00e9r\u00e9 comme l&rsquo;initiateur des proc\u00e9dures antiseptiques. Ses recommandations ont \u00e9t\u00e9 accept\u00e9es apr\u00e8s sa mort, lorsque Louis Pasteur a confirm\u00e9 la th\u00e9orie des germes comme cause des infections et que Joseph Lister, \u00e0 la suite des recherches de Pasteur, a mis en \u0153uvre l&rsquo;utilisation de m\u00e9thodes aseptiques et antiseptiques en chirurgie.   <\/p>\n","protected":false},"excerpt":{"rendered":"<p>Ignaz Philipp Semmelweis (Budapest 1818 &#8211; Vienne 1865) \u00e9tait chirurgien et obst\u00e9tricien dans l&rsquo;Empire autrichien. Il est populairement connu comme le sauveur de la m\u00e8re, car il a d\u00e9couvert que l&rsquo;incidence de la septic\u00e9mie puerp\u00e9rale pouvait \u00eatre consid\u00e9rablement r\u00e9duite en d\u00e9sinfectant les mains dans les cliniques d&rsquo;obst\u00e9trique. Il est consid\u00e9r\u00e9 comme l&rsquo;initiateur des proc\u00e9dures antiseptiques. [&hellip;]<\/p>\n","protected":false},"featured_media":23892,"template":"","meta":{"_acf_changed":false},"product_brand":[],"product_cat":[352,367],"product_tag":[354,355],"class_list":{"0":"post-28289","1":"product","2":"type-product","3":"status-publish","4":"has-post-thumbnail","6":"product_cat-teste-sur-des-visages","7":"product_cat-teste-sur-des-visages-homme","8":"product_tag-nouveau","9":"product_tag-voir","10":"pa_tonalidad-de-color-40-fr","11":"pa_tonalidad-de-color-14-fr","12":"pa_tonalidad-de-color-39-fr","13":"pa_tonalidad-de-color-44-fr","15":"first","16":"instock","17":"purchasable","18":"product-type-variable"},"acf":[],"_links":{"self":[{"href":"https:\/\/suittoeyewear.com\/fr\/wp-json\/wp\/v2\/product\/28289","targetHints":{"allow":["GET"]}}],"collection":[{"href":"https:\/\/suittoeyewear.com\/fr\/wp-json\/wp\/v2\/product"}],"about":[{"href":"https:\/\/suittoeyewear.com\/fr\/wp-json\/wp\/v2\/types\/product"}],"wp:featuredmedia":[{"embeddable":true,"href":"https:\/\/suittoeyewear.com\/fr\/wp-json\/wp\/v2\/media\/23892"}],"wp:attachment":[{"href":"https:\/\/suittoeyewear.com\/fr\/wp-json\/wp\/v2\/media?parent=28289"}],"wp:term":[{"taxonomy":"product_brand","embeddable":true,"href":"https:\/\/suittoeyewear.com\/fr\/wp-json\/wp\/v2\/product_brand?post=28289"},{"taxonomy":"product_cat","embeddable":true,"href":"https:\/\/suittoeyewear.com\/fr\/wp-json\/wp\/v2\/product_cat?post=28289"},{"taxonomy":"product_tag","embeddable":true,"href":"https:\/\/suittoeyewear.com\/fr\/wp-json\/wp\/v2\/product_tag?post=28289"}],"curies":[{"name":"wp","href":"https:\/\/api.w.org\/{rel}","templated":true}]}}