{"id":28319,"date":"2025-05-11T01:19:44","date_gmt":"2025-05-10T23:19:44","guid":{"rendered":"https:\/\/suittoeyewear.com\/modelo\/rac\/"},"modified":"2025-05-25T10:19:31","modified_gmt":"2025-05-25T08:19:31","slug":"rac","status":"publish","type":"product","link":"https:\/\/suittoeyewear.com\/fr\/modele\/rac\/","title":{"rendered":"RAC"},"content":{"rendered":"<p>Rachel Carson (Springdale 1907-Silver Spring 1964) Biologiste marine et \u00e9cologiste. Ses \u00e9crits ont \u00e9t\u00e9 un pr\u00e9curseur du mouvement \u00e9cologiste. Elle a \u00e9tudi\u00e9 la pollution caus\u00e9e par les pesticides synth\u00e9tiques et a publi\u00e9 Silent Spring (Printemps silencieux), qui a suscit\u00e9 des inqui\u00e9tudes pour l&rsquo;environnement. Le comit\u00e9 scientifique du pr\u00e9sident Kennedy a pouss\u00e9 \u00e0 un changement de la politique am\u00e9ricaine en mati\u00e8re de pesticides. Certains fonctionnaires et industries chimiques l&rsquo;ont accus\u00e9e d&rsquo;\u00eatre communiste. Jimmy Carter lui a d\u00e9cern\u00e9 la m\u00e9daille pr\u00e9sidentielle de la libert\u00e9 \u00e0 titre posthume.     <\/p>\n","protected":false},"excerpt":{"rendered":"<p>Rachel Carson (Springdale 1907-Silver Spring 1964) Biologiste marine et \u00e9cologiste. Ses \u00e9crits ont \u00e9t\u00e9 un pr\u00e9curseur du mouvement \u00e9cologiste. Elle a \u00e9tudi\u00e9 la pollution caus\u00e9e par les pesticides synth\u00e9tiques et a publi\u00e9 Silent Spring (Printemps silencieux), qui a suscit\u00e9 des inqui\u00e9tudes pour l&rsquo;environnement. Le comit\u00e9 scientifique du pr\u00e9sident Kennedy a pouss\u00e9 \u00e0 un changement de [&hellip;]<\/p>\n","protected":false},"featured_media":23804,"template":"","meta":{"_acf_changed":false},"product_brand":[],"product_cat":[352,349],"product_tag":[355],"class_list":{"0":"post-28319","1":"product","2":"type-product","3":"status-publish","4":"has-post-thumbnail","6":"product_cat-teste-sur-des-visages","7":"product_cat-teste-sur-des-visages-femme","8":"product_tag-voir","9":"pa_tonalidad-de-color-57r-fr","10":"pa_tonalidad-de-color-61r-fr","11":"pa_tonalidad-de-color-82-fr","12":"pa_tonalidad-de-color-99-fr","14":"first","15":"instock","16":"purchasable","17":"product-type-variable"},"acf":[],"_links":{"self":[{"href":"https:\/\/suittoeyewear.com\/fr\/wp-json\/wp\/v2\/product\/28319","targetHints":{"allow":["GET"]}}],"collection":[{"href":"https:\/\/suittoeyewear.com\/fr\/wp-json\/wp\/v2\/product"}],"about":[{"href":"https:\/\/suittoeyewear.com\/fr\/wp-json\/wp\/v2\/types\/product"}],"wp:featuredmedia":[{"embeddable":true,"href":"https:\/\/suittoeyewear.com\/fr\/wp-json\/wp\/v2\/media\/23804"}],"wp:attachment":[{"href":"https:\/\/suittoeyewear.com\/fr\/wp-json\/wp\/v2\/media?parent=28319"}],"wp:term":[{"taxonomy":"product_brand","embeddable":true,"href":"https:\/\/suittoeyewear.com\/fr\/wp-json\/wp\/v2\/product_brand?post=28319"},{"taxonomy":"product_cat","embeddable":true,"href":"https:\/\/suittoeyewear.com\/fr\/wp-json\/wp\/v2\/product_cat?post=28319"},{"taxonomy":"product_tag","embeddable":true,"href":"https:\/\/suittoeyewear.com\/fr\/wp-json\/wp\/v2\/product_tag?post=28319"}],"curies":[{"name":"wp","href":"https:\/\/api.w.org\/{rel}","templated":true}]}}