{"id":28323,"date":"2025-05-11T01:17:34","date_gmt":"2025-05-10T23:17:34","guid":{"rendered":"https:\/\/suittoeyewear.com\/modelo\/opera\/"},"modified":"2025-05-25T10:20:15","modified_gmt":"2025-05-25T08:20:15","slug":"opera","status":"publish","type":"product","link":"https:\/\/suittoeyewear.com\/fr\/modele\/opera\/","title":{"rendered":"OPERA"},"content":{"rendered":"<p>Opera rend hommage \u00e0 la musique classique, avec des couches d&rsquo;amandes, de cr\u00e8me au caf\u00e9 et de ganache au chocolat qui se combinent dans une symphonie de techniques et de saveurs. Ce g\u00e2teau, avec son \u00e9quilibre de textures et de saveurs, \u00e9voque l&rsquo;harmonie et la pr\u00e9cision d&rsquo;une composition musicale. Tel un chef-d&rsquo;\u0153uvre de haute couture, chaque bouch\u00e9e souligne la perfection du raffinement.  <\/p>\n","protected":false},"excerpt":{"rendered":"<p>Opera rend hommage \u00e0 la musique classique, avec des couches d&rsquo;amandes, de cr\u00e8me au caf\u00e9 et de ganache au chocolat qui se combinent dans une symphonie de techniques et de saveurs. Ce g\u00e2teau, avec son \u00e9quilibre de textures et de saveurs, \u00e9voque l&rsquo;harmonie et la pr\u00e9cision d&rsquo;une composition musicale. Tel un chef-d&rsquo;\u0153uvre de haute couture, [&hellip;]<\/p>\n","protected":false},"featured_media":22340,"template":"","meta":{"_acf_changed":false},"product_brand":[],"product_cat":[372,371],"product_tag":[354,355],"class_list":{"0":"post-28323","1":"product","2":"type-product","3":"status-publish","4":"has-post-thumbnail","6":"product_cat-femmes-sybarites","7":"product_cat-sybarite-fr","8":"product_tag-nouveau","9":"product_tag-voir","10":"pa_tonalidad-de-color-76-fr","11":"pa_tonalidad-de-color-77-fr","12":"pa_tonalidad-de-color-81-fr","13":"pa_tonalidad-de-color-01-fr","15":"first","16":"instock","17":"purchasable","18":"product-type-variable"},"acf":[],"_links":{"self":[{"href":"https:\/\/suittoeyewear.com\/fr\/wp-json\/wp\/v2\/product\/28323","targetHints":{"allow":["GET"]}}],"collection":[{"href":"https:\/\/suittoeyewear.com\/fr\/wp-json\/wp\/v2\/product"}],"about":[{"href":"https:\/\/suittoeyewear.com\/fr\/wp-json\/wp\/v2\/types\/product"}],"wp:featuredmedia":[{"embeddable":true,"href":"https:\/\/suittoeyewear.com\/fr\/wp-json\/wp\/v2\/media\/22340"}],"wp:attachment":[{"href":"https:\/\/suittoeyewear.com\/fr\/wp-json\/wp\/v2\/media?parent=28323"}],"wp:term":[{"taxonomy":"product_brand","embeddable":true,"href":"https:\/\/suittoeyewear.com\/fr\/wp-json\/wp\/v2\/product_brand?post=28323"},{"taxonomy":"product_cat","embeddable":true,"href":"https:\/\/suittoeyewear.com\/fr\/wp-json\/wp\/v2\/product_cat?post=28323"},{"taxonomy":"product_tag","embeddable":true,"href":"https:\/\/suittoeyewear.com\/fr\/wp-json\/wp\/v2\/product_tag?post=28323"}],"curies":[{"name":"wp","href":"https:\/\/api.w.org\/{rel}","templated":true}]}}