{"id":28337,"date":"2025-05-11T01:12:21","date_gmt":"2025-05-10T23:12:21","guid":{"rendered":"https:\/\/suittoeyewear.com\/modelo\/lau\/"},"modified":"2025-05-24T10:39:12","modified_gmt":"2025-05-24T08:39:12","slug":"lau","status":"publish","type":"product","link":"https:\/\/suittoeyewear.com\/fr\/modele\/lau\/","title":{"rendered":"LAU"},"content":{"rendered":"<p>Laura Bassi (Bologne 1711 &#8211; 1778) philosophe, professeur et scientifique italienne. Elle fut la premi\u00e8re femme \u00e0 enseigner dans une universit\u00e9 europ\u00e9enne et la deuxi\u00e8me \u00e0 recevoir un doctorat. Elle a eu peu d&rsquo;occasions d&rsquo;enseigner, car il \u00e9tait consid\u00e9r\u00e9 comme inconvenant pour elle d&rsquo;enseigner dans une salle de classe remplie d&rsquo;hommes. Elle n&rsquo;\u00e9tait autoris\u00e9e \u00e0 enseigner ou \u00e0 donner des conf\u00e9rences que lors d&rsquo;\u00e9v\u00e9nements auxquels des femmes \u00e9taient invit\u00e9es.   <\/p>\n","protected":false},"excerpt":{"rendered":"<p>Laura Bassi (Bologne 1711 &#8211; 1778) philosophe, professeur et scientifique italienne. Elle fut la premi\u00e8re femme \u00e0 enseigner dans une universit\u00e9 europ\u00e9enne et la deuxi\u00e8me \u00e0 recevoir un doctorat. Elle a eu peu d&rsquo;occasions d&rsquo;enseigner, car il \u00e9tait consid\u00e9r\u00e9 comme inconvenant pour elle d&rsquo;enseigner dans une salle de classe remplie d&rsquo;hommes. Elle n&rsquo;\u00e9tait autoris\u00e9e \u00e0 [&hellip;]<\/p>\n","protected":false},"featured_media":23604,"template":"","meta":{"_acf_changed":false},"product_brand":[],"product_cat":[352,367],"product_tag":[355],"class_list":{"0":"post-28337","1":"product","2":"type-product","3":"status-publish","4":"has-post-thumbnail","6":"product_cat-teste-sur-des-visages","7":"product_cat-teste-sur-des-visages-homme","8":"product_tag-voir","9":"pa_tonalidad-de-color-2328-fr","10":"pa_tonalidad-de-color-39-fr","11":"pa_tonalidad-de-color-40-fr","12":"pa_tonalidad-de-color-47-fr","14":"first","15":"instock","16":"purchasable","17":"product-type-variable"},"acf":[],"_links":{"self":[{"href":"https:\/\/suittoeyewear.com\/fr\/wp-json\/wp\/v2\/product\/28337","targetHints":{"allow":["GET"]}}],"collection":[{"href":"https:\/\/suittoeyewear.com\/fr\/wp-json\/wp\/v2\/product"}],"about":[{"href":"https:\/\/suittoeyewear.com\/fr\/wp-json\/wp\/v2\/types\/product"}],"wp:featuredmedia":[{"embeddable":true,"href":"https:\/\/suittoeyewear.com\/fr\/wp-json\/wp\/v2\/media\/23604"}],"wp:attachment":[{"href":"https:\/\/suittoeyewear.com\/fr\/wp-json\/wp\/v2\/media?parent=28337"}],"wp:term":[{"taxonomy":"product_brand","embeddable":true,"href":"https:\/\/suittoeyewear.com\/fr\/wp-json\/wp\/v2\/product_brand?post=28337"},{"taxonomy":"product_cat","embeddable":true,"href":"https:\/\/suittoeyewear.com\/fr\/wp-json\/wp\/v2\/product_cat?post=28337"},{"taxonomy":"product_tag","embeddable":true,"href":"https:\/\/suittoeyewear.com\/fr\/wp-json\/wp\/v2\/product_tag?post=28337"}],"curies":[{"name":"wp","href":"https:\/\/api.w.org\/{rel}","templated":true}]}}