{"id":28343,"date":"2025-05-11T01:11:20","date_gmt":"2025-05-10T23:11:20","guid":{"rendered":"https:\/\/suittoeyewear.com\/modelo\/how\/"},"modified":"2025-05-24T10:47:17","modified_gmt":"2025-05-24T08:47:17","slug":"how","status":"publish","type":"product","link":"https:\/\/suittoeyewear.com\/fr\/modele\/how\/","title":{"rendered":"HOW"},"content":{"rendered":"<p>Lewis Howard Latimer (Chelsea, 1848 &#8211; Flushing, 1928) Militaire, dessinateur de brevets et inventeur. Avant sa naissance, sa m\u00e8re et son p\u00e8re \u00e9chappent \u00e0 l&rsquo;esclavage en Virginie et se r\u00e9fugient dans le Massachusetts. Son p\u00e8re est reconnu par un ami de son ancien propri\u00e9taire d&rsquo;esclaves et arr\u00eat\u00e9. Il a finalement pu acheter sa libert\u00e9 et vivre avec sa famille \u00e0 Chelsea. Apr\u00e8s avoir servi dans la marine, il a rejoint un cabinet d&rsquo;avocats sp\u00e9cialis\u00e9 dans les brevets, o\u00f9 il a brevet\u00e9 un mod\u00e8le am\u00e9lior\u00e9 de l&rsquo;ampoule originale de Thomas Edison, avec un filament de carbone plus r\u00e9sistant. L&rsquo;un de ses brevets concernait des toilettes adapt\u00e9es aux trains.     <\/p>\n","protected":false},"excerpt":{"rendered":"<p>Lewis Howard Latimer (Chelsea, 1848 &#8211; Flushing, 1928) Militaire, dessinateur de brevets et inventeur. Avant sa naissance, sa m\u00e8re et son p\u00e8re \u00e9chappent \u00e0 l&rsquo;esclavage en Virginie et se r\u00e9fugient dans le Massachusetts. Son p\u00e8re est reconnu par un ami de son ancien propri\u00e9taire d&rsquo;esclaves et arr\u00eat\u00e9. Il a finalement pu acheter sa libert\u00e9 et [&hellip;]<\/p>\n","protected":false},"featured_media":23564,"template":"","meta":{"_acf_changed":false},"product_brand":[],"product_cat":[352,367],"product_tag":[355],"class_list":{"0":"post-28343","1":"product","2":"type-product","3":"status-publish","4":"has-post-thumbnail","6":"product_cat-teste-sur-des-visages","7":"product_cat-teste-sur-des-visages-homme","8":"product_tag-voir","9":"pa_tonalidad-de-color-01-fr","10":"pa_tonalidad-de-color-23-fr","11":"pa_tonalidad-de-color-67-fr","12":"pa_tonalidad-de-color-70r-fr","14":"first","15":"instock","16":"purchasable","17":"product-type-variable"},"acf":[],"_links":{"self":[{"href":"https:\/\/suittoeyewear.com\/fr\/wp-json\/wp\/v2\/product\/28343","targetHints":{"allow":["GET"]}}],"collection":[{"href":"https:\/\/suittoeyewear.com\/fr\/wp-json\/wp\/v2\/product"}],"about":[{"href":"https:\/\/suittoeyewear.com\/fr\/wp-json\/wp\/v2\/types\/product"}],"wp:featuredmedia":[{"embeddable":true,"href":"https:\/\/suittoeyewear.com\/fr\/wp-json\/wp\/v2\/media\/23564"}],"wp:attachment":[{"href":"https:\/\/suittoeyewear.com\/fr\/wp-json\/wp\/v2\/media?parent=28343"}],"wp:term":[{"taxonomy":"product_brand","embeddable":true,"href":"https:\/\/suittoeyewear.com\/fr\/wp-json\/wp\/v2\/product_brand?post=28343"},{"taxonomy":"product_cat","embeddable":true,"href":"https:\/\/suittoeyewear.com\/fr\/wp-json\/wp\/v2\/product_cat?post=28343"},{"taxonomy":"product_tag","embeddable":true,"href":"https:\/\/suittoeyewear.com\/fr\/wp-json\/wp\/v2\/product_tag?post=28343"}],"curies":[{"name":"wp","href":"https:\/\/api.w.org\/{rel}","templated":true}]}}