{"id":28353,"date":"2025-05-11T01:12:48","date_gmt":"2025-05-10T23:12:48","guid":{"rendered":"https:\/\/suittoeyewear.com\/modelo\/lebkuchen\/"},"modified":"2025-05-24T10:35:36","modified_gmt":"2025-05-24T08:35:36","slug":"lebkuchen","status":"publish","type":"product","link":"https:\/\/suittoeyewear.com\/fr\/modele\/lebkuchen\/","title":{"rendered":"LEBKUCHEN"},"content":{"rendered":"<p>Le Lebkuchen, le g\u00e2teau d&rsquo;hiver des monast\u00e8res allemands, est un m\u00e9lange de miel, d \u00ab \u00e9pices et de noix qui se traduit par une texture riche et chaleureuse. Ce g\u00e2teau, d\u00e9cor\u00e9 de d\u00e9tails de gla\u00e7age ou de chocolat, souligne l&rsquo;importance de l&rsquo;ornement et de l&rsquo;essentiel. Son design \u00e9voque l&rsquo;artisanat et la chaleur, comme une \u0153uvre qui invite \u00e0 la tradition et \u00e0 l \u00bb \u00e9l\u00e9gance dans chaque bouch\u00e9e.  <\/p>\n","protected":false},"excerpt":{"rendered":"<p>Le Lebkuchen, le g\u00e2teau d&rsquo;hiver des monast\u00e8res allemands, est un m\u00e9lange de miel, d \u00ab \u00e9pices et de noix qui se traduit par une texture riche et chaleureuse. Ce g\u00e2teau, d\u00e9cor\u00e9 de d\u00e9tails de gla\u00e7age ou de chocolat, souligne l&rsquo;importance de l&rsquo;ornement et de l&rsquo;essentiel. Son design \u00e9voque l&rsquo;artisanat et la chaleur, comme une \u0153uvre [&hellip;]<\/p>\n","protected":false},"featured_media":22268,"template":"","meta":{"_acf_changed":false},"product_brand":[],"product_cat":[380,371],"product_tag":[354,355],"class_list":{"0":"post-28353","1":"product","2":"type-product","3":"status-publish","4":"has-post-thumbnail","6":"product_cat-lhomme-sybarite","7":"product_cat-sybarite-fr","8":"product_tag-nouveau","9":"product_tag-voir","10":"pa_tonalidad-de-color-01-fr","11":"pa_tonalidad-de-color-72-fr","12":"pa_tonalidad-de-color-74-fr","13":"pa_tonalidad-de-color-75-fr","15":"first","16":"instock","17":"purchasable","18":"product-type-variable"},"acf":[],"_links":{"self":[{"href":"https:\/\/suittoeyewear.com\/fr\/wp-json\/wp\/v2\/product\/28353","targetHints":{"allow":["GET"]}}],"collection":[{"href":"https:\/\/suittoeyewear.com\/fr\/wp-json\/wp\/v2\/product"}],"about":[{"href":"https:\/\/suittoeyewear.com\/fr\/wp-json\/wp\/v2\/types\/product"}],"wp:featuredmedia":[{"embeddable":true,"href":"https:\/\/suittoeyewear.com\/fr\/wp-json\/wp\/v2\/media\/22268"}],"wp:attachment":[{"href":"https:\/\/suittoeyewear.com\/fr\/wp-json\/wp\/v2\/media?parent=28353"}],"wp:term":[{"taxonomy":"product_brand","embeddable":true,"href":"https:\/\/suittoeyewear.com\/fr\/wp-json\/wp\/v2\/product_brand?post=28353"},{"taxonomy":"product_cat","embeddable":true,"href":"https:\/\/suittoeyewear.com\/fr\/wp-json\/wp\/v2\/product_cat?post=28353"},{"taxonomy":"product_tag","embeddable":true,"href":"https:\/\/suittoeyewear.com\/fr\/wp-json\/wp\/v2\/product_tag?post=28353"}],"curies":[{"name":"wp","href":"https:\/\/api.w.org\/{rel}","templated":true}]}}