{"id":28386,"date":"2025-05-11T01:13:17","date_gmt":"2025-05-10T23:13:17","guid":{"rendered":"https:\/\/suittoeyewear.com\/modelo\/lup\/"},"modified":"2025-05-24T10:20:58","modified_gmt":"2025-05-24T08:20:58","slug":"lup","status":"publish","type":"product","link":"https:\/\/suittoeyewear.com\/fr\/modele\/lup\/","title":{"rendered":"LUP"},"content":{"rendered":"<p>Dans la constellation du Lupus, au printemps 1006, est apparue la supernova SN 1006, d\u00e9crite par les astronomes chinois et arabes comme ayant la taille d&rsquo;une demi-lune, l&rsquo;\u00e9v\u00e9nement stellaire le plus brillant de l&rsquo;histoire, et visible pendant plus d&rsquo;un an.<\/p>\n","protected":false},"excerpt":{"rendered":"<p>Dans la constellation du Lupus, au printemps 1006, est apparue la supernova SN 1006, d\u00e9crite par les astronomes chinois et arabes comme ayant la taille d&rsquo;une demi-lune, l&rsquo;\u00e9v\u00e9nement stellaire le plus brillant de l&rsquo;histoire, et visible pendant plus d&rsquo;un an.<\/p>\n","protected":false},"featured_media":22700,"template":"","meta":{"_acf_changed":false},"product_brand":[],"product_cat":[411,438],"product_tag":[374],"class_list":{"0":"post-28386","1":"product","2":"type-product","3":"status-publish","4":"has-post-thumbnail","6":"product_cat-supernova-fr","7":"product_cat-supernova-hommes","8":"product_tag-soleil","9":"pa_tonalidad-de-color-69r-fr","10":"pa_tonalidad-de-color-01-fr","11":"pa_tonalidad-de-color-14-fr","12":"pa_tonalidad-de-color-55-fr","14":"first","15":"instock","16":"purchasable","17":"product-type-variable"},"acf":[],"_links":{"self":[{"href":"https:\/\/suittoeyewear.com\/fr\/wp-json\/wp\/v2\/product\/28386","targetHints":{"allow":["GET"]}}],"collection":[{"href":"https:\/\/suittoeyewear.com\/fr\/wp-json\/wp\/v2\/product"}],"about":[{"href":"https:\/\/suittoeyewear.com\/fr\/wp-json\/wp\/v2\/types\/product"}],"wp:featuredmedia":[{"embeddable":true,"href":"https:\/\/suittoeyewear.com\/fr\/wp-json\/wp\/v2\/media\/22700"}],"wp:attachment":[{"href":"https:\/\/suittoeyewear.com\/fr\/wp-json\/wp\/v2\/media?parent=28386"}],"wp:term":[{"taxonomy":"product_brand","embeddable":true,"href":"https:\/\/suittoeyewear.com\/fr\/wp-json\/wp\/v2\/product_brand?post=28386"},{"taxonomy":"product_cat","embeddable":true,"href":"https:\/\/suittoeyewear.com\/fr\/wp-json\/wp\/v2\/product_cat?post=28386"},{"taxonomy":"product_tag","embeddable":true,"href":"https:\/\/suittoeyewear.com\/fr\/wp-json\/wp\/v2\/product_tag?post=28386"}],"curies":[{"name":"wp","href":"https:\/\/api.w.org\/{rel}","templated":true}]}}