{"id":28449,"date":"2025-05-11T01:21:25","date_gmt":"2025-05-10T23:21:25","guid":{"rendered":"https:\/\/suittoeyewear.com\/modelo\/sar\/"},"modified":"2025-05-25T10:19:13","modified_gmt":"2025-05-25T08:19:13","slug":"sar","status":"publish","type":"product","link":"https:\/\/suittoeyewear.com\/fr\/modele\/sar\/","title":{"rendered":"SAR"},"content":{"rendered":"<p>Sarah Breedlove (Delta, 1867 &#8211; Irvington, 1919) \u00c9galement connue sous le nom de C. J. Walker, elle \u00e9tait une chimiste autodidacte. Ses parents et ses fr\u00e8res et s\u0153urs plus \u00e2g\u00e9s \u00e9taient des esclaves de plantation. Elle a appris la chimie dans sa propre cuisine, a d\u00e9couvert un syst\u00e8me pour lisser ses cheveux boucl\u00e9s et a cr\u00e9\u00e9 une entreprise prosp\u00e8re de vente par correspondance, cr\u00e9ant un empire de cosm\u00e9tiques. Elle s&rsquo;est \u00e9galement consacr\u00e9e \u00e0 la formation d&rsquo;autres femmes pour qu&rsquo;elles deviennent chefs d&rsquo;entreprise, aidant ainsi \u00e0 surmonter de nombreuses barri\u00e8res sexistes et racistes.    Elle est consid\u00e9r\u00e9e comme la premi\u00e8re femme millionnaire afro-am\u00e9ricaine \u00ab\u00a0self-made\u00a0\u00bb.<\/p>\n","protected":false},"excerpt":{"rendered":"<p>Sarah Breedlove (Delta, 1867 &#8211; Irvington, 1919) \u00c9galement connue sous le nom de C. J. Walker, elle \u00e9tait une chimiste autodidacte. Ses parents et ses fr\u00e8res et s\u0153urs plus \u00e2g\u00e9s \u00e9taient des esclaves de plantation. Elle a appris la chimie dans sa propre cuisine, a d\u00e9couvert un syst\u00e8me pour lisser ses cheveux boucl\u00e9s et a [&hellip;]<\/p>\n","protected":false},"featured_media":23868,"template":"","meta":{"_acf_changed":false},"product_brand":[],"product_cat":[352,349],"product_tag":[355],"class_list":{"0":"post-28449","1":"product","2":"type-product","3":"status-publish","4":"has-post-thumbnail","6":"product_cat-teste-sur-des-visages","7":"product_cat-teste-sur-des-visages-femme","8":"product_tag-voir","9":"pa_tonalidad-de-color-62r-fr","10":"pa_tonalidad-de-color-76-fr","11":"pa_tonalidad-de-color-01-fr","12":"pa_tonalidad-de-color-66r-fr","14":"first","15":"instock","16":"purchasable","17":"product-type-variable"},"acf":[],"_links":{"self":[{"href":"https:\/\/suittoeyewear.com\/fr\/wp-json\/wp\/v2\/product\/28449","targetHints":{"allow":["GET"]}}],"collection":[{"href":"https:\/\/suittoeyewear.com\/fr\/wp-json\/wp\/v2\/product"}],"about":[{"href":"https:\/\/suittoeyewear.com\/fr\/wp-json\/wp\/v2\/types\/product"}],"wp:featuredmedia":[{"embeddable":true,"href":"https:\/\/suittoeyewear.com\/fr\/wp-json\/wp\/v2\/media\/23868"}],"wp:attachment":[{"href":"https:\/\/suittoeyewear.com\/fr\/wp-json\/wp\/v2\/media?parent=28449"}],"wp:term":[{"taxonomy":"product_brand","embeddable":true,"href":"https:\/\/suittoeyewear.com\/fr\/wp-json\/wp\/v2\/product_brand?post=28449"},{"taxonomy":"product_cat","embeddable":true,"href":"https:\/\/suittoeyewear.com\/fr\/wp-json\/wp\/v2\/product_cat?post=28449"},{"taxonomy":"product_tag","embeddable":true,"href":"https:\/\/suittoeyewear.com\/fr\/wp-json\/wp\/v2\/product_tag?post=28449"}],"curies":[{"name":"wp","href":"https:\/\/api.w.org\/{rel}","templated":true}]}}