{"id":28465,"date":"2025-05-11T01:14:43","date_gmt":"2025-05-10T23:14:43","guid":{"rendered":"https:\/\/suittoeyewear.com\/modelo\/marquesas\/"},"modified":"2025-05-24T09:55:22","modified_gmt":"2025-05-24T07:55:22","slug":"marquesas","status":"publish","type":"product","link":"https:\/\/suittoeyewear.com\/fr\/modele\/marquesas\/","title":{"rendered":"MARQUESAS"},"content":{"rendered":"<p>Les marquises, originaires de Castille, doivent leur nom \u00e0 leur noblesse et \u00e0 leur texture l\u00e9g\u00e8re, presque \u00e9th\u00e9r\u00e9e. Leur d\u00e9licatesse \u00e9voque un design qui recherche la subtilit\u00e9 et la transformation. Avec des lignes pures et une pr\u00e9sence subtile, ces petits d\u00e9lices refl\u00e8tent la beaut\u00e9 du discret, un luxe qui s&rsquo;affiche sans ostentation, comme un bijou qui parle d \u00ab \u00e9l\u00e9gance \u00e0 l \u00bb \u00e9tat pur.  <\/p>\n","protected":false},"excerpt":{"rendered":"<p>Les marquises, originaires de Castille, doivent leur nom \u00e0 leur noblesse et \u00e0 leur texture l\u00e9g\u00e8re, presque \u00e9th\u00e9r\u00e9e. Leur d\u00e9licatesse \u00e9voque un design qui recherche la subtilit\u00e9 et la transformation. Avec des lignes pures et une pr\u00e9sence subtile, ces petits d\u00e9lices refl\u00e8tent la beaut\u00e9 du discret, un luxe qui s&rsquo;affiche sans ostentation, comme un bijou [&hellip;]<\/p>\n","protected":false},"featured_media":22324,"template":"","meta":{"_acf_changed":false},"product_brand":[],"product_cat":[372,371],"product_tag":[354,355],"class_list":{"0":"post-28465","1":"product","2":"type-product","3":"status-publish","4":"has-post-thumbnail","6":"product_cat-femmes-sybarites","7":"product_cat-sybarite-fr","8":"product_tag-nouveau","9":"product_tag-voir","10":"pa_tonalidad-de-color-82-fr","11":"pa_tonalidad-de-color-99-fr","12":"pa_tonalidad-de-color-01-fr","13":"pa_tonalidad-de-color-23-fr","15":"first","16":"instock","17":"purchasable","18":"product-type-variable"},"acf":[],"_links":{"self":[{"href":"https:\/\/suittoeyewear.com\/fr\/wp-json\/wp\/v2\/product\/28465","targetHints":{"allow":["GET"]}}],"collection":[{"href":"https:\/\/suittoeyewear.com\/fr\/wp-json\/wp\/v2\/product"}],"about":[{"href":"https:\/\/suittoeyewear.com\/fr\/wp-json\/wp\/v2\/types\/product"}],"wp:featuredmedia":[{"embeddable":true,"href":"https:\/\/suittoeyewear.com\/fr\/wp-json\/wp\/v2\/media\/22324"}],"wp:attachment":[{"href":"https:\/\/suittoeyewear.com\/fr\/wp-json\/wp\/v2\/media?parent=28465"}],"wp:term":[{"taxonomy":"product_brand","embeddable":true,"href":"https:\/\/suittoeyewear.com\/fr\/wp-json\/wp\/v2\/product_brand?post=28465"},{"taxonomy":"product_cat","embeddable":true,"href":"https:\/\/suittoeyewear.com\/fr\/wp-json\/wp\/v2\/product_cat?post=28465"},{"taxonomy":"product_tag","embeddable":true,"href":"https:\/\/suittoeyewear.com\/fr\/wp-json\/wp\/v2\/product_tag?post=28465"}],"curies":[{"name":"wp","href":"https:\/\/api.w.org\/{rel}","templated":true}]}}