{"id":28473,"date":"2025-05-11T01:16:49","date_gmt":"2025-05-10T23:16:49","guid":{"rendered":"https:\/\/suittoeyewear.com\/modelo\/mor\/"},"modified":"2025-05-24T09:37:01","modified_gmt":"2025-05-24T07:37:01","slug":"mor","status":"publish","type":"product","link":"https:\/\/suittoeyewear.com\/fr\/modele\/mor\/","title":{"rendered":"MOR"},"content":{"rendered":"<p>Garrett Augustus Morgan (Paris, Kentucky 1877 &#8211; Cleveland 1963) \u00e9tait un inventeur am\u00e9ricain autodidacte et un leader social contre le racisme. En 1916, il utilise son masque \u00e0 gaz am\u00e9lior\u00e9 pour sauver des victimes pi\u00e9g\u00e9es par une explosion dans le tunnel du lac \u00c9ri\u00e9, dont son fr\u00e8re Frank.  Cet acte d&rsquo;h\u00e9ro\u00efsme a \u00e9t\u00e9 ignor\u00e9 par les journaux et les autorit\u00e9s. Il re\u00e7oit de nombreuses demandes de masque de la part de pompiers de tout le pays, mais lorsqu&rsquo;on d\u00e9couvre sur les photos du sauvetage qu&rsquo;il est afro-am\u00e9ricain, plusieurs commandes en provenance du Sud sont annul\u00e9es. Apr\u00e8s avoir assist\u00e9 \u00e0 un grave accident de la circulation, il a invent\u00e9 le feu de circulation et l&rsquo;a brevet\u00e9. Il a travaill\u00e9 dans des organisations sociales et a fond\u00e9 le journal Cleveland Call &amp; Post.   <\/p>\n","protected":false},"excerpt":{"rendered":"<p>Garrett Augustus Morgan (Paris, Kentucky 1877 &#8211; Cleveland 1963) \u00e9tait un inventeur am\u00e9ricain autodidacte et un leader social contre le racisme. En 1916, il utilise son masque \u00e0 gaz am\u00e9lior\u00e9 pour sauver des victimes pi\u00e9g\u00e9es par une explosion dans le tunnel du lac \u00c9ri\u00e9, dont son fr\u00e8re Frank. Cet acte d&rsquo;h\u00e9ro\u00efsme a \u00e9t\u00e9 ignor\u00e9 par [&hellip;]<\/p>\n","protected":false},"featured_media":23700,"template":"","meta":{"_acf_changed":false},"product_brand":[],"product_cat":[352,367],"product_tag":[355],"class_list":{"0":"post-28473","1":"product","2":"type-product","3":"status-publish","4":"has-post-thumbnail","6":"product_cat-teste-sur-des-visages","7":"product_cat-teste-sur-des-visages-homme","8":"product_tag-voir","9":"pa_tonalidad-de-color-01-fr","10":"pa_tonalidad-de-color-14-fr","12":"first","13":"instock","14":"purchasable","15":"product-type-variable"},"acf":[],"_links":{"self":[{"href":"https:\/\/suittoeyewear.com\/fr\/wp-json\/wp\/v2\/product\/28473","targetHints":{"allow":["GET"]}}],"collection":[{"href":"https:\/\/suittoeyewear.com\/fr\/wp-json\/wp\/v2\/product"}],"about":[{"href":"https:\/\/suittoeyewear.com\/fr\/wp-json\/wp\/v2\/types\/product"}],"wp:featuredmedia":[{"embeddable":true,"href":"https:\/\/suittoeyewear.com\/fr\/wp-json\/wp\/v2\/media\/23700"}],"wp:attachment":[{"href":"https:\/\/suittoeyewear.com\/fr\/wp-json\/wp\/v2\/media?parent=28473"}],"wp:term":[{"taxonomy":"product_brand","embeddable":true,"href":"https:\/\/suittoeyewear.com\/fr\/wp-json\/wp\/v2\/product_brand?post=28473"},{"taxonomy":"product_cat","embeddable":true,"href":"https:\/\/suittoeyewear.com\/fr\/wp-json\/wp\/v2\/product_cat?post=28473"},{"taxonomy":"product_tag","embeddable":true,"href":"https:\/\/suittoeyewear.com\/fr\/wp-json\/wp\/v2\/product_tag?post=28473"}],"curies":[{"name":"wp","href":"https:\/\/api.w.org\/{rel}","templated":true}]}}