{"id":28477,"date":"2025-05-11T01:15:49","date_gmt":"2025-05-10T23:15:49","guid":{"rendered":"https:\/\/suittoeyewear.com\/modelo\/met\/"},"modified":"2025-05-24T09:46:46","modified_gmt":"2025-05-24T07:46:46","slug":"met","status":"publish","type":"product","link":"https:\/\/suittoeyewear.com\/fr\/modele\/met\/","title":{"rendered":"MET"},"content":{"rendered":"<p>La supernova SN 2017 egm a \u00e9t\u00e9 d\u00e9couverte le 23 mai 2017 par des astronomes de l&rsquo;universit\u00e9 de Cambridge. Elle est situ\u00e9e dans une galaxie spirale \u00e0 environ 420 millions d&rsquo;ann\u00e9es-lumi\u00e8re et pr\u00e9sente une forte concentration d&rsquo;\u00e9l\u00e9ments plus lourds que l&rsquo;hydrog\u00e8ne et l&rsquo;h\u00e9lium. Il s&rsquo;agit de la premi\u00e8re preuve de l&rsquo;apparition d&rsquo;une supernova superlumineuse en m\u00e9tal, raison pour laquelle elle a \u00e9t\u00e9 surnomm\u00e9e Supernova Heavy Metal.  <\/p>\n","protected":false},"excerpt":{"rendered":"<p>La supernova SN 2017 egm a \u00e9t\u00e9 d\u00e9couverte le 23 mai 2017 par des astronomes de l&rsquo;universit\u00e9 de Cambridge. Elle est situ\u00e9e dans une galaxie spirale \u00e0 environ 420 millions d&rsquo;ann\u00e9es-lumi\u00e8re et pr\u00e9sente une forte concentration d&rsquo;\u00e9l\u00e9ments plus lourds que l&rsquo;hydrog\u00e8ne et l&rsquo;h\u00e9lium. Il s&rsquo;agit de la premi\u00e8re preuve de l&rsquo;apparition d&rsquo;une supernova superlumineuse en [&hellip;]<\/p>\n","protected":false},"featured_media":22764,"template":"","meta":{"_acf_changed":false},"product_brand":[],"product_cat":[411,410],"product_tag":[374],"class_list":{"0":"post-28477","1":"product","2":"type-product","3":"status-publish","4":"has-post-thumbnail","6":"product_cat-supernova-fr","7":"product_cat-supernova-femmes","8":"product_tag-soleil","9":"pa_tonalidad-de-color-01-fr","10":"pa_tonalidad-de-color-23-fr","11":"pa_tonalidad-de-color-37-fr","12":"pa_tonalidad-de-color-53-fr","14":"first","15":"instock","16":"purchasable","17":"product-type-variable"},"acf":[],"_links":{"self":[{"href":"https:\/\/suittoeyewear.com\/fr\/wp-json\/wp\/v2\/product\/28477","targetHints":{"allow":["GET"]}}],"collection":[{"href":"https:\/\/suittoeyewear.com\/fr\/wp-json\/wp\/v2\/product"}],"about":[{"href":"https:\/\/suittoeyewear.com\/fr\/wp-json\/wp\/v2\/types\/product"}],"wp:featuredmedia":[{"embeddable":true,"href":"https:\/\/suittoeyewear.com\/fr\/wp-json\/wp\/v2\/media\/22764"}],"wp:attachment":[{"href":"https:\/\/suittoeyewear.com\/fr\/wp-json\/wp\/v2\/media?parent=28477"}],"wp:term":[{"taxonomy":"product_brand","embeddable":true,"href":"https:\/\/suittoeyewear.com\/fr\/wp-json\/wp\/v2\/product_brand?post=28477"},{"taxonomy":"product_cat","embeddable":true,"href":"https:\/\/suittoeyewear.com\/fr\/wp-json\/wp\/v2\/product_cat?post=28477"},{"taxonomy":"product_tag","embeddable":true,"href":"https:\/\/suittoeyewear.com\/fr\/wp-json\/wp\/v2\/product_tag?post=28477"}],"curies":[{"name":"wp","href":"https:\/\/api.w.org\/{rel}","templated":true}]}}