{"id":28497,"date":"2025-05-11T01:15:17","date_gmt":"2025-05-10T23:15:17","guid":{"rendered":"https:\/\/suittoeyewear.com\/modelo\/mer\/"},"modified":"2025-05-24T09:51:54","modified_gmt":"2025-05-24T07:51:54","slug":"mer","status":"publish","type":"product","link":"https:\/\/suittoeyewear.com\/fr\/modele\/mer\/","title":{"rendered":"MER"},"content":{"rendered":"<p>Merit Ptah (\u00c9gypte, 2700 av. J.-C.) est la premi\u00e8re femme m\u00e9decin connue par son nom et peut-\u00eatre aussi la premi\u00e8re femme mentionn\u00e9e dans l&rsquo;histoire des sciences. Son image est visible dans une tombe de la n\u00e9cropole situ\u00e9e pr\u00e8s de la pyramide \u00e0 degr\u00e9s de Saqqara. L&rsquo;Union astronomique internationale a donn\u00e9 son nom \u00e0 un crat\u00e8re d&rsquo;impact sur V\u00e9nus.  <\/p>\n","protected":false},"excerpt":{"rendered":"<p>Merit Ptah (\u00c9gypte, 2700 av. J.-C.) est la premi\u00e8re femme m\u00e9decin connue par son nom et peut-\u00eatre aussi la premi\u00e8re femme mentionn\u00e9e dans l&rsquo;histoire des sciences. Son image est visible dans une tombe de la n\u00e9cropole situ\u00e9e pr\u00e8s de la pyramide \u00e0 degr\u00e9s de Saqqara. L&rsquo;Union astronomique internationale a donn\u00e9 son nom \u00e0 un crat\u00e8re [&hellip;]<\/p>\n","protected":false},"featured_media":23660,"template":"","meta":{"_acf_changed":false},"product_brand":[],"product_cat":[352,349],"product_tag":[355],"class_list":{"0":"post-28497","1":"product","2":"type-product","3":"status-publish","4":"has-post-thumbnail","6":"product_cat-teste-sur-des-visages","7":"product_cat-teste-sur-des-visages-femme","8":"product_tag-voir","9":"pa_tonalidad-de-color-12-fr","10":"pa_tonalidad-de-color-45r-fr","11":"pa_tonalidad-de-color-56r-fr","12":"pa_tonalidad-de-color-57r-fr","14":"first","15":"instock","16":"purchasable","17":"product-type-variable"},"acf":[],"_links":{"self":[{"href":"https:\/\/suittoeyewear.com\/fr\/wp-json\/wp\/v2\/product\/28497","targetHints":{"allow":["GET"]}}],"collection":[{"href":"https:\/\/suittoeyewear.com\/fr\/wp-json\/wp\/v2\/product"}],"about":[{"href":"https:\/\/suittoeyewear.com\/fr\/wp-json\/wp\/v2\/types\/product"}],"wp:featuredmedia":[{"embeddable":true,"href":"https:\/\/suittoeyewear.com\/fr\/wp-json\/wp\/v2\/media\/23660"}],"wp:attachment":[{"href":"https:\/\/suittoeyewear.com\/fr\/wp-json\/wp\/v2\/media?parent=28497"}],"wp:term":[{"taxonomy":"product_brand","embeddable":true,"href":"https:\/\/suittoeyewear.com\/fr\/wp-json\/wp\/v2\/product_brand?post=28497"},{"taxonomy":"product_cat","embeddable":true,"href":"https:\/\/suittoeyewear.com\/fr\/wp-json\/wp\/v2\/product_cat?post=28497"},{"taxonomy":"product_tag","embeddable":true,"href":"https:\/\/suittoeyewear.com\/fr\/wp-json\/wp\/v2\/product_tag?post=28497"}],"curies":[{"name":"wp","href":"https:\/\/api.w.org\/{rel}","templated":true}]}}