{"id":28523,"date":"2025-05-11T00:49:29","date_gmt":"2025-05-10T22:49:29","guid":{"rendered":"https:\/\/suittoeyewear.com\/modelo\/aga\/"},"modified":"2025-05-25T09:35:05","modified_gmt":"2025-05-25T07:35:05","slug":"aga","status":"publish","type":"product","link":"https:\/\/suittoeyewear.com\/fr\/modele\/aga\/","title":{"rendered":"AGA"},"content":{"rendered":"<p>Astronome et philosophe grecque du IIe si\u00e8cle avant J.-C. ou du Ier si\u00e8cle avant J.-C. Elle est consid\u00e9r\u00e9e comme l&rsquo;une des premi\u00e8res femmes astronomes. Consid\u00e9r\u00e9e comme l&rsquo;une des premi\u00e8res femmes astronomes, elle connaissait les p\u00e9riodes d&rsquo;\u00e9clipses de lune, sachant le moment o\u00f9 la lune allait \u00eatre d\u00e9pass\u00e9e par l&rsquo;ombre de la terre, elle faisait croire que c&rsquo;\u00e9tait elle qui dirigeait la lune. La civilisation hell\u00e9nique \u00e9tait tr\u00e8s patriarcale, la femme avait un r\u00f4le secondaire, elle n&rsquo;avait pas de citoyennet\u00e9, elle ne pouvait donc pas participer \u00e0 la vie politique et d\u00e9pendait toujours d&rsquo;un tuteur. Elle \u00e9tait \u00e9duqu\u00e9e exclusivement pour le mariage et d\u00e9veloppait sa vie dans le gyn\u00e9c\u00e9e, qui \u00e9tait la partie de la maison r\u00e9serv\u00e9e aux femmes. Dans un tel contexte misogyne, qu&rsquo;une femme puisse \u00e9galer ou d\u00e9passer les connaissances d&rsquo;un homme ne pouvait s&rsquo;expliquer que par la sorcellerie. En hommage, V\u00e9nus a un crat\u00e8re \u00e0 son nom.     <\/p>\n","protected":false},"excerpt":{"rendered":"<p>Astronome et philosophe grecque du IIe si\u00e8cle avant J.-C. ou du Ier si\u00e8cle avant J.-C. Elle est consid\u00e9r\u00e9e comme l&rsquo;une des premi\u00e8res femmes astronomes. Consid\u00e9r\u00e9e comme l&rsquo;une des premi\u00e8res femmes astronomes, elle connaissait les p\u00e9riodes d&rsquo;\u00e9clipses de lune, sachant le moment o\u00f9 la lune allait \u00eatre d\u00e9pass\u00e9e par l&rsquo;ombre de la terre, elle faisait croire [&hellip;]<\/p>\n","protected":false},"featured_media":23004,"template":"","meta":{"_acf_changed":false},"product_brand":[],"product_cat":[352,349],"product_tag":[355],"class_list":{"0":"post-28523","1":"product","2":"type-product","3":"status-publish","4":"has-post-thumbnail","6":"product_cat-teste-sur-des-visages","7":"product_cat-teste-sur-des-visages-femme","8":"product_tag-voir","9":"pa_tonalidad-de-color-01-fr","10":"pa_tonalidad-de-color-23-fr","11":"pa_tonalidad-de-color-64-fr","12":"pa_tonalidad-de-color-89-fr","14":"first","15":"instock","16":"purchasable","17":"product-type-variable"},"acf":[],"_links":{"self":[{"href":"https:\/\/suittoeyewear.com\/fr\/wp-json\/wp\/v2\/product\/28523","targetHints":{"allow":["GET"]}}],"collection":[{"href":"https:\/\/suittoeyewear.com\/fr\/wp-json\/wp\/v2\/product"}],"about":[{"href":"https:\/\/suittoeyewear.com\/fr\/wp-json\/wp\/v2\/types\/product"}],"wp:featuredmedia":[{"embeddable":true,"href":"https:\/\/suittoeyewear.com\/fr\/wp-json\/wp\/v2\/media\/23004"}],"wp:attachment":[{"href":"https:\/\/suittoeyewear.com\/fr\/wp-json\/wp\/v2\/media?parent=28523"}],"wp:term":[{"taxonomy":"product_brand","embeddable":true,"href":"https:\/\/suittoeyewear.com\/fr\/wp-json\/wp\/v2\/product_brand?post=28523"},{"taxonomy":"product_cat","embeddable":true,"href":"https:\/\/suittoeyewear.com\/fr\/wp-json\/wp\/v2\/product_cat?post=28523"},{"taxonomy":"product_tag","embeddable":true,"href":"https:\/\/suittoeyewear.com\/fr\/wp-json\/wp\/v2\/product_tag?post=28523"}],"curies":[{"name":"wp","href":"https:\/\/api.w.org\/{rel}","templated":true}]}}