{"id":28528,"date":"2025-05-11T00:43:35","date_gmt":"2025-05-10T22:43:35","guid":{"rendered":"https:\/\/suittoeyewear.com\/modelo\/ada\/"},"modified":"2025-05-25T09:38:35","modified_gmt":"2025-05-25T07:38:35","slug":"ada","status":"publish","type":"product","link":"https:\/\/suittoeyewear.com\/fr\/modele\/ada\/","title":{"rendered":"ADA"},"content":{"rendered":"<p>Augusta Ada King, comtesse de Lovelace, (Londres, 1815 &#8211; Londres, 1852), \u00e9tait une \u00e9crivaine, une math\u00e9maticienne, une physicienne et la premi\u00e8re programmeuse informatique. Elle a collabor\u00e9 \u00e0 la conception de la machine analytique de Charles Babbage, capable de r\u00e9soudre des \u00e9quations diff\u00e9rentielles, et a cr\u00e9\u00e9 le premier algorithme trait\u00e9 par une machine. Le langage de programmation Ada, cr\u00e9\u00e9 par le minist\u00e8re am\u00e9ricain de la d\u00e9fense, porte son nom.  <\/p>\n","protected":false},"excerpt":{"rendered":"<p>Augusta Ada King, comtesse de Lovelace, (Londres, 1815 &#8211; Londres, 1852), \u00e9tait une \u00e9crivaine, une math\u00e9maticienne, une physicienne et la premi\u00e8re programmeuse informatique. Elle a collabor\u00e9 \u00e0 la conception de la machine analytique de Charles Babbage, capable de r\u00e9soudre des \u00e9quations diff\u00e9rentielles, et a cr\u00e9\u00e9 le premier algorithme trait\u00e9 par une machine. Le langage de [&hellip;]<\/p>\n","protected":false},"featured_media":22972,"template":"","meta":{"_acf_changed":false},"product_brand":[],"product_cat":[352,349],"product_tag":[355],"class_list":{"0":"post-28528","1":"product","2":"type-product","3":"status-publish","4":"has-post-thumbnail","6":"product_cat-teste-sur-des-visages","7":"product_cat-teste-sur-des-visages-femme","8":"product_tag-voir","9":"pa_tonalidad-de-color-40-fr","10":"pa_tonalidad-de-color-45-fr","11":"pa_tonalidad-de-color-76-fr","12":"pa_tonalidad-de-color-12-fr","14":"first","15":"instock","16":"purchasable","17":"product-type-variable"},"acf":[],"_links":{"self":[{"href":"https:\/\/suittoeyewear.com\/fr\/wp-json\/wp\/v2\/product\/28528","targetHints":{"allow":["GET"]}}],"collection":[{"href":"https:\/\/suittoeyewear.com\/fr\/wp-json\/wp\/v2\/product"}],"about":[{"href":"https:\/\/suittoeyewear.com\/fr\/wp-json\/wp\/v2\/types\/product"}],"wp:featuredmedia":[{"embeddable":true,"href":"https:\/\/suittoeyewear.com\/fr\/wp-json\/wp\/v2\/media\/22972"}],"wp:attachment":[{"href":"https:\/\/suittoeyewear.com\/fr\/wp-json\/wp\/v2\/media?parent=28528"}],"wp:term":[{"taxonomy":"product_brand","embeddable":true,"href":"https:\/\/suittoeyewear.com\/fr\/wp-json\/wp\/v2\/product_brand?post=28528"},{"taxonomy":"product_cat","embeddable":true,"href":"https:\/\/suittoeyewear.com\/fr\/wp-json\/wp\/v2\/product_cat?post=28528"},{"taxonomy":"product_tag","embeddable":true,"href":"https:\/\/suittoeyewear.com\/fr\/wp-json\/wp\/v2\/product_tag?post=28528"}],"curies":[{"name":"wp","href":"https:\/\/api.w.org\/{rel}","templated":true}]}}