{"id":28549,"date":"2025-05-11T00:53:24","date_gmt":"2025-05-10T22:53:24","guid":{"rendered":"https:\/\/suittoeyewear.com\/modelo\/baumkuchen\/"},"modified":"2025-05-25T09:15:34","modified_gmt":"2025-05-25T07:15:34","slug":"baumkuchen","status":"publish","type":"product","link":"https:\/\/suittoeyewear.com\/fr\/modele\/baumkuchen\/","title":{"rendered":"BAUMKUCHEN"},"content":{"rendered":"<p>Ce g\u00e2teau allemand, le Baumk\u00fcchen, est connu pour ses couches tr\u00e8s fines qui sont cuites une \u00e0 une, formant des anneaux qui marquent le passage du temps. Sa conception, construite avec patience et pr\u00e9cision, refl\u00e8te le souci du d\u00e9tail et de la r\u00e9p\u00e9tition que l&rsquo;on trouve dans la nature elle-m\u00eame. Un g\u00e2teau \u00e0 savourer pour sa structure minutieuse et son go\u00fbt \u00e9l\u00e9gant.  <\/p>\n","protected":false},"excerpt":{"rendered":"<p>Ce g\u00e2teau allemand, le Baumk\u00fcchen, est connu pour ses couches tr\u00e8s fines qui sont cuites une \u00e0 une, formant des anneaux qui marquent le passage du temps. Sa conception, construite avec patience et pr\u00e9cision, refl\u00e8te le souci du d\u00e9tail et de la r\u00e9p\u00e9tition que l&rsquo;on trouve dans la nature elle-m\u00eame. Un g\u00e2teau \u00e0 savourer pour [&hellip;]<\/p>\n","protected":false},"featured_media":21756,"template":"","meta":{"_acf_changed":false},"product_brand":[],"product_cat":[380,371],"product_tag":[354,355],"class_list":{"0":"post-28549","1":"product","2":"type-product","3":"status-publish","4":"has-post-thumbnail","6":"product_cat-lhomme-sybarite","7":"product_cat-sybarite-fr","8":"product_tag-nouveau","9":"product_tag-voir","10":"pa_tonalidad-de-color-01-fr","11":"pa_tonalidad-de-color-72-fr","12":"pa_tonalidad-de-color-75-fr","13":"pa_tonalidad-de-color-77-fr","15":"first","16":"instock","17":"purchasable","18":"product-type-variable"},"acf":[],"_links":{"self":[{"href":"https:\/\/suittoeyewear.com\/fr\/wp-json\/wp\/v2\/product\/28549","targetHints":{"allow":["GET"]}}],"collection":[{"href":"https:\/\/suittoeyewear.com\/fr\/wp-json\/wp\/v2\/product"}],"about":[{"href":"https:\/\/suittoeyewear.com\/fr\/wp-json\/wp\/v2\/types\/product"}],"wp:featuredmedia":[{"embeddable":true,"href":"https:\/\/suittoeyewear.com\/fr\/wp-json\/wp\/v2\/media\/21756"}],"wp:attachment":[{"href":"https:\/\/suittoeyewear.com\/fr\/wp-json\/wp\/v2\/media?parent=28549"}],"wp:term":[{"taxonomy":"product_brand","embeddable":true,"href":"https:\/\/suittoeyewear.com\/fr\/wp-json\/wp\/v2\/product_brand?post=28549"},{"taxonomy":"product_cat","embeddable":true,"href":"https:\/\/suittoeyewear.com\/fr\/wp-json\/wp\/v2\/product_cat?post=28549"},{"taxonomy":"product_tag","embeddable":true,"href":"https:\/\/suittoeyewear.com\/fr\/wp-json\/wp\/v2\/product_tag?post=28549"}],"curies":[{"name":"wp","href":"https:\/\/api.w.org\/{rel}","templated":true}]}}