{"id":28550,"date":"2025-05-11T00:50:42","date_gmt":"2025-05-10T22:50:42","guid":{"rendered":"https:\/\/suittoeyewear.com\/modelo\/et\/"},"modified":"2025-05-25T09:26:15","modified_gmt":"2025-05-25T07:26:15","slug":"and","status":"publish","type":"product","link":"https:\/\/suittoeyewear.com\/fr\/modele\/and\/","title":{"rendered":"AND"},"content":{"rendered":"<p>ET : La supernova SN 1885A, \u00e9galement connue sous le nom de supernova Andromedae, a \u00e9t\u00e9 d\u00e9couverte le 19 ao\u00fbt 1885 par l&rsquo;astronome irlandais Isaac Ward et un jour plus tard par l&rsquo;astronome estonien Ernst Hartwing. C&rsquo;est la seule supernova enregistr\u00e9e dans la galaxie d&rsquo;Androm\u00e8de. <\/p>\n","protected":false},"excerpt":{"rendered":"<p>ET : La supernova SN 1885A, \u00e9galement connue sous le nom de supernova Andromedae, a \u00e9t\u00e9 d\u00e9couverte le 19 ao\u00fbt 1885 par l&rsquo;astronome irlandais Isaac Ward et un jour plus tard par l&rsquo;astronome estonien Ernst Hartwing. C&rsquo;est la seule supernova enregistr\u00e9e dans la galaxie d&rsquo;Androm\u00e8de.<\/p>\n","protected":false},"featured_media":22564,"template":"","meta":{"_acf_changed":false},"product_brand":[],"product_cat":[411,410],"product_tag":[374],"class_list":{"0":"post-28550","1":"product","2":"type-product","3":"status-publish","4":"has-post-thumbnail","6":"product_cat-supernova-fr","7":"product_cat-supernova-femmes","8":"product_tag-soleil","9":"pa_tonalidad-de-color-01-fr","10":"pa_tonalidad-de-color-23-fr","11":"pa_tonalidad-de-color-48-fr","12":"pa_tonalidad-de-color-67-fr","14":"first","15":"instock","16":"purchasable","17":"product-type-variable"},"acf":[],"_links":{"self":[{"href":"https:\/\/suittoeyewear.com\/fr\/wp-json\/wp\/v2\/product\/28550","targetHints":{"allow":["GET"]}}],"collection":[{"href":"https:\/\/suittoeyewear.com\/fr\/wp-json\/wp\/v2\/product"}],"about":[{"href":"https:\/\/suittoeyewear.com\/fr\/wp-json\/wp\/v2\/types\/product"}],"wp:featuredmedia":[{"embeddable":true,"href":"https:\/\/suittoeyewear.com\/fr\/wp-json\/wp\/v2\/media\/22564"}],"wp:attachment":[{"href":"https:\/\/suittoeyewear.com\/fr\/wp-json\/wp\/v2\/media?parent=28550"}],"wp:term":[{"taxonomy":"product_brand","embeddable":true,"href":"https:\/\/suittoeyewear.com\/fr\/wp-json\/wp\/v2\/product_brand?post=28550"},{"taxonomy":"product_cat","embeddable":true,"href":"https:\/\/suittoeyewear.com\/fr\/wp-json\/wp\/v2\/product_cat?post=28550"},{"taxonomy":"product_tag","embeddable":true,"href":"https:\/\/suittoeyewear.com\/fr\/wp-json\/wp\/v2\/product_tag?post=28550"}],"curies":[{"name":"wp","href":"https:\/\/api.w.org\/{rel}","templated":true}]}}