{"id":28560,"date":"2025-05-11T00:54:21","date_gmt":"2025-05-10T22:54:21","guid":{"rendered":"https:\/\/suittoeyewear.com\/modelo\/bica\/"},"modified":"2025-05-25T09:10:06","modified_gmt":"2025-05-25T07:10:06","slug":"bica","status":"publish","type":"product","link":"https:\/\/suittoeyewear.com\/fr\/modele\/bica\/","title":{"rendered":"BICA"},"content":{"rendered":"<p>Originaire de Galice, la Bica est un g\u00e2teau simple mais plein d \u00ab \u00e2me, \u00e0 la mie dense et \u00e0 la couleur dor\u00e9e. Sa sobri\u00e9t\u00e9 refl\u00e8te un design chaleureux, plein de nuances qui \u00e9voquent une profonde s\u00e9r\u00e9nit\u00e9. Bien que modeste en apparence, la richesse de sa saveur se d\u00e9voile \u00e0 chaque tranche, comme un chef-d \u00bb \u0153uvre qui sait accompagner sans pr\u00e9tention, mais qui laisse une trace ind\u00e9l\u00e9bile.  <\/p>\n","protected":false},"excerpt":{"rendered":"<p>Originaire de Galice, la Bica est un g\u00e2teau simple mais plein d \u00ab \u00e2me, \u00e0 la mie dense et \u00e0 la couleur dor\u00e9e. Sa sobri\u00e9t\u00e9 refl\u00e8te un design chaleureux, plein de nuances qui \u00e9voquent une profonde s\u00e9r\u00e9nit\u00e9. Bien que modeste en apparence, la richesse de sa saveur se d\u00e9voile \u00e0 chaque tranche, comme un chef-d [&hellip;]<\/p>\n","protected":false},"featured_media":21772,"template":"","meta":{"_acf_changed":false},"product_brand":[],"product_cat":[372,371],"product_tag":[354,355],"class_list":{"0":"post-28560","1":"product","2":"type-product","3":"status-publish","4":"has-post-thumbnail","6":"product_cat-femmes-sybarites","7":"product_cat-sybarite-fr","8":"product_tag-nouveau","9":"product_tag-voir","10":"pa_tonalidad-de-color-89-fr","11":"pa_tonalidad-de-color-92-fr","12":"pa_tonalidad-de-color-99-fr","13":"pa_tonalidad-de-color-01-fr","15":"first","16":"instock","17":"purchasable","18":"product-type-variable"},"acf":[],"_links":{"self":[{"href":"https:\/\/suittoeyewear.com\/fr\/wp-json\/wp\/v2\/product\/28560","targetHints":{"allow":["GET"]}}],"collection":[{"href":"https:\/\/suittoeyewear.com\/fr\/wp-json\/wp\/v2\/product"}],"about":[{"href":"https:\/\/suittoeyewear.com\/fr\/wp-json\/wp\/v2\/types\/product"}],"wp:featuredmedia":[{"embeddable":true,"href":"https:\/\/suittoeyewear.com\/fr\/wp-json\/wp\/v2\/media\/21772"}],"wp:attachment":[{"href":"https:\/\/suittoeyewear.com\/fr\/wp-json\/wp\/v2\/media?parent=28560"}],"wp:term":[{"taxonomy":"product_brand","embeddable":true,"href":"https:\/\/suittoeyewear.com\/fr\/wp-json\/wp\/v2\/product_brand?post=28560"},{"taxonomy":"product_cat","embeddable":true,"href":"https:\/\/suittoeyewear.com\/fr\/wp-json\/wp\/v2\/product_cat?post=28560"},{"taxonomy":"product_tag","embeddable":true,"href":"https:\/\/suittoeyewear.com\/fr\/wp-json\/wp\/v2\/product_tag?post=28560"}],"curies":[{"name":"wp","href":"https:\/\/api.w.org\/{rel}","templated":true}]}}