{"id":28568,"date":"2025-05-11T00:53:53","date_gmt":"2025-05-10T22:53:53","guid":{"rendered":"https:\/\/suittoeyewear.com\/modelo\/ber\/"},"modified":"2025-05-25T09:13:17","modified_gmt":"2025-05-25T07:13:17","slug":"ber","status":"publish","type":"product","link":"https:\/\/suittoeyewear.com\/fr\/modele\/ber\/","title":{"rendered":"BER"},"content":{"rendered":"<p>Berta Karlik (Vienne 1904 &#8211; 1990) \u00e9tait docteur en physique et la premi\u00e8re femme professeur \u00e0 l&rsquo;universit\u00e9 de Vienne. En collaboration avec Ernst Foyn, elle a publi\u00e9 un article sur la radioactivit\u00e9 de l&rsquo;eau de mer et d\u00e9couvert que l&rsquo;astate provient de la d\u00e9sint\u00e9gration de l&rsquo;uranium et du thorium. Ernst Foyn a mis \u00e0 profit ses connaissances en oc\u00e9anographie et en radioactivit\u00e9. Ses travaux ont permis de mettre en \u00e9vidence le probl\u00e8me biologique de la contamination de l&rsquo;eau de mer par l&rsquo;uranium.   <\/p>\n","protected":false},"excerpt":{"rendered":"<p>Berta Karlik (Vienne 1904 &#8211; 1990) \u00e9tait docteur en physique et la premi\u00e8re femme professeur \u00e0 l&rsquo;universit\u00e9 de Vienne. En collaboration avec Ernst Foyn, elle a publi\u00e9 un article sur la radioactivit\u00e9 de l&rsquo;eau de mer et d\u00e9couvert que l&rsquo;astate provient de la d\u00e9sint\u00e9gration de l&rsquo;uranium et du thorium. Ernst Foyn a mis \u00e0 profit [&hellip;]<\/p>\n","protected":false},"featured_media":23036,"template":"","meta":{"_acf_changed":false},"product_brand":[],"product_cat":[352,349],"product_tag":[355],"class_list":{"0":"post-28568","1":"product","2":"type-product","3":"status-publish","4":"has-post-thumbnail","6":"product_cat-teste-sur-des-visages","7":"product_cat-teste-sur-des-visages-femme","8":"product_tag-voir","9":"pa_tonalidad-de-color-42-fr","10":"pa_tonalidad-de-color-45-fr","11":"pa_tonalidad-de-color-65-fr","12":"pa_tonalidad-de-color-66-fr","13":"pa_tonalidad-de-color-99-fr","15":"first","16":"instock","17":"purchasable","18":"product-type-variable"},"acf":[],"_links":{"self":[{"href":"https:\/\/suittoeyewear.com\/fr\/wp-json\/wp\/v2\/product\/28568","targetHints":{"allow":["GET"]}}],"collection":[{"href":"https:\/\/suittoeyewear.com\/fr\/wp-json\/wp\/v2\/product"}],"about":[{"href":"https:\/\/suittoeyewear.com\/fr\/wp-json\/wp\/v2\/types\/product"}],"wp:featuredmedia":[{"embeddable":true,"href":"https:\/\/suittoeyewear.com\/fr\/wp-json\/wp\/v2\/media\/23036"}],"wp:attachment":[{"href":"https:\/\/suittoeyewear.com\/fr\/wp-json\/wp\/v2\/media?parent=28568"}],"wp:term":[{"taxonomy":"product_brand","embeddable":true,"href":"https:\/\/suittoeyewear.com\/fr\/wp-json\/wp\/v2\/product_brand?post=28568"},{"taxonomy":"product_cat","embeddable":true,"href":"https:\/\/suittoeyewear.com\/fr\/wp-json\/wp\/v2\/product_cat?post=28568"},{"taxonomy":"product_tag","embeddable":true,"href":"https:\/\/suittoeyewear.com\/fr\/wp-json\/wp\/v2\/product_tag?post=28568"}],"curies":[{"name":"wp","href":"https:\/\/api.w.org\/{rel}","templated":true}]}}