{"id":28613,"date":"2025-05-11T00:55:21","date_gmt":"2025-05-10T22:55:21","guid":{"rendered":"https:\/\/suittoeyewear.com\/modelo\/buchteln\/"},"modified":"2025-05-24T13:04:44","modified_gmt":"2025-05-24T11:04:44","slug":"buchteln","status":"publish","type":"product","link":"https:\/\/suittoeyewear.com\/fr\/modele\/buchteln\/","title":{"rendered":"BUCHTELN"},"content":{"rendered":"<p>Originaires d&rsquo;Europe centrale, les Buchteln sont de petites brioches cuites ensemble pour former une unit\u00e9 dor\u00e9e et spongieuse. Le geste de les s\u00e9parer r\u00e9v\u00e8le une richesse int\u00e9rieure. Cette dualit\u00e9 de la structure ext\u00e9rieure et int\u00e9rieure se refl\u00e8te dans un design qui embrasse, prot\u00e8ge et surprend, montrant que les choses les plus simples peuvent contenir les choses les plus pr\u00e9cieuses.  <\/p>\n","protected":false},"excerpt":{"rendered":"<p>Originaires d&rsquo;Europe centrale, les Buchteln sont de petites brioches cuites ensemble pour former une unit\u00e9 dor\u00e9e et spongieuse. Le geste de les s\u00e9parer r\u00e9v\u00e8le une richesse int\u00e9rieure. Cette dualit\u00e9 de la structure ext\u00e9rieure et int\u00e9rieure se refl\u00e8te dans un design qui embrasse, prot\u00e8ge et surprend, montrant que les choses les plus simples peuvent contenir les [&hellip;]<\/p>\n","protected":false},"featured_media":21812,"template":"","meta":{"_acf_changed":false},"product_brand":[],"product_cat":[380,371],"product_tag":[354,355],"class_list":{"0":"post-28613","1":"product","2":"type-product","3":"status-publish","4":"has-post-thumbnail","6":"product_cat-lhomme-sybarite","7":"product_cat-sybarite-fr","8":"product_tag-nouveau","9":"product_tag-voir","10":"pa_tonalidad-de-color-70-fr","11":"pa_tonalidad-de-color-76-fr","12":"pa_tonalidad-de-color-88-fr","13":"pa_tonalidad-de-color-01-fr","15":"first","16":"instock","17":"purchasable","18":"product-type-variable"},"acf":[],"_links":{"self":[{"href":"https:\/\/suittoeyewear.com\/fr\/wp-json\/wp\/v2\/product\/28613","targetHints":{"allow":["GET"]}}],"collection":[{"href":"https:\/\/suittoeyewear.com\/fr\/wp-json\/wp\/v2\/product"}],"about":[{"href":"https:\/\/suittoeyewear.com\/fr\/wp-json\/wp\/v2\/types\/product"}],"wp:featuredmedia":[{"embeddable":true,"href":"https:\/\/suittoeyewear.com\/fr\/wp-json\/wp\/v2\/media\/21812"}],"wp:attachment":[{"href":"https:\/\/suittoeyewear.com\/fr\/wp-json\/wp\/v2\/media?parent=28613"}],"wp:term":[{"taxonomy":"product_brand","embeddable":true,"href":"https:\/\/suittoeyewear.com\/fr\/wp-json\/wp\/v2\/product_brand?post=28613"},{"taxonomy":"product_cat","embeddable":true,"href":"https:\/\/suittoeyewear.com\/fr\/wp-json\/wp\/v2\/product_cat?post=28613"},{"taxonomy":"product_tag","embeddable":true,"href":"https:\/\/suittoeyewear.com\/fr\/wp-json\/wp\/v2\/product_tag?post=28613"}],"curies":[{"name":"wp","href":"https:\/\/api.w.org\/{rel}","templated":true}]}}