{"id":28641,"date":"2025-05-11T00:54:51","date_gmt":"2025-05-10T22:54:51","guid":{"rendered":"https:\/\/suittoeyewear.com\/modelo\/bre\/"},"modified":"2025-05-25T09:05:33","modified_gmt":"2025-05-25T07:05:33","slug":"bre","status":"publish","type":"product","link":"https:\/\/suittoeyewear.com\/fr\/modele\/bre\/","title":{"rendered":"BRE"},"content":{"rendered":"<p>Madeleine Br\u00e8s (Bouillargues, 1842 &#8211; Montrouge, 1921) a \u00e9t\u00e9 la premi\u00e8re femme fran\u00e7aise \u00e0 obtenir un dipl\u00f4me de m\u00e9decine. Avec l&rsquo;accord de son mari, elle s&rsquo;inscrit en m\u00e9decine, mais le doyen de la facult\u00e9 l&rsquo;oblige \u00e0 suivre d&rsquo;abord un cursus en lettres et sciences. Finalement, avec l&rsquo;approbation du Conseil des ministres fran\u00e7ais et de l&rsquo;imp\u00e9ratrice Eug\u00e9nie de Montijo, elle a pu \u00e9tudier la m\u00e9decine \u00e0 Paris. P\u00e9diatre et professeur d&rsquo;hygi\u00e8ne dans des cr\u00e8ches en France et en Suisse, elle a dirig\u00e9 la revue Hygi\u00e8ne de la femme et de l&rsquo;enfant et est l&rsquo;auteur de plusieurs ouvrages sur la pu\u00e9riculture.   <\/p>\n","protected":false},"excerpt":{"rendered":"<p>Madeleine Br\u00e8s (Bouillargues, 1842 &#8211; Montrouge, 1921) a \u00e9t\u00e9 la premi\u00e8re femme fran\u00e7aise \u00e0 obtenir un dipl\u00f4me de m\u00e9decine. Avec l&rsquo;accord de son mari, elle s&rsquo;inscrit en m\u00e9decine, mais le doyen de la facult\u00e9 l&rsquo;oblige \u00e0 suivre d&rsquo;abord un cursus en lettres et sciences. Finalement, avec l&rsquo;approbation du Conseil des ministres fran\u00e7ais et de l&rsquo;imp\u00e9ratrice [&hellip;]<\/p>\n","protected":false},"featured_media":23076,"template":"","meta":{"_acf_changed":false},"product_brand":[],"product_cat":[352,349],"product_tag":[355],"class_list":{"0":"post-28641","1":"product","2":"type-product","3":"status-publish","4":"has-post-thumbnail","6":"product_cat-teste-sur-des-visages","7":"product_cat-teste-sur-des-visages-femme","8":"product_tag-voir","9":"pa_tonalidad-de-color-01-fr","10":"pa_tonalidad-de-color-30-fr","11":"pa_tonalidad-de-color-3023-fr","12":"pa_tonalidad-de-color-3217-fr","14":"first","15":"instock","16":"purchasable","17":"product-type-variable"},"acf":[],"_links":{"self":[{"href":"https:\/\/suittoeyewear.com\/fr\/wp-json\/wp\/v2\/product\/28641","targetHints":{"allow":["GET"]}}],"collection":[{"href":"https:\/\/suittoeyewear.com\/fr\/wp-json\/wp\/v2\/product"}],"about":[{"href":"https:\/\/suittoeyewear.com\/fr\/wp-json\/wp\/v2\/types\/product"}],"wp:featuredmedia":[{"embeddable":true,"href":"https:\/\/suittoeyewear.com\/fr\/wp-json\/wp\/v2\/media\/23076"}],"wp:attachment":[{"href":"https:\/\/suittoeyewear.com\/fr\/wp-json\/wp\/v2\/media?parent=28641"}],"wp:term":[{"taxonomy":"product_brand","embeddable":true,"href":"https:\/\/suittoeyewear.com\/fr\/wp-json\/wp\/v2\/product_brand?post=28641"},{"taxonomy":"product_cat","embeddable":true,"href":"https:\/\/suittoeyewear.com\/fr\/wp-json\/wp\/v2\/product_cat?post=28641"},{"taxonomy":"product_tag","embeddable":true,"href":"https:\/\/suittoeyewear.com\/fr\/wp-json\/wp\/v2\/product_tag?post=28641"}],"curies":[{"name":"wp","href":"https:\/\/api.w.org\/{rel}","templated":true}]}}