{"id":28656,"date":"2025-05-11T00:56:59","date_gmt":"2025-05-10T22:56:59","guid":{"rendered":"https:\/\/suittoeyewear.com\/modelo\/peut\/"},"modified":"2025-05-24T12:54:39","modified_gmt":"2025-05-24T10:54:39","slug":"peut","status":"publish","type":"product","link":"https:\/\/suittoeyewear.com\/fr\/modele\/peut\/","title":{"rendered":"CAN"},"content":{"rendered":"<p>Le 4 juillet 1054, des astronomes chinois ont observ\u00e9 la supernova SN 1054 appara\u00eetre dans la constellation du Taureau. Les Indiens Anasazi de l&rsquo;actuelle Arizona, aux \u00c9tats-Unis, l&rsquo;ont \u00e9galement observ\u00e9e et l&rsquo;ont repr\u00e9sent\u00e9e sur un p\u00e9troglyphe dans le canyon de Chaco. La n\u00e9buleuse du Crabe, qui en est le vestige, est actuellement 75 000 fois plus \u00e9nerg\u00e9tique que le soleil.  <\/p>\n","protected":false},"excerpt":{"rendered":"<p>Le 4 juillet 1054, des astronomes chinois ont observ\u00e9 la supernova SN 1054 appara\u00eetre dans la constellation du Taureau. Les Indiens Anasazi de l&rsquo;actuelle Arizona, aux \u00c9tats-Unis, l&rsquo;ont \u00e9galement observ\u00e9e et l&rsquo;ont repr\u00e9sent\u00e9e sur un p\u00e9troglyphe dans le canyon de Chaco. La n\u00e9buleuse du Crabe, qui en est le vestige, est actuellement 75 000 fois [&hellip;]<\/p>\n","protected":false},"featured_media":22604,"template":"","meta":{"_acf_changed":false},"product_brand":[],"product_cat":[411,410],"product_tag":[374],"class_list":{"0":"post-28656","1":"product","2":"type-product","3":"status-publish","4":"has-post-thumbnail","6":"product_cat-supernova-fr","7":"product_cat-supernova-femmes","8":"product_tag-soleil","9":"pa_tonalidad-de-color-45-fr","10":"pa_tonalidad-de-color-01-fr","11":"pa_tonalidad-de-color-23-fr","12":"pa_tonalidad-de-color-49-fr","14":"first","15":"instock","16":"purchasable","17":"product-type-variable"},"acf":[],"_links":{"self":[{"href":"https:\/\/suittoeyewear.com\/fr\/wp-json\/wp\/v2\/product\/28656","targetHints":{"allow":["GET"]}}],"collection":[{"href":"https:\/\/suittoeyewear.com\/fr\/wp-json\/wp\/v2\/product"}],"about":[{"href":"https:\/\/suittoeyewear.com\/fr\/wp-json\/wp\/v2\/types\/product"}],"wp:featuredmedia":[{"embeddable":true,"href":"https:\/\/suittoeyewear.com\/fr\/wp-json\/wp\/v2\/media\/22604"}],"wp:attachment":[{"href":"https:\/\/suittoeyewear.com\/fr\/wp-json\/wp\/v2\/media?parent=28656"}],"wp:term":[{"taxonomy":"product_brand","embeddable":true,"href":"https:\/\/suittoeyewear.com\/fr\/wp-json\/wp\/v2\/product_brand?post=28656"},{"taxonomy":"product_cat","embeddable":true,"href":"https:\/\/suittoeyewear.com\/fr\/wp-json\/wp\/v2\/product_cat?post=28656"},{"taxonomy":"product_tag","embeddable":true,"href":"https:\/\/suittoeyewear.com\/fr\/wp-json\/wp\/v2\/product_tag?post=28656"}],"curies":[{"name":"wp","href":"https:\/\/api.w.org\/{rel}","templated":true}]}}