{"id":28676,"date":"2025-05-11T00:56:26","date_gmt":"2025-05-10T22:56:26","guid":{"rendered":"https:\/\/suittoeyewear.com\/modelo\/bul\/"},"modified":"2025-05-24T12:57:53","modified_gmt":"2025-05-24T10:57:53","slug":"bul","status":"publish","type":"product","link":"https:\/\/suittoeyewear.com\/fr\/modele\/bul\/","title":{"rendered":"BUL"},"content":{"rendered":"<p>Margaret Ann Bulkley (Belfast 1795 &#8211; Londres 1865) \u00e9tait chirurgien et inspecteur g\u00e9n\u00e9ral des h\u00f4pitaux de l&rsquo;arm\u00e9e britannique. En tant que femme, elle n&rsquo;a pas pu \u00e9tudier la m\u00e9decine et a d\u00fb changer d&rsquo;identit\u00e9 tout au long de sa vie pour devenir James Barry. Elle a servi \u00e0 la bataille de Waterloo, en Inde et en Afrique du Sud. Il s&rsquo;est battu pour une m\u00e9decine \u00e9thique qui respecte les malades, en particulier les prisonniers et les l\u00e9preux. Il a donn\u00e9 des instructions pour que le jour de sa mort, il soit enterr\u00e9 dans les v\u00eatements qu&rsquo;il portait, mais ses souhaits n&rsquo;ont pas \u00e9t\u00e9 respect\u00e9s et l&rsquo;on a d\u00e9couvert qu&rsquo;il \u00e9tait en fait une femme et qu&rsquo;il avait \u00e9t\u00e9 enceinte. Elle devint la premi\u00e8re femme \u00e0 obtenir un dipl\u00f4me de m\u00e9decine et \u00e0 servir dans l&rsquo;arm\u00e9e britannique.     <\/p>\n","protected":false},"excerpt":{"rendered":"<p>Margaret Ann Bulkley (Belfast 1795 &#8211; Londres 1865) \u00e9tait chirurgien et inspecteur g\u00e9n\u00e9ral des h\u00f4pitaux de l&rsquo;arm\u00e9e britannique. En tant que femme, elle n&rsquo;a pas pu \u00e9tudier la m\u00e9decine et a d\u00fb changer d&rsquo;identit\u00e9 tout au long de sa vie pour devenir James Barry. Elle a servi \u00e0 la bataille de Waterloo, en Inde et [&hellip;]<\/p>\n","protected":false},"featured_media":23148,"template":"","meta":{"_acf_changed":false},"product_brand":[],"product_cat":[352,367],"product_tag":[355],"class_list":{"0":"post-28676","1":"product","2":"type-product","3":"status-publish","4":"has-post-thumbnail","6":"product_cat-teste-sur-des-visages","7":"product_cat-teste-sur-des-visages-homme","8":"product_tag-voir","9":"pa_tonalidad-de-color-23-fr","10":"pa_tonalidad-de-color-39-fr","11":"pa_tonalidad-de-color-42-fr","12":"pa_tonalidad-de-color-57r-fr","13":"pa_tonalidad-de-color-78-fr","15":"first","16":"instock","17":"purchasable","18":"product-type-variable"},"acf":[],"_links":{"self":[{"href":"https:\/\/suittoeyewear.com\/fr\/wp-json\/wp\/v2\/product\/28676","targetHints":{"allow":["GET"]}}],"collection":[{"href":"https:\/\/suittoeyewear.com\/fr\/wp-json\/wp\/v2\/product"}],"about":[{"href":"https:\/\/suittoeyewear.com\/fr\/wp-json\/wp\/v2\/types\/product"}],"wp:featuredmedia":[{"embeddable":true,"href":"https:\/\/suittoeyewear.com\/fr\/wp-json\/wp\/v2\/media\/23148"}],"wp:attachment":[{"href":"https:\/\/suittoeyewear.com\/fr\/wp-json\/wp\/v2\/media?parent=28676"}],"wp:term":[{"taxonomy":"product_brand","embeddable":true,"href":"https:\/\/suittoeyewear.com\/fr\/wp-json\/wp\/v2\/product_brand?post=28676"},{"taxonomy":"product_cat","embeddable":true,"href":"https:\/\/suittoeyewear.com\/fr\/wp-json\/wp\/v2\/product_cat?post=28676"},{"taxonomy":"product_tag","embeddable":true,"href":"https:\/\/suittoeyewear.com\/fr\/wp-json\/wp\/v2\/product_tag?post=28676"}],"curies":[{"name":"wp","href":"https:\/\/api.w.org\/{rel}","templated":true}]}}