{"id":28686,"date":"2025-05-11T00:57:26","date_gmt":"2025-05-10T22:57:26","guid":{"rendered":"https:\/\/suittoeyewear.com\/modelo\/car\/"},"modified":"2025-05-24T12:52:05","modified_gmt":"2025-05-24T10:52:05","slug":"car","status":"publish","type":"product","link":"https:\/\/suittoeyewear.com\/fr\/modele\/car\/","title":{"rendered":"CAR"},"content":{"rendered":"<p>Caroline Lucretia Herschel (Hanovre, 1750 &#8211; 1848), astronome allemande, a travaill\u00e9 en Angleterre avec son fr\u00e8re Sir William Herschel sur leurs t\u00e9lescopes et leurs observations. Elle a d\u00e9couvert huit com\u00e8tes, dont six portent son nom. Elle fut la premi\u00e8re femme \u00e0 pr\u00e9senter une communication \u00e0 la Royal Astronomical Society et fut, avec Mary Fairfax Somerville, les deux premi\u00e8res femmes \u00e9lues \u00e0 la Royal Astronomical Society.  <\/p>\n","protected":false},"excerpt":{"rendered":"<p>Caroline Lucretia Herschel (Hanovre, 1750 &#8211; 1848), astronome allemande, a travaill\u00e9 en Angleterre avec son fr\u00e8re Sir William Herschel sur leurs t\u00e9lescopes et leurs observations. Elle a d\u00e9couvert huit com\u00e8tes, dont six portent son nom. Elle fut la premi\u00e8re femme \u00e0 pr\u00e9senter une communication \u00e0 la Royal Astronomical Society et fut, avec Mary Fairfax Somerville, [&hellip;]<\/p>\n","protected":false},"featured_media":23164,"template":"","meta":{"_acf_changed":false},"product_brand":[],"product_cat":[352,349],"product_tag":[355],"class_list":{"0":"post-28686","1":"product","2":"type-product","3":"status-publish","4":"has-post-thumbnail","6":"product_cat-teste-sur-des-visages","7":"product_cat-teste-sur-des-visages-femme","8":"product_tag-voir","9":"pa_tonalidad-de-color-2330-fr","10":"pa_tonalidad-de-color-38r-fr","11":"pa_tonalidad-de-color-3117-fr","12":"pa_tonalidad-de-color-33-fr","14":"first","15":"instock","16":"purchasable","17":"product-type-variable"},"acf":[],"_links":{"self":[{"href":"https:\/\/suittoeyewear.com\/fr\/wp-json\/wp\/v2\/product\/28686","targetHints":{"allow":["GET"]}}],"collection":[{"href":"https:\/\/suittoeyewear.com\/fr\/wp-json\/wp\/v2\/product"}],"about":[{"href":"https:\/\/suittoeyewear.com\/fr\/wp-json\/wp\/v2\/types\/product"}],"wp:featuredmedia":[{"embeddable":true,"href":"https:\/\/suittoeyewear.com\/fr\/wp-json\/wp\/v2\/media\/23164"}],"wp:attachment":[{"href":"https:\/\/suittoeyewear.com\/fr\/wp-json\/wp\/v2\/media?parent=28686"}],"wp:term":[{"taxonomy":"product_brand","embeddable":true,"href":"https:\/\/suittoeyewear.com\/fr\/wp-json\/wp\/v2\/product_brand?post=28686"},{"taxonomy":"product_cat","embeddable":true,"href":"https:\/\/suittoeyewear.com\/fr\/wp-json\/wp\/v2\/product_cat?post=28686"},{"taxonomy":"product_tag","embeddable":true,"href":"https:\/\/suittoeyewear.com\/fr\/wp-json\/wp\/v2\/product_tag?post=28686"}],"curies":[{"name":"wp","href":"https:\/\/api.w.org\/{rel}","templated":true}]}}