{"id":28705,"date":"2025-05-11T01:02:15","date_gmt":"2025-05-10T23:02:15","guid":{"rendered":"https:\/\/suittoeyewear.com\/modelo\/eli\/"},"modified":"2025-05-24T12:17:01","modified_gmt":"2025-05-24T10:17:01","slug":"eli","status":"publish","type":"product","link":"https:\/\/suittoeyewear.com\/fr\/modele\/eli\/","title":{"rendered":"ELI"},"content":{"rendered":"<p>Elizabeth Garrett Anderson (Aldeburgh, 1836 &#8211; 1917) a \u00e9t\u00e9 la premi\u00e8re femme britannique dipl\u00f4m\u00e9e de m\u00e9decine en 1865. En tant que femme, elle n&rsquo;a pas pu \u00e9tudier dans les \u00e9coles de m\u00e9decine et a \u00e9tudi\u00e9 seule dans les h\u00f4pitaux londoniens. Elle a \u00e9t\u00e9 assistante g\u00e9n\u00e9rale au St Mary&rsquo;s Dispensary, qu&rsquo;elle a transform\u00e9 en 1918 en un h\u00f4pital exclusivement f\u00e9minin, le New Women&rsquo;s Hospital.  <\/p>\n","protected":false},"excerpt":{"rendered":"<p>Elizabeth Garrett Anderson (Aldeburgh, 1836 &#8211; 1917) a \u00e9t\u00e9 la premi\u00e8re femme britannique dipl\u00f4m\u00e9e de m\u00e9decine en 1865. En tant que femme, elle n&rsquo;a pas pu \u00e9tudier dans les \u00e9coles de m\u00e9decine et a \u00e9tudi\u00e9 seule dans les h\u00f4pitaux londoniens. Elle a \u00e9t\u00e9 assistante g\u00e9n\u00e9rale au St Mary&rsquo;s Dispensary, qu&rsquo;elle a transform\u00e9 en 1918 en [&hellip;]<\/p>\n","protected":false},"featured_media":23276,"template":"","meta":{"_acf_changed":false},"product_brand":[],"product_cat":[352,349],"product_tag":[355],"class_list":{"0":"post-28705","1":"product","2":"type-product","3":"status-publish","4":"has-post-thumbnail","6":"product_cat-teste-sur-des-visages","7":"product_cat-teste-sur-des-visages-femme","8":"product_tag-voir","9":"pa_tonalidad-de-color-37-fr","10":"pa_tonalidad-de-color-42-fr","11":"pa_tonalidad-de-color-66-fr","12":"pa_tonalidad-de-color-80-fr","14":"first","15":"instock","16":"purchasable","17":"product-type-variable"},"acf":[],"_links":{"self":[{"href":"https:\/\/suittoeyewear.com\/fr\/wp-json\/wp\/v2\/product\/28705","targetHints":{"allow":["GET"]}}],"collection":[{"href":"https:\/\/suittoeyewear.com\/fr\/wp-json\/wp\/v2\/product"}],"about":[{"href":"https:\/\/suittoeyewear.com\/fr\/wp-json\/wp\/v2\/types\/product"}],"wp:featuredmedia":[{"embeddable":true,"href":"https:\/\/suittoeyewear.com\/fr\/wp-json\/wp\/v2\/media\/23276"}],"wp:attachment":[{"href":"https:\/\/suittoeyewear.com\/fr\/wp-json\/wp\/v2\/media?parent=28705"}],"wp:term":[{"taxonomy":"product_brand","embeddable":true,"href":"https:\/\/suittoeyewear.com\/fr\/wp-json\/wp\/v2\/product_brand?post=28705"},{"taxonomy":"product_cat","embeddable":true,"href":"https:\/\/suittoeyewear.com\/fr\/wp-json\/wp\/v2\/product_cat?post=28705"},{"taxonomy":"product_tag","embeddable":true,"href":"https:\/\/suittoeyewear.com\/fr\/wp-json\/wp\/v2\/product_tag?post=28705"}],"curies":[{"name":"wp","href":"https:\/\/api.w.org\/{rel}","templated":true}]}}