{"id":28713,"date":"2025-05-11T01:03:12","date_gmt":"2025-05-10T23:03:12","guid":{"rendered":"https:\/\/suittoeyewear.com\/modelo\/fabiola\/"},"modified":"2025-05-24T12:10:18","modified_gmt":"2025-05-24T10:10:18","slug":"fabiola","status":"publish","type":"product","link":"https:\/\/suittoeyewear.com\/fr\/modele\/fabiola\/","title":{"rendered":"FABIOLA"},"content":{"rendered":"<p>Cr\u00e9\u00e9e dans les ann\u00e9es 1950 en hommage \u00e0 la reine Fabiola, la Fabiola associe une texture spongieuse \u00e0 une douce couche de cr\u00e8me, \u00e9voquant une esth\u00e9tique de la proportion et de la d\u00e9licatesse. Sa pr\u00e9sence noble et raffin\u00e9e se traduit par une pi\u00e8ce que l&rsquo;on appr\u00e9cie autant pour son go\u00fbt que pour son \u00e9l\u00e9gance, une c\u00e9l\u00e9bration du classique qui ne perd jamais sa pertinence. <\/p>\n","protected":false},"excerpt":{"rendered":"<p>Cr\u00e9\u00e9e dans les ann\u00e9es 1950 en hommage \u00e0 la reine Fabiola, la Fabiola associe une texture spongieuse \u00e0 une douce couche de cr\u00e8me, \u00e9voquant une esth\u00e9tique de la proportion et de la d\u00e9licatesse. Sa pr\u00e9sence noble et raffin\u00e9e se traduit par une pi\u00e8ce que l&rsquo;on appr\u00e9cie autant pour son go\u00fbt que pour son \u00e9l\u00e9gance, une [&hellip;]<\/p>\n","protected":false},"featured_media":22012,"template":"","meta":{"_acf_changed":false},"product_brand":[],"product_cat":[372,371],"product_tag":[354,355],"class_list":{"0":"post-28713","1":"product","2":"type-product","3":"status-publish","4":"has-post-thumbnail","6":"product_cat-femmes-sybarites","7":"product_cat-sybarite-fr","8":"product_tag-nouveau","9":"product_tag-voir","10":"pa_tonalidad-de-color-84-fr","11":"pa_tonalidad-de-color-87-fr","12":"pa_tonalidad-de-color-01-fr","13":"pa_tonalidad-de-color-53-fr","15":"first","16":"instock","17":"purchasable","18":"product-type-variable"},"acf":[],"_links":{"self":[{"href":"https:\/\/suittoeyewear.com\/fr\/wp-json\/wp\/v2\/product\/28713","targetHints":{"allow":["GET"]}}],"collection":[{"href":"https:\/\/suittoeyewear.com\/fr\/wp-json\/wp\/v2\/product"}],"about":[{"href":"https:\/\/suittoeyewear.com\/fr\/wp-json\/wp\/v2\/types\/product"}],"wp:featuredmedia":[{"embeddable":true,"href":"https:\/\/suittoeyewear.com\/fr\/wp-json\/wp\/v2\/media\/22012"}],"wp:attachment":[{"href":"https:\/\/suittoeyewear.com\/fr\/wp-json\/wp\/v2\/media?parent=28713"}],"wp:term":[{"taxonomy":"product_brand","embeddable":true,"href":"https:\/\/suittoeyewear.com\/fr\/wp-json\/wp\/v2\/product_brand?post=28713"},{"taxonomy":"product_cat","embeddable":true,"href":"https:\/\/suittoeyewear.com\/fr\/wp-json\/wp\/v2\/product_cat?post=28713"},{"taxonomy":"product_tag","embeddable":true,"href":"https:\/\/suittoeyewear.com\/fr\/wp-json\/wp\/v2\/product_tag?post=28713"}],"curies":[{"name":"wp","href":"https:\/\/api.w.org\/{rel}","templated":true}]}}