{"id":28754,"date":"2025-05-11T01:04:11","date_gmt":"2025-05-10T23:04:11","guid":{"rendered":"https:\/\/suittoeyewear.com\/modelo\/filloa\/"},"modified":"2025-05-24T12:04:05","modified_gmt":"2025-05-24T10:04:05","slug":"filloa","status":"publish","type":"product","link":"https:\/\/suittoeyewear.com\/fr\/modele\/filloa\/","title":{"rendered":"FILLOA"},"content":{"rendered":"<p>Les Filloas, minces comme du papier et presque transparents, sont soigneusement fabriqu\u00e9s dans le nord-ouest de l&rsquo;Atlantique. Leur construction pr\u00e9cise et irr\u00e9guli\u00e8re inspire un design presque \u00e9th\u00e9r\u00e9, l\u00e9ger, comme une seconde peau. Ce pastel refl\u00e8te l&rsquo;importance de ce qui est cach\u00e9 dans le subtil, transmettant un \u00e9quilibre entre le doux et le pr\u00e9sent.  <\/p>\n","protected":false},"excerpt":{"rendered":"<p>Les Filloas, minces comme du papier et presque transparents, sont soigneusement fabriqu\u00e9s dans le nord-ouest de l&rsquo;Atlantique. Leur construction pr\u00e9cise et irr\u00e9guli\u00e8re inspire un design presque \u00e9th\u00e9r\u00e9, l\u00e9ger, comme une seconde peau. Ce pastel refl\u00e8te l&rsquo;importance de ce qui est cach\u00e9 dans le subtil, transmettant un \u00e9quilibre entre le doux et le pr\u00e9sent.<\/p>\n","protected":false},"featured_media":22020,"template":"","meta":{"_acf_changed":false},"product_brand":[],"product_cat":[372,371],"product_tag":[354,355],"class_list":{"0":"post-28754","1":"product","2":"type-product","3":"status-publish","4":"has-post-thumbnail","6":"product_cat-femmes-sybarites","7":"product_cat-sybarite-fr","8":"product_tag-nouveau","9":"product_tag-voir","10":"pa_tonalidad-de-color-71-fr","11":"pa_tonalidad-de-color-73-fr","12":"pa_tonalidad-de-color-76-fr","13":"pa_tonalidad-de-color-01-fr","15":"first","16":"instock","17":"purchasable","18":"product-type-variable"},"acf":[],"_links":{"self":[{"href":"https:\/\/suittoeyewear.com\/fr\/wp-json\/wp\/v2\/product\/28754","targetHints":{"allow":["GET"]}}],"collection":[{"href":"https:\/\/suittoeyewear.com\/fr\/wp-json\/wp\/v2\/product"}],"about":[{"href":"https:\/\/suittoeyewear.com\/fr\/wp-json\/wp\/v2\/types\/product"}],"wp:featuredmedia":[{"embeddable":true,"href":"https:\/\/suittoeyewear.com\/fr\/wp-json\/wp\/v2\/media\/22020"}],"wp:attachment":[{"href":"https:\/\/suittoeyewear.com\/fr\/wp-json\/wp\/v2\/media?parent=28754"}],"wp:term":[{"taxonomy":"product_brand","embeddable":true,"href":"https:\/\/suittoeyewear.com\/fr\/wp-json\/wp\/v2\/product_brand?post=28754"},{"taxonomy":"product_cat","embeddable":true,"href":"https:\/\/suittoeyewear.com\/fr\/wp-json\/wp\/v2\/product_cat?post=28754"},{"taxonomy":"product_tag","embeddable":true,"href":"https:\/\/suittoeyewear.com\/fr\/wp-json\/wp\/v2\/product_tag?post=28754"}],"curies":[{"name":"wp","href":"https:\/\/api.w.org\/{rel}","templated":true}]}}