{"id":28755,"date":"2025-05-11T01:04:41","date_gmt":"2025-05-10T23:04:41","guid":{"rendered":"https:\/\/suittoeyewear.com\/modelo\/flaona\/"},"modified":"2025-05-24T11:56:03","modified_gmt":"2025-05-24T09:56:03","slug":"flaona","status":"publish","type":"product","link":"https:\/\/suittoeyewear.com\/fr\/modele\/flaona\/","title":{"rendered":"FLAONA"},"content":{"rendered":"<p>Le Flaona, traditionnel d&rsquo;Ibiza et de Formentera, se compose d&rsquo;une base de p\u00e2te ferm\u00e9e renfermant du fromage frais et du sucre. Cette friandise, associ\u00e9e aux c\u00e9l\u00e9brations et aux rassemblements, offre un m\u00e9lange parfait de douceur et de caract\u00e8re. Le design du Flaona est enveloppant et harmonieux, \u00e9voquant la fra\u00eecheur et la chaleur de la M\u00e9diterran\u00e9e \u00e0 chaque bouch\u00e9e.  <\/p>\n","protected":false},"excerpt":{"rendered":"<p>Le Flaona, traditionnel d&rsquo;Ibiza et de Formentera, se compose d&rsquo;une base de p\u00e2te ferm\u00e9e renfermant du fromage frais et du sucre. Cette friandise, associ\u00e9e aux c\u00e9l\u00e9brations et aux rassemblements, offre un m\u00e9lange parfait de douceur et de caract\u00e8re. Le design du Flaona est enveloppant et harmonieux, \u00e9voquant la fra\u00eecheur et la chaleur de la M\u00e9diterran\u00e9e [&hellip;]<\/p>\n","protected":false},"featured_media":22052,"template":"","meta":{"_acf_changed":false},"product_brand":[],"product_cat":[372,371],"product_tag":[355],"class_list":{"0":"post-28755","1":"product","2":"type-product","3":"status-publish","4":"has-post-thumbnail","6":"product_cat-femmes-sybarites","7":"product_cat-sybarite-fr","8":"product_tag-voir","9":"pa_tonalidad-de-color-01-fr","10":"pa_tonalidad-de-color-23-fr","11":"pa_tonalidad-de-color-56r-fr","12":"pa_tonalidad-de-color-57r-fr","14":"first","15":"instock","16":"purchasable","17":"product-type-variable"},"acf":[],"_links":{"self":[{"href":"https:\/\/suittoeyewear.com\/fr\/wp-json\/wp\/v2\/product\/28755","targetHints":{"allow":["GET"]}}],"collection":[{"href":"https:\/\/suittoeyewear.com\/fr\/wp-json\/wp\/v2\/product"}],"about":[{"href":"https:\/\/suittoeyewear.com\/fr\/wp-json\/wp\/v2\/types\/product"}],"wp:featuredmedia":[{"embeddable":true,"href":"https:\/\/suittoeyewear.com\/fr\/wp-json\/wp\/v2\/media\/22052"}],"wp:attachment":[{"href":"https:\/\/suittoeyewear.com\/fr\/wp-json\/wp\/v2\/media?parent=28755"}],"wp:term":[{"taxonomy":"product_brand","embeddable":true,"href":"https:\/\/suittoeyewear.com\/fr\/wp-json\/wp\/v2\/product_brand?post=28755"},{"taxonomy":"product_cat","embeddable":true,"href":"https:\/\/suittoeyewear.com\/fr\/wp-json\/wp\/v2\/product_cat?post=28755"},{"taxonomy":"product_tag","embeddable":true,"href":"https:\/\/suittoeyewear.com\/fr\/wp-json\/wp\/v2\/product_tag?post=28755"}],"curies":[{"name":"wp","href":"https:\/\/api.w.org\/{rel}","templated":true}]}}