{"id":28783,"date":"2025-05-11T01:05:09","date_gmt":"2025-05-10T23:05:09","guid":{"rendered":"https:\/\/suittoeyewear.com\/modelo\/flo\/"},"modified":"2025-05-24T11:52:32","modified_gmt":"2025-05-24T09:52:32","slug":"flo","status":"publish","type":"product","link":"https:\/\/suittoeyewear.com\/fr\/modele\/flo\/","title":{"rendered":"FLO"},"content":{"rendered":"<p>Florence Nightingale, (Florence, 1820 &#8211; Londres, 1910), \u00e9tait une infirmi\u00e8re, \u00e9crivain et statisticienne britannique qui a \u00e9t\u00e9 la pionni\u00e8re des soins infirmiers professionnels et a fond\u00e9 la premi\u00e8re \u00e9cole d&rsquo;infirmi\u00e8res la\u00efque au monde. Elle a \u00e9t\u00e9 la premi\u00e8re femme \u00e0 \u00eatre admise \u00e0 la Royal Statistical Society britannique et, en 1907, elle est devenue la premi\u00e8re femme \u00e0 \u00eatre d\u00e9cor\u00e9e de l&rsquo;Ordre du m\u00e9rite du Royaume-Uni. <\/p>\n","protected":false},"excerpt":{"rendered":"<p>Florence Nightingale, (Florence, 1820 &#8211; Londres, 1910), \u00e9tait une infirmi\u00e8re, \u00e9crivain et statisticienne britannique qui a \u00e9t\u00e9 la pionni\u00e8re des soins infirmiers professionnels et a fond\u00e9 la premi\u00e8re \u00e9cole d&rsquo;infirmi\u00e8res la\u00efque au monde. Elle a \u00e9t\u00e9 la premi\u00e8re femme \u00e0 \u00eatre admise \u00e0 la Royal Statistical Society britannique et, en 1907, elle est devenue la [&hellip;]<\/p>\n","protected":false},"featured_media":23356,"template":"","meta":{"_acf_changed":false},"product_brand":[],"product_cat":[352,349],"product_tag":[355],"class_list":{"0":"post-28783","1":"product","2":"type-product","3":"status-publish","4":"has-post-thumbnail","6":"product_cat-teste-sur-des-visages","7":"product_cat-teste-sur-des-visages-femme","8":"product_tag-voir","9":"pa_tonalidad-de-color-12-fr","10":"pa_tonalidad-de-color-45r-fr","12":"first","13":"instock","14":"purchasable","15":"product-type-variable"},"acf":[],"_links":{"self":[{"href":"https:\/\/suittoeyewear.com\/fr\/wp-json\/wp\/v2\/product\/28783","targetHints":{"allow":["GET"]}}],"collection":[{"href":"https:\/\/suittoeyewear.com\/fr\/wp-json\/wp\/v2\/product"}],"about":[{"href":"https:\/\/suittoeyewear.com\/fr\/wp-json\/wp\/v2\/types\/product"}],"wp:featuredmedia":[{"embeddable":true,"href":"https:\/\/suittoeyewear.com\/fr\/wp-json\/wp\/v2\/media\/23356"}],"wp:attachment":[{"href":"https:\/\/suittoeyewear.com\/fr\/wp-json\/wp\/v2\/media?parent=28783"}],"wp:term":[{"taxonomy":"product_brand","embeddable":true,"href":"https:\/\/suittoeyewear.com\/fr\/wp-json\/wp\/v2\/product_brand?post=28783"},{"taxonomy":"product_cat","embeddable":true,"href":"https:\/\/suittoeyewear.com\/fr\/wp-json\/wp\/v2\/product_cat?post=28783"},{"taxonomy":"product_tag","embeddable":true,"href":"https:\/\/suittoeyewear.com\/fr\/wp-json\/wp\/v2\/product_tag?post=28783"}],"curies":[{"name":"wp","href":"https:\/\/api.w.org\/{rel}","templated":true}]}}