{"id":28798,"date":"2025-05-11T01:05:28","date_gmt":"2025-05-10T23:05:28","guid":{"rendered":"https:\/\/suittoeyewear.com\/modelo\/forner\/"},"modified":"2025-05-24T11:49:37","modified_gmt":"2025-05-24T09:49:37","slug":"forner","status":"publish","type":"product","link":"https:\/\/suittoeyewear.com\/fr\/modele\/forner\/","title":{"rendered":"FORNER"},"content":{"rendered":"<p>Le Forner, avec son ext\u00e9rieur croustillant et son int\u00e9rieur moelleux, a un design qui refl\u00e8te la simplicit\u00e9 de la tradition boulang\u00e8re. La combinaison d&rsquo;ingr\u00e9dients nobles et d&rsquo;une pr\u00e9paration m\u00e9ticuleuse fait de ce g\u00e2teau une \u0153uvre d&rsquo;art. Sa forme irr\u00e9guli\u00e8re et artisanale \u00e9voque ses origines modestes, tandis que chaque bouch\u00e9e transmet une complexit\u00e9 de saveurs qui en font une exp\u00e9rience unique. C&rsquo;est un g\u00e2teau qui, bien que simple en apparence, est un hommage au vrai luxe du naturel et de l&rsquo;authentique.   <\/p>\n","protected":false},"excerpt":{"rendered":"<p>Le Forner, avec son ext\u00e9rieur croustillant et son int\u00e9rieur moelleux, a un design qui refl\u00e8te la simplicit\u00e9 de la tradition boulang\u00e8re. La combinaison d&rsquo;ingr\u00e9dients nobles et d&rsquo;une pr\u00e9paration m\u00e9ticuleuse fait de ce g\u00e2teau une \u0153uvre d&rsquo;art. Sa forme irr\u00e9guli\u00e8re et artisanale \u00e9voque ses origines modestes, tandis que chaque bouch\u00e9e transmet une complexit\u00e9 de saveurs qui [&hellip;]<\/p>\n","protected":false},"featured_media":22100,"template":"","meta":{"_acf_changed":false},"product_brand":[],"product_cat":[380,371],"product_tag":[355],"class_list":{"0":"post-28798","1":"product","2":"type-product","3":"status-publish","4":"has-post-thumbnail","6":"product_cat-lhomme-sybarite","7":"product_cat-sybarite-fr","8":"product_tag-voir","9":"pa_tonalidad-de-color-01-fr","10":"pa_tonalidad-de-color-60r-fr","11":"pa_tonalidad-de-color-79-fr","12":"pa_tonalidad-de-color-90-fr","14":"first","15":"instock","16":"purchasable","17":"product-type-variable"},"acf":[],"_links":{"self":[{"href":"https:\/\/suittoeyewear.com\/fr\/wp-json\/wp\/v2\/product\/28798","targetHints":{"allow":["GET"]}}],"collection":[{"href":"https:\/\/suittoeyewear.com\/fr\/wp-json\/wp\/v2\/product"}],"about":[{"href":"https:\/\/suittoeyewear.com\/fr\/wp-json\/wp\/v2\/types\/product"}],"wp:featuredmedia":[{"embeddable":true,"href":"https:\/\/suittoeyewear.com\/fr\/wp-json\/wp\/v2\/media\/22100"}],"wp:attachment":[{"href":"https:\/\/suittoeyewear.com\/fr\/wp-json\/wp\/v2\/media?parent=28798"}],"wp:term":[{"taxonomy":"product_brand","embeddable":true,"href":"https:\/\/suittoeyewear.com\/fr\/wp-json\/wp\/v2\/product_brand?post=28798"},{"taxonomy":"product_cat","embeddable":true,"href":"https:\/\/suittoeyewear.com\/fr\/wp-json\/wp\/v2\/product_cat?post=28798"},{"taxonomy":"product_tag","embeddable":true,"href":"https:\/\/suittoeyewear.com\/fr\/wp-json\/wp\/v2\/product_tag?post=28798"}],"curies":[{"name":"wp","href":"https:\/\/api.w.org\/{rel}","templated":true}]}}