{"id":28808,"date":"2025-05-11T01:06:27","date_gmt":"2025-05-10T23:06:27","guid":{"rendered":"https:\/\/suittoeyewear.com\/modelo\/fraisier\/"},"modified":"2025-05-24T11:43:40","modified_gmt":"2025-05-24T09:43:40","slug":"fraisier","status":"publish","type":"product","link":"https:\/\/suittoeyewear.com\/fr\/modele\/fraisier\/","title":{"rendered":"FRAISIER"},"content":{"rendered":"<p>Fraisier, n\u00e9 pour c\u00e9l\u00e9brer la fra\u00eecheur de la fraise fran\u00e7aise, est un g\u00e2teau dont chaque couche refl\u00e8te la perfection. Avec une cr\u00e8me mousseline d\u00e9licate et des fruits dispos\u00e9s avec pr\u00e9cision, ce g\u00e2teau devient un symbole de raffinement. Son design visuellement pr\u00e9cis refl\u00e8te un \u00e9quilibre parfait entre le sensuel et le structur\u00e9, une \u0153uvre d&rsquo;art comestible.  <\/p>\n","protected":false},"excerpt":{"rendered":"<p>Fraisier, n\u00e9 pour c\u00e9l\u00e9brer la fra\u00eecheur de la fraise fran\u00e7aise, est un g\u00e2teau dont chaque couche refl\u00e8te la perfection. Avec une cr\u00e8me mousseline d\u00e9licate et des fruits dispos\u00e9s avec pr\u00e9cision, ce g\u00e2teau devient un symbole de raffinement. Son design visuellement pr\u00e9cis refl\u00e8te un \u00e9quilibre parfait entre le sensuel et le structur\u00e9, une \u0153uvre d&rsquo;art comestible.<\/p>\n","protected":false},"featured_media":22132,"template":"","meta":{"_acf_changed":false},"product_brand":[],"product_cat":[372,371],"product_tag":[354,355],"class_list":{"0":"post-28808","1":"product","2":"type-product","3":"status-publish","4":"has-post-thumbnail","6":"product_cat-femmes-sybarites","7":"product_cat-sybarite-fr","8":"product_tag-nouveau","9":"product_tag-voir","10":"pa_tonalidad-de-color-89-fr","11":"pa_tonalidad-de-color-95-fr","12":"pa_tonalidad-de-color-96-fr","13":"pa_tonalidad-de-color-01-fr","15":"first","16":"instock","17":"purchasable","18":"product-type-variable"},"acf":[],"_links":{"self":[{"href":"https:\/\/suittoeyewear.com\/fr\/wp-json\/wp\/v2\/product\/28808","targetHints":{"allow":["GET"]}}],"collection":[{"href":"https:\/\/suittoeyewear.com\/fr\/wp-json\/wp\/v2\/product"}],"about":[{"href":"https:\/\/suittoeyewear.com\/fr\/wp-json\/wp\/v2\/types\/product"}],"wp:featuredmedia":[{"embeddable":true,"href":"https:\/\/suittoeyewear.com\/fr\/wp-json\/wp\/v2\/media\/22132"}],"wp:attachment":[{"href":"https:\/\/suittoeyewear.com\/fr\/wp-json\/wp\/v2\/media?parent=28808"}],"wp:term":[{"taxonomy":"product_brand","embeddable":true,"href":"https:\/\/suittoeyewear.com\/fr\/wp-json\/wp\/v2\/product_brand?post=28808"},{"taxonomy":"product_cat","embeddable":true,"href":"https:\/\/suittoeyewear.com\/fr\/wp-json\/wp\/v2\/product_cat?post=28808"},{"taxonomy":"product_tag","embeddable":true,"href":"https:\/\/suittoeyewear.com\/fr\/wp-json\/wp\/v2\/product_tag?post=28808"}],"curies":[{"name":"wp","href":"https:\/\/api.w.org\/{rel}","templated":true}]}}