{"id":28809,"date":"2025-05-11T01:05:56","date_gmt":"2025-05-10T23:05:56","guid":{"rendered":"https:\/\/suittoeyewear.com\/modelo\/fos\/"},"modified":"2025-05-24T11:46:43","modified_gmt":"2025-05-24T09:46:43","slug":"fos","status":"publish","type":"product","link":"https:\/\/suittoeyewear.com\/fr\/modele\/fos\/","title":{"rendered":"FOS"},"content":{"rendered":"<p>Dian Fossey (San Francisco 1932 &#8211; Karisoke Research Center Rwanda 1985) Zoologiste am\u00e9ricaine qui a consacr\u00e9 sa vie \u00e0 la conservation des gorilles de montagne du Rwanda et du Congo. Dans les ann\u00e9es 1980, la population de ces animaux \u00e9tait proche de l&rsquo;extinction \u00e0 cause des braconniers. En 1983, elle a publi\u00e9 Gorillas in the Mist, un livre qui relate ses observations et sa relation avec les gorilles tout au long de ses ann\u00e9es d&rsquo;\u00e9tudes sur le terrain. Elle a \u00e9t\u00e9 retrouv\u00e9e dans sa hutte, pr\u00e9tendument assassin\u00e9e par des braconniers avec le soutien des autorit\u00e9s rwandaises.   <\/p>\n","protected":false},"excerpt":{"rendered":"<p>Dian Fossey (San Francisco 1932 &#8211; Karisoke Research Center Rwanda 1985) Zoologiste am\u00e9ricaine qui a consacr\u00e9 sa vie \u00e0 la conservation des gorilles de montagne du Rwanda et du Congo. Dans les ann\u00e9es 1980, la population de ces animaux \u00e9tait proche de l&rsquo;extinction \u00e0 cause des braconniers. En 1983, elle a publi\u00e9 Gorillas in the [&hellip;]<\/p>\n","protected":false},"featured_media":23372,"template":"","meta":{"_acf_changed":false},"product_brand":[],"product_cat":[352,349],"product_tag":[355],"class_list":{"0":"post-28809","1":"product","2":"type-product","3":"status-publish","4":"has-post-thumbnail","6":"product_cat-teste-sur-des-visages","7":"product_cat-teste-sur-des-visages-femme","8":"product_tag-voir","9":"pa_tonalidad-de-color-42-fr","10":"pa_tonalidad-de-color-76-fr","11":"pa_tonalidad-de-color-84-fr","12":"pa_tonalidad-de-color-98-fr","14":"first","15":"instock","16":"purchasable","17":"product-type-variable"},"acf":[],"_links":{"self":[{"href":"https:\/\/suittoeyewear.com\/fr\/wp-json\/wp\/v2\/product\/28809","targetHints":{"allow":["GET"]}}],"collection":[{"href":"https:\/\/suittoeyewear.com\/fr\/wp-json\/wp\/v2\/product"}],"about":[{"href":"https:\/\/suittoeyewear.com\/fr\/wp-json\/wp\/v2\/types\/product"}],"wp:featuredmedia":[{"embeddable":true,"href":"https:\/\/suittoeyewear.com\/fr\/wp-json\/wp\/v2\/media\/23372"}],"wp:attachment":[{"href":"https:\/\/suittoeyewear.com\/fr\/wp-json\/wp\/v2\/media?parent=28809"}],"wp:term":[{"taxonomy":"product_brand","embeddable":true,"href":"https:\/\/suittoeyewear.com\/fr\/wp-json\/wp\/v2\/product_brand?post=28809"},{"taxonomy":"product_cat","embeddable":true,"href":"https:\/\/suittoeyewear.com\/fr\/wp-json\/wp\/v2\/product_cat?post=28809"},{"taxonomy":"product_tag","embeddable":true,"href":"https:\/\/suittoeyewear.com\/fr\/wp-json\/wp\/v2\/product_tag?post=28809"}],"curies":[{"name":"wp","href":"https:\/\/api.w.org\/{rel}","templated":true}]}}