{"id":28838,"date":"2025-05-11T01:06:56","date_gmt":"2025-05-10T23:06:56","guid":{"rendered":"https:\/\/suittoeyewear.com\/modelo\/garlanda\/"},"modified":"2025-05-24T11:40:44","modified_gmt":"2025-05-24T09:40:44","slug":"garlanda","status":"publish","type":"product","link":"https:\/\/suittoeyewear.com\/fr\/modele\/garlanda\/","title":{"rendered":"GARLANDA"},"content":{"rendered":"<p>Peu connue et d\u00e9licatement \u00e9labor\u00e9e, la Garlanda fait partie d&rsquo;un livre de recettes oubli\u00e9 qui sauve des formes simples mais profondes. Sa texture \u00e9quilibr\u00e9e et sa saveur profonde \u00e9voquent le luxe de l&rsquo;authenticit\u00e9. Avec des lignes sobres et des proportions qui se distinguent sans se mettre en avant, ce g\u00e2teau refl\u00e8te la beaut\u00e9 de ce qui persiste et demeure, comme un design qui reste fid\u00e8le \u00e0 son essence.  <\/p>\n","protected":false},"excerpt":{"rendered":"<p>Peu connue et d\u00e9licatement \u00e9labor\u00e9e, la Garlanda fait partie d&rsquo;un livre de recettes oubli\u00e9 qui sauve des formes simples mais profondes. Sa texture \u00e9quilibr\u00e9e et sa saveur profonde \u00e9voquent le luxe de l&rsquo;authenticit\u00e9. Avec des lignes sobres et des proportions qui se distinguent sans se mettre en avant, ce g\u00e2teau refl\u00e8te la beaut\u00e9 de ce [&hellip;]<\/p>\n","protected":false},"featured_media":22164,"template":"","meta":{"_acf_changed":false},"product_brand":[],"product_cat":[372,371],"product_tag":[355],"class_list":{"0":"post-28838","1":"product","2":"type-product","3":"status-publish","4":"has-post-thumbnail","6":"product_cat-femmes-sybarites","7":"product_cat-sybarite-fr","8":"product_tag-voir","9":"pa_tonalidad-de-color-77-fr","10":"pa_tonalidad-de-color-95-fr","11":"pa_tonalidad-de-color-01-fr","12":"pa_tonalidad-de-color-23-fr","14":"first","15":"instock","16":"purchasable","17":"product-type-variable"},"acf":[],"_links":{"self":[{"href":"https:\/\/suittoeyewear.com\/fr\/wp-json\/wp\/v2\/product\/28838","targetHints":{"allow":["GET"]}}],"collection":[{"href":"https:\/\/suittoeyewear.com\/fr\/wp-json\/wp\/v2\/product"}],"about":[{"href":"https:\/\/suittoeyewear.com\/fr\/wp-json\/wp\/v2\/types\/product"}],"wp:featuredmedia":[{"embeddable":true,"href":"https:\/\/suittoeyewear.com\/fr\/wp-json\/wp\/v2\/media\/22164"}],"wp:attachment":[{"href":"https:\/\/suittoeyewear.com\/fr\/wp-json\/wp\/v2\/media?parent=28838"}],"wp:term":[{"taxonomy":"product_brand","embeddable":true,"href":"https:\/\/suittoeyewear.com\/fr\/wp-json\/wp\/v2\/product_brand?post=28838"},{"taxonomy":"product_cat","embeddable":true,"href":"https:\/\/suittoeyewear.com\/fr\/wp-json\/wp\/v2\/product_cat?post=28838"},{"taxonomy":"product_tag","embeddable":true,"href":"https:\/\/suittoeyewear.com\/fr\/wp-json\/wp\/v2\/product_tag?post=28838"}],"curies":[{"name":"wp","href":"https:\/\/api.w.org\/{rel}","templated":true}]}}