{"id":28885,"date":"2025-05-11T01:08:57","date_gmt":"2025-05-10T23:08:57","guid":{"rendered":"https:\/\/suittoeyewear.com\/modelo\/gra\/"},"modified":"2025-05-24T11:23:55","modified_gmt":"2025-05-24T09:23:55","slug":"gra","status":"publish","type":"product","link":"https:\/\/suittoeyewear.com\/fr\/modele\/gra\/","title":{"rendered":"GRA"},"content":{"rendered":"<p>Granville T. Woods (Columbus 1856, New York 1910) \u00e9tait un ing\u00e9nieur en \u00e9lectricit\u00e9 et en m\u00e9canique qui a invent\u00e9 toute une s\u00e9rie de dispositifs li\u00e9s \u00e0 l&rsquo;industrie ferroviaire. En 1887, il a brevet\u00e9 le Synchronous Multiple Railway Telegraph, qui permettait aux trains de communiquer avec la gare et avec d&rsquo;autres trains afin qu&rsquo;ils sachent exactement o\u00f9 ils se trouvaient \u00e0 tout moment. Nombre de ses inventions ont \u00e9t\u00e9 vendues \u00e0 General Electric, Westinghouse et Bell Telephone.  <\/p>\n","protected":false},"excerpt":{"rendered":"<p>Granville T. Woods (Columbus 1856, New York 1910) \u00e9tait un ing\u00e9nieur en \u00e9lectricit\u00e9 et en m\u00e9canique qui a invent\u00e9 toute une s\u00e9rie de dispositifs li\u00e9s \u00e0 l&rsquo;industrie ferroviaire. En 1887, il a brevet\u00e9 le Synchronous Multiple Railway Telegraph, qui permettait aux trains de communiquer avec la gare et avec d&rsquo;autres trains afin qu&rsquo;ils sachent exactement [&hellip;]<\/p>\n","protected":false},"featured_media":23484,"template":"","meta":{"_acf_changed":false},"product_brand":[],"product_cat":[352,367],"product_tag":[355],"class_list":{"0":"post-28885","1":"product","2":"type-product","3":"status-publish","4":"has-post-thumbnail","6":"product_cat-teste-sur-des-visages","7":"product_cat-teste-sur-des-visages-homme","8":"product_tag-voir","9":"pa_tonalidad-de-color-11r-fr","10":"pa_tonalidad-de-color-40-fr","11":"pa_tonalidad-de-color-23-fr","12":"pa_tonalidad-de-color-67-fr","14":"first","15":"instock","16":"purchasable","17":"product-type-variable"},"acf":[],"_links":{"self":[{"href":"https:\/\/suittoeyewear.com\/fr\/wp-json\/wp\/v2\/product\/28885","targetHints":{"allow":["GET"]}}],"collection":[{"href":"https:\/\/suittoeyewear.com\/fr\/wp-json\/wp\/v2\/product"}],"about":[{"href":"https:\/\/suittoeyewear.com\/fr\/wp-json\/wp\/v2\/types\/product"}],"wp:featuredmedia":[{"embeddable":true,"href":"https:\/\/suittoeyewear.com\/fr\/wp-json\/wp\/v2\/media\/23484"}],"wp:attachment":[{"href":"https:\/\/suittoeyewear.com\/fr\/wp-json\/wp\/v2\/media?parent=28885"}],"wp:term":[{"taxonomy":"product_brand","embeddable":true,"href":"https:\/\/suittoeyewear.com\/fr\/wp-json\/wp\/v2\/product_brand?post=28885"},{"taxonomy":"product_cat","embeddable":true,"href":"https:\/\/suittoeyewear.com\/fr\/wp-json\/wp\/v2\/product_cat?post=28885"},{"taxonomy":"product_tag","embeddable":true,"href":"https:\/\/suittoeyewear.com\/fr\/wp-json\/wp\/v2\/product_tag?post=28885"}],"curies":[{"name":"wp","href":"https:\/\/api.w.org\/{rel}","templated":true}]}}