{"id":28886,"date":"2025-05-11T01:09:30","date_gmt":"2025-05-10T23:09:30","guid":{"rendered":"https:\/\/suittoeyewear.com\/modelo\/granados\/"},"modified":"2025-05-24T11:01:10","modified_gmt":"2025-05-24T09:01:10","slug":"granados","status":"publish","type":"product","link":"https:\/\/suittoeyewear.com\/fr\/modele\/granados\/","title":{"rendered":"GRANADOS"},"content":{"rendered":"<p>Granados, n\u00e9 en 1956 \u00e0 Lleida, est un g\u00e2teau qui \u00e9voque l&rsquo;\u00e9l\u00e9gance et la nostalgie de la musique du pianiste Enric Granados. Avec une texture d&rsquo;amande croquante et une saveur subtile, ce g\u00e2teau met en valeur la beaut\u00e9 de l&rsquo;artisanat. Son design imparfait mais sublime refl\u00e8te l&rsquo;essence de la tradition catalane, un hommage d\u00e9licat \u00e0 l&rsquo;art et \u00e0 la nature.  <\/p>\n","protected":false},"excerpt":{"rendered":"<p>Granados, n\u00e9 en 1956 \u00e0 Lleida, est un g\u00e2teau qui \u00e9voque l&rsquo;\u00e9l\u00e9gance et la nostalgie de la musique du pianiste Enric Granados. Avec une texture d&rsquo;amande croquante et une saveur subtile, ce g\u00e2teau met en valeur la beaut\u00e9 de l&rsquo;artisanat. Son design imparfait mais sublime refl\u00e8te l&rsquo;essence de la tradition catalane, un hommage d\u00e9licat \u00e0 [&hellip;]<\/p>\n","protected":false},"featured_media":22236,"template":"","meta":{"_acf_changed":false},"product_brand":[],"product_cat":[380,371],"product_tag":[354,355],"class_list":{"0":"post-28886","1":"product","2":"type-product","3":"status-publish","4":"has-post-thumbnail","6":"product_cat-lhomme-sybarite","7":"product_cat-sybarite-fr","8":"product_tag-nouveau","9":"product_tag-voir","10":"pa_tonalidad-de-color-01-fr","11":"pa_tonalidad-de-color-23-fr","12":"pa_tonalidad-de-color-72-fr","13":"pa_tonalidad-de-color-79-fr","15":"first","16":"instock","17":"purchasable","18":"product-type-variable"},"acf":[],"_links":{"self":[{"href":"https:\/\/suittoeyewear.com\/fr\/wp-json\/wp\/v2\/product\/28886","targetHints":{"allow":["GET"]}}],"collection":[{"href":"https:\/\/suittoeyewear.com\/fr\/wp-json\/wp\/v2\/product"}],"about":[{"href":"https:\/\/suittoeyewear.com\/fr\/wp-json\/wp\/v2\/types\/product"}],"wp:featuredmedia":[{"embeddable":true,"href":"https:\/\/suittoeyewear.com\/fr\/wp-json\/wp\/v2\/media\/22236"}],"wp:attachment":[{"href":"https:\/\/suittoeyewear.com\/fr\/wp-json\/wp\/v2\/media?parent=28886"}],"wp:term":[{"taxonomy":"product_brand","embeddable":true,"href":"https:\/\/suittoeyewear.com\/fr\/wp-json\/wp\/v2\/product_brand?post=28886"},{"taxonomy":"product_cat","embeddable":true,"href":"https:\/\/suittoeyewear.com\/fr\/wp-json\/wp\/v2\/product_cat?post=28886"},{"taxonomy":"product_tag","embeddable":true,"href":"https:\/\/suittoeyewear.com\/fr\/wp-json\/wp\/v2\/product_tag?post=28886"}],"curies":[{"name":"wp","href":"https:\/\/api.w.org\/{rel}","templated":true}]}}