{"id":28916,"date":"2025-05-11T01:10:00","date_gmt":"2025-05-10T23:10:00","guid":{"rendered":"https:\/\/suittoeyewear.com\/modelo\/har\/"},"modified":"2025-05-24T10:58:43","modified_gmt":"2025-05-24T08:58:43","slug":"har","status":"publish","type":"product","link":"https:\/\/suittoeyewear.com\/fr\/modele\/har\/","title":{"rendered":"HAR"},"content":{"rendered":"<p>Harriet Boyd Hawes (11 octobre 1871 &#8211; 31 mars 1945), arch\u00e9ologue, infirmi\u00e8re et sauveteuse. Elle fut la premi\u00e8re femme \u00e0 diriger des fouilles arch\u00e9ologiques dans la mer \u00c9g\u00e9e. Militante politique, elle d\u00e9fendait l&rsquo;id\u00e9e que l&rsquo;Europe devait \u00eatre f\u00e9d\u00e9r\u00e9e. Elle n&rsquo;aimait pas les dirigeants comme Winston Churchill parce qu&rsquo;elle estimait qu&rsquo;aucune nation ne devait en dominer une autre. Elle a \u00e9crit sur la n\u00e9cessit\u00e9 de cr\u00e9er l&rsquo;ONU avant qu&rsquo;elle n&rsquo;existe, pr\u00e9cisant qu&rsquo;une telle organisation devrait \u00eatre soutenue \u00e0 la fois par un tribunal international et par du personnel militaire.    <\/p>\n","protected":false},"excerpt":{"rendered":"<p>Harriet Boyd Hawes (11 octobre 1871 &#8211; 31 mars 1945), arch\u00e9ologue, infirmi\u00e8re et sauveteuse. Elle fut la premi\u00e8re femme \u00e0 diriger des fouilles arch\u00e9ologiques dans la mer \u00c9g\u00e9e. Militante politique, elle d\u00e9fendait l&rsquo;id\u00e9e que l&rsquo;Europe devait \u00eatre f\u00e9d\u00e9r\u00e9e. Elle n&rsquo;aimait pas les dirigeants comme Winston Churchill parce qu&rsquo;elle estimait qu&rsquo;aucune nation ne devait en dominer [&hellip;]<\/p>\n","protected":false},"featured_media":23492,"template":"","meta":{"_acf_changed":false},"product_brand":[],"product_cat":[352,367],"product_tag":[354,355],"class_list":{"0":"post-28916","1":"product","2":"type-product","3":"status-publish","4":"has-post-thumbnail","6":"product_cat-teste-sur-des-visages","7":"product_cat-teste-sur-des-visages-homme","8":"product_tag-nouveau","9":"product_tag-voir","10":"pa_tonalidad-de-color-39-fr","11":"pa_tonalidad-de-color-70-fr","13":"first","14":"instock","15":"purchasable","16":"product-type-variable"},"acf":[],"_links":{"self":[{"href":"https:\/\/suittoeyewear.com\/fr\/wp-json\/wp\/v2\/product\/28916","targetHints":{"allow":["GET"]}}],"collection":[{"href":"https:\/\/suittoeyewear.com\/fr\/wp-json\/wp\/v2\/product"}],"about":[{"href":"https:\/\/suittoeyewear.com\/fr\/wp-json\/wp\/v2\/types\/product"}],"wp:featuredmedia":[{"embeddable":true,"href":"https:\/\/suittoeyewear.com\/fr\/wp-json\/wp\/v2\/media\/23492"}],"wp:attachment":[{"href":"https:\/\/suittoeyewear.com\/fr\/wp-json\/wp\/v2\/media?parent=28916"}],"wp:term":[{"taxonomy":"product_brand","embeddable":true,"href":"https:\/\/suittoeyewear.com\/fr\/wp-json\/wp\/v2\/product_brand?post=28916"},{"taxonomy":"product_cat","embeddable":true,"href":"https:\/\/suittoeyewear.com\/fr\/wp-json\/wp\/v2\/product_cat?post=28916"},{"taxonomy":"product_tag","embeddable":true,"href":"https:\/\/suittoeyewear.com\/fr\/wp-json\/wp\/v2\/product_tag?post=28916"}],"curies":[{"name":"wp","href":"https:\/\/api.w.org\/{rel}","templated":true}]}}