{"id":28942,"date":"2025-05-11T01:10:18","date_gmt":"2025-05-10T23:10:18","guid":{"rendered":"https:\/\/suittoeyewear.com\/modelo\/her\/"},"modified":"2025-05-24T10:53:56","modified_gmt":"2025-05-24T08:53:56","slug":"her","status":"publish","type":"product","link":"https:\/\/suittoeyewear.com\/fr\/modele\/her\/","title":{"rendered":"HER"},"content":{"rendered":"<p>Hertha Ayrton (Portsea, 1854 &#8211; Bexhill-on-sea 1923) \u00e9tait une ing\u00e9nieure, math\u00e9maticienne, physicienne et inventrice britannique. Elle a re\u00e7u la m\u00e9daille Hughes de la Royal Society pour ses \u00e9tudes sur l&rsquo;arc \u00e9lectrique et la formation des dunes et des vagues. Le conseil de la Royal Society a rejet\u00e9 sa demande d&rsquo;adh\u00e9sion parce qu&rsquo;elle \u00e9tait mari\u00e9e. Malgr\u00e9 cela, en 1904, elle est devenue la premi\u00e8re femme \u00e0 lire un article devant la Royal Society.   <\/p>\n","protected":false},"excerpt":{"rendered":"<p>Hertha Ayrton (Portsea, 1854 &#8211; Bexhill-on-sea 1923) \u00e9tait une ing\u00e9nieure, math\u00e9maticienne, physicienne et inventrice britannique. Elle a re\u00e7u la m\u00e9daille Hughes de la Royal Society pour ses \u00e9tudes sur l&rsquo;arc \u00e9lectrique et la formation des dunes et des vagues. Le conseil de la Royal Society a rejet\u00e9 sa demande d&rsquo;adh\u00e9sion parce qu&rsquo;elle \u00e9tait mari\u00e9e. Malgr\u00e9 [&hellip;]<\/p>\n","protected":false},"featured_media":23532,"template":"","meta":{"_acf_changed":false},"product_brand":[],"product_cat":[352,349],"product_tag":[355],"class_list":{"0":"post-28942","1":"product","2":"type-product","3":"status-publish","4":"has-post-thumbnail","6":"product_cat-teste-sur-des-visages","7":"product_cat-teste-sur-des-visages-femme","8":"product_tag-voir","9":"pa_tonalidad-de-color-37-fr","10":"pa_tonalidad-de-color-45-fr","11":"pa_tonalidad-de-color-01-fr","12":"pa_tonalidad-de-color-44-fr","14":"first","15":"instock","16":"purchasable","17":"product-type-variable"},"acf":[],"_links":{"self":[{"href":"https:\/\/suittoeyewear.com\/fr\/wp-json\/wp\/v2\/product\/28942","targetHints":{"allow":["GET"]}}],"collection":[{"href":"https:\/\/suittoeyewear.com\/fr\/wp-json\/wp\/v2\/product"}],"about":[{"href":"https:\/\/suittoeyewear.com\/fr\/wp-json\/wp\/v2\/types\/product"}],"wp:featuredmedia":[{"embeddable":true,"href":"https:\/\/suittoeyewear.com\/fr\/wp-json\/wp\/v2\/media\/23532"}],"wp:attachment":[{"href":"https:\/\/suittoeyewear.com\/fr\/wp-json\/wp\/v2\/media?parent=28942"}],"wp:term":[{"taxonomy":"product_brand","embeddable":true,"href":"https:\/\/suittoeyewear.com\/fr\/wp-json\/wp\/v2\/product_brand?post=28942"},{"taxonomy":"product_cat","embeddable":true,"href":"https:\/\/suittoeyewear.com\/fr\/wp-json\/wp\/v2\/product_cat?post=28942"},{"taxonomy":"product_tag","embeddable":true,"href":"https:\/\/suittoeyewear.com\/fr\/wp-json\/wp\/v2\/product_tag?post=28942"}],"curies":[{"name":"wp","href":"https:\/\/api.w.org\/{rel}","templated":true}]}}