{"id":28963,"date":"2025-05-11T01:11:52","date_gmt":"2025-05-10T23:11:52","guid":{"rendered":"https:\/\/suittoeyewear.com\/modelo\/jud\/"},"modified":"2025-05-24T10:43:40","modified_gmt":"2025-05-24T08:43:40","slug":"jud","status":"publish","type":"product","link":"https:\/\/suittoeyewear.com\/fr\/modele\/jud\/","title":{"rendered":"JUD"},"content":{"rendered":"<p>Marie la Juive, \u00e9galement connue sous le nom de Marie l&rsquo;H\u00e9bra\u00efque ou de Miriam la Proph\u00e9tesse, est la premi\u00e8re femme alchimiste. Elle a v\u00e9cu du 1er au 3e si\u00e8cle apr\u00e8s J.-C. \u00e0 Alexandrie. Elle a invent\u00e9 des appareils complexes pour la distillation et la sublimation des produits chimiques, ainsi que le c\u00e9l\u00e8bre Bain Marie. Le Kerotakis, la plus importante de ses inventions, est un appareil \u00e0 reflux utilis\u00e9 pour chauffer les substances utilis\u00e9es en alchimie et recueillir leurs vapeurs.   <\/p>\n","protected":false},"excerpt":{"rendered":"<p>Marie la Juive, \u00e9galement connue sous le nom de Marie l&rsquo;H\u00e9bra\u00efque ou de Miriam la Proph\u00e9tesse, est la premi\u00e8re femme alchimiste. Elle a v\u00e9cu du 1er au 3e si\u00e8cle apr\u00e8s J.-C. \u00e0 Alexandrie. Elle a invent\u00e9 des appareils complexes pour la distillation et la sublimation des produits chimiques, ainsi que le c\u00e9l\u00e8bre Bain Marie. Le [&hellip;]<\/p>\n","protected":false},"featured_media":23596,"template":"","meta":{"_acf_changed":false},"product_brand":[],"product_cat":[352,349],"product_tag":[355],"class_list":{"0":"post-28963","1":"product","2":"type-product","3":"status-publish","4":"has-post-thumbnail","6":"product_cat-teste-sur-des-visages","7":"product_cat-teste-sur-des-visages-femme","8":"product_tag-voir","9":"pa_tonalidad-de-color-37-fr","10":"pa_tonalidad-de-color-45-fr","11":"pa_tonalidad-de-color-93-fr","12":"pa_tonalidad-de-color-67-fr","14":"first","15":"instock","16":"purchasable","17":"product-type-variable"},"acf":[],"_links":{"self":[{"href":"https:\/\/suittoeyewear.com\/fr\/wp-json\/wp\/v2\/product\/28963","targetHints":{"allow":["GET"]}}],"collection":[{"href":"https:\/\/suittoeyewear.com\/fr\/wp-json\/wp\/v2\/product"}],"about":[{"href":"https:\/\/suittoeyewear.com\/fr\/wp-json\/wp\/v2\/types\/product"}],"wp:featuredmedia":[{"embeddable":true,"href":"https:\/\/suittoeyewear.com\/fr\/wp-json\/wp\/v2\/media\/23596"}],"wp:attachment":[{"href":"https:\/\/suittoeyewear.com\/fr\/wp-json\/wp\/v2\/media?parent=28963"}],"wp:term":[{"taxonomy":"product_brand","embeddable":true,"href":"https:\/\/suittoeyewear.com\/fr\/wp-json\/wp\/v2\/product_brand?post=28963"},{"taxonomy":"product_cat","embeddable":true,"href":"https:\/\/suittoeyewear.com\/fr\/wp-json\/wp\/v2\/product_cat?post=28963"},{"taxonomy":"product_tag","embeddable":true,"href":"https:\/\/suittoeyewear.com\/fr\/wp-json\/wp\/v2\/product_tag?post=28963"}],"curies":[{"name":"wp","href":"https:\/\/api.w.org\/{rel}","templated":true}]}}