{"id":28964,"date":"2025-05-11T01:10:50","date_gmt":"2025-05-10T23:10:50","guid":{"rendered":"https:\/\/suittoeyewear.com\/modelo\/hou\/"},"modified":"2025-05-24T10:50:27","modified_gmt":"2025-05-24T08:50:27","slug":"hou","status":"publish","type":"product","link":"https:\/\/suittoeyewear.com\/fr\/modele\/hou\/","title":{"rendered":"HOU"},"content":{"rendered":"<p>Dans le livre Hou Hanshu de l&rsquo;historien chinois Fan Ye, qui d\u00e9crit l&rsquo;histoire de la dynastie Han entre 25 et 220 apr\u00e8s J.-C., on trouve la premi\u00e8re mention historique d&rsquo;une supernova, SN 185, observ\u00e9e le 7 d\u00e9cembre 185 pr\u00e8s d&rsquo;Alpha du Centaure, entre les constellations Circinus et Centaurus.<\/p>\n","protected":false},"excerpt":{"rendered":"<p>Dans le livre Hou Hanshu de l&rsquo;historien chinois Fan Ye, qui d\u00e9crit l&rsquo;histoire de la dynastie Han entre 25 et 220 apr\u00e8s J.-C., on trouve la premi\u00e8re mention historique d&rsquo;une supernova, SN 185, observ\u00e9e le 7 d\u00e9cembre 185 pr\u00e8s d&rsquo;Alpha du Centaure, entre les constellations Circinus et Centaurus.<\/p>\n","protected":false},"featured_media":22660,"template":"","meta":{"_acf_changed":false},"product_brand":[],"product_cat":[411,438],"product_tag":[374],"class_list":{"0":"post-28964","1":"product","2":"type-product","3":"status-publish","4":"has-post-thumbnail","6":"product_cat-supernova-fr","7":"product_cat-supernova-hommes","8":"product_tag-soleil","9":"pa_tonalidad-de-color-01-fr","10":"pa_tonalidad-de-color-14-fr","11":"pa_tonalidad-de-color-54-fr","12":"pa_tonalidad-de-color-67-fr","14":"first","15":"instock","16":"purchasable","17":"product-type-variable"},"acf":[],"_links":{"self":[{"href":"https:\/\/suittoeyewear.com\/fr\/wp-json\/wp\/v2\/product\/28964","targetHints":{"allow":["GET"]}}],"collection":[{"href":"https:\/\/suittoeyewear.com\/fr\/wp-json\/wp\/v2\/product"}],"about":[{"href":"https:\/\/suittoeyewear.com\/fr\/wp-json\/wp\/v2\/types\/product"}],"wp:featuredmedia":[{"embeddable":true,"href":"https:\/\/suittoeyewear.com\/fr\/wp-json\/wp\/v2\/media\/22660"}],"wp:attachment":[{"href":"https:\/\/suittoeyewear.com\/fr\/wp-json\/wp\/v2\/media?parent=28964"}],"wp:term":[{"taxonomy":"product_brand","embeddable":true,"href":"https:\/\/suittoeyewear.com\/fr\/wp-json\/wp\/v2\/product_brand?post=28964"},{"taxonomy":"product_cat","embeddable":true,"href":"https:\/\/suittoeyewear.com\/fr\/wp-json\/wp\/v2\/product_cat?post=28964"},{"taxonomy":"product_tag","embeddable":true,"href":"https:\/\/suittoeyewear.com\/fr\/wp-json\/wp\/v2\/product_tag?post=28964"}],"curies":[{"name":"wp","href":"https:\/\/api.w.org\/{rel}","templated":true}]}}