{"id":29020,"date":"2025-05-11T01:18:07","date_gmt":"2025-05-10T23:18:07","guid":{"rendered":"https:\/\/suittoeyewear.com\/modelo\/oti\/"},"modified":"2025-05-25T10:20:05","modified_gmt":"2025-05-25T08:20:05","slug":"oti","status":"publish","type":"product","link":"https:\/\/suittoeyewear.com\/fr\/modele\/oti\/","title":{"rendered":"OTI"},"content":{"rendered":"<p>Otis Frank Boykin (Dallas, 1920 &#8211; Chicago, 1982) est un inventeur et ing\u00e9nieur afro-am\u00e9ricain qui a brevet\u00e9 26 appareils \u00e9lectroniques. Son p\u00e8re \u00e9tait charpentier et devint plus tard pr\u00e9dicateur. Sa m\u00e8re \u00e9tait femme de m\u00e9nage et mourut d&rsquo;une insuffisance cardiaque alors qu&rsquo;il n&rsquo;avait qu&rsquo;un an. C&rsquo;est ce qui l&rsquo;a incit\u00e9 \u00e0 essayer d&rsquo;am\u00e9liorer les stimulateurs cardiaques. Son invention la plus c\u00e9l\u00e8bre est une unit\u00e9 de contr\u00f4le pour le stimulateur cardiaque artificiel. Ce dispositif utilise des impulsions \u00e9lectriques pour maintenir un rythme cardiaque r\u00e9gulier. Parmi ses autres inventions, citons une caisse enregistreuse anti-effraction, des dispositifs de contr\u00f4le \u00e9lectronique pour les missiles guid\u00e9s et les ordinateurs IBM. Il est d\u00e9c\u00e9d\u00e9 \u00e0 Chicago, tout comme sa m\u00e8re, d&rsquo;une insuffisance cardiaque.       <\/p>\n","protected":false},"excerpt":{"rendered":"<p>Otis Frank Boykin (Dallas, 1920 &#8211; Chicago, 1982) est un inventeur et ing\u00e9nieur afro-am\u00e9ricain qui a brevet\u00e9 26 appareils \u00e9lectroniques. Son p\u00e8re \u00e9tait charpentier et devint plus tard pr\u00e9dicateur. Sa m\u00e8re \u00e9tait femme de m\u00e9nage et mourut d&rsquo;une insuffisance cardiaque alors qu&rsquo;il n&rsquo;avait qu&rsquo;un an. C&rsquo;est ce qui l&rsquo;a incit\u00e9 \u00e0 essayer d&rsquo;am\u00e9liorer les stimulateurs [&hellip;]<\/p>\n","protected":false},"featured_media":23740,"template":"","meta":{"_acf_changed":false},"product_brand":[],"product_cat":[352,367],"product_tag":[355],"class_list":{"0":"post-29020","1":"product","2":"type-product","3":"status-publish","4":"has-post-thumbnail","6":"product_cat-teste-sur-des-visages","7":"product_cat-teste-sur-des-visages-homme","8":"product_tag-voir","9":"pa_tonalidad-de-color-89-fr","10":"pa_tonalidad-de-color-01-fr","11":"pa_tonalidad-de-color-23-fr","12":"pa_tonalidad-de-color-86-fr","14":"first","15":"instock","16":"purchasable","17":"product-type-variable"},"acf":[],"_links":{"self":[{"href":"https:\/\/suittoeyewear.com\/fr\/wp-json\/wp\/v2\/product\/29020","targetHints":{"allow":["GET"]}}],"collection":[{"href":"https:\/\/suittoeyewear.com\/fr\/wp-json\/wp\/v2\/product"}],"about":[{"href":"https:\/\/suittoeyewear.com\/fr\/wp-json\/wp\/v2\/types\/product"}],"wp:featuredmedia":[{"embeddable":true,"href":"https:\/\/suittoeyewear.com\/fr\/wp-json\/wp\/v2\/media\/23740"}],"wp:attachment":[{"href":"https:\/\/suittoeyewear.com\/fr\/wp-json\/wp\/v2\/media?parent=29020"}],"wp:term":[{"taxonomy":"product_brand","embeddable":true,"href":"https:\/\/suittoeyewear.com\/fr\/wp-json\/wp\/v2\/product_brand?post=29020"},{"taxonomy":"product_cat","embeddable":true,"href":"https:\/\/suittoeyewear.com\/fr\/wp-json\/wp\/v2\/product_cat?post=29020"},{"taxonomy":"product_tag","embeddable":true,"href":"https:\/\/suittoeyewear.com\/fr\/wp-json\/wp\/v2\/product_tag?post=29020"}],"curies":[{"name":"wp","href":"https:\/\/api.w.org\/{rel}","templated":true}]}}