{"id":29038,"date":"2025-05-11T01:01:15","date_gmt":"2025-05-10T23:01:15","guid":{"rendered":"https:\/\/suittoeyewear.com\/modelo\/crostoli\/"},"modified":"2025-05-24T12:26:22","modified_gmt":"2025-05-24T10:26:22","slug":"crostoli","status":"publish","type":"product","link":"https:\/\/suittoeyewear.com\/fr\/modele\/crostoli\/","title":{"rendered":"CROSTOLI"},"content":{"rendered":"<p>Les crostoli sont un r\u00e9gal pour les yeux et le palais. Leur design croustillant et d\u00e9licat se pr\u00e9sente sous la forme de fines bandes de p\u00e2te qui s&rsquo;entrelacent dans une danse de l\u00e9g\u00e8ret\u00e9. Leur finition dor\u00e9e, saupoudr\u00e9e de sucre glace, refl\u00e8te la simplicit\u00e9 et l \u00ab \u00e9l\u00e9gance de la cuisine italienne traditionnelle. D&rsquo;apparence simple, ces petits d\u00e9tails, qui parlent d&rsquo;artisanat, sont l \u00bb \u00e2me d&rsquo;un dessert \u00e0 d\u00e9guster en compagnie. Leur forme est l\u00e9g\u00e8re et \u00e9th\u00e9r\u00e9e, \u00e9voquant le caract\u00e8re \u00e9ph\u00e9m\u00e8re des c\u00e9l\u00e9brations, o\u00f9 chaque bouch\u00e9e devient un petit bijou.    <\/p>\n","protected":false},"excerpt":{"rendered":"<p>Les crostoli sont un r\u00e9gal pour les yeux et le palais. Leur design croustillant et d\u00e9licat se pr\u00e9sente sous la forme de fines bandes de p\u00e2te qui s&rsquo;entrelacent dans une danse de l\u00e9g\u00e8ret\u00e9. Leur finition dor\u00e9e, saupoudr\u00e9e de sucre glace, refl\u00e8te la simplicit\u00e9 et l \u00ab \u00e9l\u00e9gance de la cuisine italienne traditionnelle. D&rsquo;apparence simple, ces [&hellip;]<\/p>\n","protected":false},"featured_media":21948,"template":"","meta":{"_acf_changed":false},"product_brand":[],"product_cat":[380,371],"product_tag":[355],"class_list":{"0":"post-29038","1":"product","2":"type-product","3":"status-publish","4":"has-post-thumbnail","6":"product_cat-lhomme-sybarite","7":"product_cat-sybarite-fr","8":"product_tag-voir","9":"pa_tonalidad-de-color-60r-fr","10":"pa_tonalidad-de-color-83-fr","11":"pa_tonalidad-de-color-01-fr","12":"pa_tonalidad-de-color-23-fr","14":"first","15":"instock","16":"purchasable","17":"product-type-variable"},"acf":[],"_links":{"self":[{"href":"https:\/\/suittoeyewear.com\/fr\/wp-json\/wp\/v2\/product\/29038","targetHints":{"allow":["GET"]}}],"collection":[{"href":"https:\/\/suittoeyewear.com\/fr\/wp-json\/wp\/v2\/product"}],"about":[{"href":"https:\/\/suittoeyewear.com\/fr\/wp-json\/wp\/v2\/types\/product"}],"wp:featuredmedia":[{"embeddable":true,"href":"https:\/\/suittoeyewear.com\/fr\/wp-json\/wp\/v2\/media\/21948"}],"wp:attachment":[{"href":"https:\/\/suittoeyewear.com\/fr\/wp-json\/wp\/v2\/media?parent=29038"}],"wp:term":[{"taxonomy":"product_brand","embeddable":true,"href":"https:\/\/suittoeyewear.com\/fr\/wp-json\/wp\/v2\/product_brand?post=29038"},{"taxonomy":"product_cat","embeddable":true,"href":"https:\/\/suittoeyewear.com\/fr\/wp-json\/wp\/v2\/product_cat?post=29038"},{"taxonomy":"product_tag","embeddable":true,"href":"https:\/\/suittoeyewear.com\/fr\/wp-json\/wp\/v2\/product_tag?post=29038"}],"curies":[{"name":"wp","href":"https:\/\/api.w.org\/{rel}","templated":true}]}}