{"id":29046,"date":"2025-05-11T00:58:30","date_gmt":"2025-05-10T22:58:30","guid":{"rendered":"https:\/\/suittoeyewear.com\/modelo\/cassata\/"},"modified":"2025-05-24T12:43:55","modified_gmt":"2025-05-24T10:43:55","slug":"cassata","status":"publish","type":"product","link":"https:\/\/suittoeyewear.com\/fr\/modele\/cassata\/","title":{"rendered":"CASSATA"},"content":{"rendered":"<p>Avec des racines siciliennes et une \u00e2me multiculturelle, la Cassata est un joyau de la p\u00e2tisserie baroque. N\u00e9 de la fusion des cuisines arabe, normande et espagnole, ce g\u00e2teau est compos\u00e9 d&rsquo;une g\u00e9noise imbib\u00e9e de liqueur, fourr\u00e9e de ricotta sucr\u00e9e, de fruits confits et d&rsquo;un gla\u00e7age royal. Son esth\u00e9tique color\u00e9e et sym\u00e9trique n&rsquo;est pas le fruit du hasard : elle refl\u00e8te des si\u00e8cles d&rsquo;histoire et de m\u00e9tissage. C&rsquo;est un g\u00e2teau qui, comme le meilleur design, ne doit pas seulement \u00eatre savour\u00e9, mais aussi contempl\u00e9.   <\/p>\n","protected":false},"excerpt":{"rendered":"<p>Avec des racines siciliennes et une \u00e2me multiculturelle, la Cassata est un joyau de la p\u00e2tisserie baroque. N\u00e9 de la fusion des cuisines arabe, normande et espagnole, ce g\u00e2teau est compos\u00e9 d&rsquo;une g\u00e9noise imbib\u00e9e de liqueur, fourr\u00e9e de ricotta sucr\u00e9e, de fruits confits et d&rsquo;un gla\u00e7age royal. Son esth\u00e9tique color\u00e9e et sym\u00e9trique n&rsquo;est pas le [&hellip;]<\/p>\n","protected":false},"featured_media":21828,"template":"","meta":{"_acf_changed":false},"product_brand":[],"product_cat":[372,371],"product_tag":[355],"class_list":{"0":"post-29046","1":"product","2":"type-product","3":"status-publish","4":"has-post-thumbnail","6":"product_cat-femmes-sybarites","7":"product_cat-sybarite-fr","8":"product_tag-voir","9":"pa_tonalidad-de-color-77-fr","10":"pa_tonalidad-de-color-96-fr","11":"pa_tonalidad-de-color-01-fr","12":"pa_tonalidad-de-color-23-fr","14":"first","15":"instock","16":"purchasable","17":"product-type-variable"},"acf":[],"_links":{"self":[{"href":"https:\/\/suittoeyewear.com\/fr\/wp-json\/wp\/v2\/product\/29046","targetHints":{"allow":["GET"]}}],"collection":[{"href":"https:\/\/suittoeyewear.com\/fr\/wp-json\/wp\/v2\/product"}],"about":[{"href":"https:\/\/suittoeyewear.com\/fr\/wp-json\/wp\/v2\/types\/product"}],"wp:featuredmedia":[{"embeddable":true,"href":"https:\/\/suittoeyewear.com\/fr\/wp-json\/wp\/v2\/media\/21828"}],"wp:attachment":[{"href":"https:\/\/suittoeyewear.com\/fr\/wp-json\/wp\/v2\/media?parent=29046"}],"wp:term":[{"taxonomy":"product_brand","embeddable":true,"href":"https:\/\/suittoeyewear.com\/fr\/wp-json\/wp\/v2\/product_brand?post=29046"},{"taxonomy":"product_cat","embeddable":true,"href":"https:\/\/suittoeyewear.com\/fr\/wp-json\/wp\/v2\/product_cat?post=29046"},{"taxonomy":"product_tag","embeddable":true,"href":"https:\/\/suittoeyewear.com\/fr\/wp-json\/wp\/v2\/product_tag?post=29046"}],"curies":[{"name":"wp","href":"https:\/\/api.w.org\/{rel}","templated":true}]}}